{"id":99343,"date":"2023-04-28T16:30:03","date_gmt":"2023-04-28T14:30:06","guid":{"rendered":"https:\/\/lilleogsnille.com\/?post_type=product&#038;p=99343"},"modified":"2025-05-20T16:32:22","modified_gmt":"2025-05-20T14:32:22","slug":"linen-shirt-with-peter-pan-collar-women","status":"publish","type":"product","link":"https:\/\/lilleogsnille.com\/no\/product\/linen-shirt-with-peter-pan-collar-women\/","title":{"rendered":"Linskjorte Lee med peter pan krage, dame"},"content":{"rendered":"<p>Denne skjorten er laget av 100 % h\u00f8ykvalitets lin fra Europa.<\/p>\n<p>I tidl\u00f8s design med peter pan krage.<br \/>\nP\u00e5 forsiden har den fine knapper av kokos. Armene er litt kortere, 7\/8 &#8211; lengde.<\/p>\n<p>Skjorten er ogs\u00e5 perfekt som en tynn jakke til kaldere sommerdager\/kvelder.<\/p>\n<p>Den er h\u00e5ndlaget og spesiallaget for deg etter bestillingen din. Du er velkommen til \u00e5 sende meg dine m\u00e5l slik at jeg kan lage skjorten for deg etter dine m\u00e5l. Det er heller ikke noe problem \u00e5 sy armene korte eller i full lengde, bare gi beskjed p\u00e5 forh\u00e5nd \ud83d\ude42<\/p>\n<p>&nbsp;<\/p>\n<p>Laget av:<\/p>\n<p>100% softened, washed linen, Oekotex 100 certified<\/p>\n<p>Lin opprinnelse: Europa<\/p>\n<p>Kokosknapper<\/p>\n<p>&nbsp;<\/p>\n<p>Materiale:<\/p>\n<p>Lin er veldig behagelig for huden. Det b\u00e5de holder den lille kj\u00f8lig om sommeren, men ogs\u00e5 hyggelig og varm p\u00e5 kaldere dager.<\/p>\n<p>Care<\/p>\n<p>Vask i 30 grader finvask, ikke t\u00f8rketrommel.<\/p>\n<p class=\"p2\"><span class=\"Apple-converted-space\">           <\/span><\/p>\n<p style=\"text-align: center;\"><strong>Women&#8217;s Size Chart (+\/- 2 cm)<\/strong><\/p>\n<table width=\"713\">\n<tbody>\n<tr>\n<td>\n<h5>St\u00f8rrelse<\/h5>\n<\/td>\n<td>\n<h5><em>Byste<\/em><\/h5>\n<\/td>\n<td>\n<h5><em>Midje<\/em><\/h5>\n<\/td>\n<td>\n<h5><em>Hofte<\/em><\/h5>\n<\/td>\n<\/tr>\n<tr>\n<td>\n<h5>XS<\/h5>\n<\/td>\n<td>\n<h5>80 -84 cm<\/h5>\n<\/td>\n<td>\n<h5>64-68 cm<\/h5>\n<\/td>\n<td>\n<h5>88-92 cm<\/h5>\n<\/td>\n<\/tr>\n<tr>\n<td>\n<h5>S<\/h5>\n<\/td>\n<td>\n<h5>84-88 cm<\/h5>\n<\/td>\n<td>\n<h5>68-72 cm<\/h5>\n<\/td>\n<td>\n<h5>92-96 cm<\/h5>\n<\/td>\n<\/tr>\n<tr>\n<td>\n<h5>M<\/h5>\n<\/td>\n<td>\n<h5>88-94 cm<\/h5>\n<\/td>\n<td>\n<h5>72-78 cm<\/h5>\n<\/td>\n<td>\n<h5>96-102 cm<\/h5>\n<\/td>\n<\/tr>\n<tr>\n<td>\n<h5>L<\/h5>\n<\/td>\n<td>\n<h5>94-100 cm<\/h5>\n<\/td>\n<td>\n<h5>78-84 cm<\/h5>\n<\/td>\n<td>\n<h5>102-108 cm<\/h5>\n<\/td>\n<\/tr>\n<tr>\n<td>\n<h5>XL<\/h5>\n<\/td>\n<td>\n<h5>100-108 cm<\/h5>\n<\/td>\n<td>\n<h5>84-92 cm<\/h5>\n<\/td>\n<td>\n<h5>108-116 cm<\/h5>\n<\/td>\n<\/tr>\n<\/tbody>\n<\/table>\n<p>&nbsp;<\/p>\n<p>&nbsp;<\/p>\n<p>&nbsp;<\/p>\n<p class=\"p1\"><span class=\"Apple-converted-space\">              <\/span><span class=\"s1\"><span class=\"Apple-converted-space\"> <\/span><\/span><\/p>\n","protected":false},"excerpt":{"rendered":"<p>Denne skjorten er laget av 100 % h\u00f8ykvalitets lin fra Europa. I tidl\u00f8s design med peter pan krage. P\u00e5 forsiden har den fine knapper av kokos. Armene er litt kortere, 7\/8 &#8211; lengde. Skjorten er ogs\u00e5 perfekt som en tynn jakke til kaldere sommerdager\/kvelder. Den er h\u00e5ndlaget og spesiallaget for deg etter bestillingen din. Du [&hellip;]<\/p>\n","protected":false},"featured_media":106553,"comment_status":"closed","ping_status":"closed","template":"","meta":{"_coblocks_attr":"","_coblocks_dimensions":"","_coblocks_responsive_height":"","_coblocks_accordion_ie_support":"","_crdt_document":"","advanced_seo_description":"","jetpack_seo_html_title":"","jetpack_seo_noindex":false,"jetpack_publicize_message":"","jetpack_publicize_feature_enabled":true,"jetpack_social_post_already_shared":true,"jetpack_social_options":{"image_generator_settings":{"template":"highway","default_image_id":0,"font":"","enabled":false},"version":2},"_wpas_customize_per_network":false},"product_brand":[],"product_cat":[8843,8951],"product_tag":[],"class_list":{"0":"post-99343","1":"product","2":"type-product","3":"status-publish","4":"has-post-thumbnail","6":"product_cat-new-no","7":"product_cat-til-mamma","8":"product_shipping_class-norway-no","9":"pa_colorproduct-beige-no","10":"pa_colorproduct-brown-no","11":"pa_colorproduct-burnt-orange-no","12":"pa_colorproduct-camel-no","13":"pa_colorproduct-checkered-no","14":"pa_colorproduct-cocoa-no","15":"pa_colorproduct-grey-no","16":"pa_colorproduct-misty-rose-no","17":"pa_colorproduct-navy-no","18":"pa_colorproduct-sand-no-2","19":"pa_colorproduct-stripes-no","20":"pa_colorproduct-winter-sky-no","22":"first","23":"instock","24":"taxable","25":"shipping-taxable","26":"purchasable","27":"product-type-variable","28":"has-default-attributes"},"jetpack_publicize_connections":[],"jetpack_likes_enabled":true,"jetpack_sharing_enabled":true,"_links":{"self":[{"href":"https:\/\/lilleogsnille.com\/no\/wp-json\/wp\/v2\/product\/99343","targetHints":{"allow":["GET"]}}],"collection":[{"href":"https:\/\/lilleogsnille.com\/no\/wp-json\/wp\/v2\/product"}],"about":[{"href":"https:\/\/lilleogsnille.com\/no\/wp-json\/wp\/v2\/types\/product"}],"replies":[{"embeddable":true,"href":"https:\/\/lilleogsnille.com\/no\/wp-json\/wp\/v2\/comments?post=99343"}],"wp:featuredmedia":[{"embeddable":true,"href":"https:\/\/lilleogsnille.com\/no\/wp-json\/wp\/v2\/media\/106553"}],"wp:attachment":[{"href":"https:\/\/lilleogsnille.com\/no\/wp-json\/wp\/v2\/media?parent=99343"}],"wp:term":[{"taxonomy":"product_brand","embeddable":true,"href":"https:\/\/lilleogsnille.com\/no\/wp-json\/wp\/v2\/product_brand?post=99343"},{"taxonomy":"product_cat","embeddable":true,"href":"https:\/\/lilleogsnille.com\/no\/wp-json\/wp\/v2\/product_cat?post=99343"},{"taxonomy":"product_tag","embeddable":true,"href":"https:\/\/lilleogsnille.com\/no\/wp-json\/wp\/v2\/product_tag?post=99343"}],"curies":[{"name":"wp","href":"https:\/\/api.w.org\/{rel}","templated":true}]}}