{"id":98584,"date":"2023-03-08T09:42:33","date_gmt":"2023-03-08T07:42:38","guid":{"rendered":"https:\/\/lilleogsnille.com\/?post_type=product&#038;p=98584"},"modified":"2025-05-20T16:19:01","modified_gmt":"2025-05-20T14:19:01","slug":"woolen-coat-for-woman-pure","status":"publish","type":"product","link":"https:\/\/lilleogsnille.com\/no\/product\/woolen-coat-for-woman-pure\/","title":{"rendered":"Ullk\u00e5pe til dame, PURE"},"content":{"rendered":"<p>Denne elegante og tidl\u00f8se k\u00e5pen er perfekt \u00e5 ha p\u00e5 i kaldt v\u00e6r!<\/p>\n<p>Den passer for h\u00f8st, vinter og v\u00e5r.<\/p>\n<p>Den komplette k\u00e5pen er laget av 100 % varm, ren ny ull (kokt ull).<\/p>\n<p>Takket v\u00e6re ullen er denne jakken vann-avst\u00f8tende og pustende.<\/p>\n<p>Denne jakken har litt st\u00f8rre passform. Du er velkommen til \u00e5 sende meg dine m\u00e5l i cm (chest, waist, hip).<\/p>\n<p>Laget av:<\/p>\n<p>100 % virgin ull (kokt ull): Oekotex 100 sertifisert, produsert i Europa<\/p>\n<p>Materiale:<\/p>\n<p>Kokt ull<\/p>\n<p>Kokt ull er et naturlig produkt. Gjennom kokeprosessen blir ullen strammere og veldig tett. Den er derfor varmere og motstandsdyktig mot vann og vind.<\/p>\n<p>Care<\/p>\n<p>Naturlig ull inneholder lanolin (ullvoks), som gir den antibakterielle egenskaper. Ullstoffer trenger ikke \u00e5 rengj\u00f8res veldig ofte. Lanolinen forhindrer at den lukter og holder den ren. Grovt smuss kan fjernes med en fuktig klut n\u00e5r den t\u00f8rkes. Du b\u00f8r ogs\u00e5 lufte produktet fra tid til annen. Hvis du virkelig trenger \u00e5 vaske den, kan du bruke h\u00e5ndvask med kaldt vann og ullvaskemiddel og t\u00f8rke flatt.<\/p>\n<p>&nbsp;<\/p>\n<p style=\"text-align: center;\"><strong>Women&#8217;s Size Chart (+\/- 2 cm)<\/strong><\/p>\n<table width=\"713\">\n<tbody>\n<tr>\n<td>\n<h5>St\u00f8rrelse<\/h5>\n<\/td>\n<td>\n<h5><em>Byste<\/em><\/h5>\n<\/td>\n<td>\n<h5><em>Midje<\/em><\/h5>\n<\/td>\n<td>\n<h5><em>Hofte<\/em><\/h5>\n<\/td>\n<\/tr>\n<tr>\n<td>\n<h5>XS<\/h5>\n<\/td>\n<td>\n<h5>80 -84 cm<\/h5>\n<\/td>\n<td>\n<h5>64-68 cm<\/h5>\n<\/td>\n<td>\n<h5>88-92 cm<\/h5>\n<\/td>\n<\/tr>\n<tr>\n<td>\n<h5>S<\/h5>\n<\/td>\n<td>\n<h5>84-88 cm<\/h5>\n<\/td>\n<td>\n<h5>68-72 cm<\/h5>\n<\/td>\n<td>\n<h5>92-96 cm<\/h5>\n<\/td>\n<\/tr>\n<tr>\n<td>\n<h5>M<\/h5>\n<\/td>\n<td>\n<h5>88-94 cm<\/h5>\n<\/td>\n<td>\n<h5>72-78 cm<\/h5>\n<\/td>\n<td>\n<h5>96-102 cm<\/h5>\n<\/td>\n<\/tr>\n<tr>\n<td>\n<h5>L<\/h5>\n<\/td>\n<td>\n<h5>94-100 cm<\/h5>\n<\/td>\n<td>\n<h5>78-84 cm<\/h5>\n<\/td>\n<td>\n<h5>102-108 cm<\/h5>\n<\/td>\n<\/tr>\n<tr>\n<td>\n<h5>XL<\/h5>\n<\/td>\n<td>\n<h5>100-108 cm<\/h5>\n<\/td>\n<td>\n<h5>84-92 cm<\/h5>\n<\/td>\n<td>\n<h5>108-116 cm<\/h5>\n<\/td>\n<\/tr>\n<\/tbody>\n<\/table>\n<p>&nbsp;<\/p>\n<p>&nbsp;<\/p>\n","protected":false},"excerpt":{"rendered":"<p>Denne elegante og tidl\u00f8se k\u00e5pen er perfekt \u00e5 ha p\u00e5 i kaldt v\u00e6r! Den passer for h\u00f8st, vinter og v\u00e5r. Den komplette k\u00e5pen er laget av 100 % varm, ren ny ull (kokt ull). Takket v\u00e6re ullen er denne jakken vann-avst\u00f8tende og pustende. Denne jakken har litt st\u00f8rre passform. Du er velkommen til \u00e5 sende [&hellip;]<\/p>\n","protected":false},"featured_media":99761,"comment_status":"closed","ping_status":"closed","template":"","meta":{"_coblocks_attr":"","_coblocks_dimensions":"","_coblocks_responsive_height":"","_coblocks_accordion_ie_support":"","_crdt_document":"","advanced_seo_description":"","jetpack_seo_html_title":"","jetpack_seo_noindex":false,"jetpack_publicize_message":"","jetpack_publicize_feature_enabled":true,"jetpack_social_post_already_shared":true,"jetpack_social_options":{"image_generator_settings":{"template":"highway","default_image_id":0,"font":"","enabled":false},"version":2},"_wpas_customize_per_network":false},"product_brand":[],"product_cat":[8843,8951],"product_tag":[],"class_list":{"0":"post-98584","1":"product","2":"type-product","3":"status-publish","4":"has-post-thumbnail","6":"product_cat-new-no","7":"product_cat-til-mamma","8":"product_shipping_class-europe-no","9":"pa_colorproduct-beige-melange-no","10":"pa_colorproduct-brown-melange-no","11":"pa_colorproduct-curry-no","12":"pa_colorproduct-dusty-rose-no","13":"pa_colorproduct-grey-melange-no","14":"pa_colorproduct-navy-no","15":"pa_colorproduct-plum-no","17":"first","18":"instock","19":"taxable","20":"shipping-taxable","21":"purchasable","22":"product-type-variable","23":"has-default-attributes"},"jetpack_publicize_connections":[],"jetpack_likes_enabled":true,"jetpack_sharing_enabled":true,"_links":{"self":[{"href":"https:\/\/lilleogsnille.com\/no\/wp-json\/wp\/v2\/product\/98584","targetHints":{"allow":["GET"]}}],"collection":[{"href":"https:\/\/lilleogsnille.com\/no\/wp-json\/wp\/v2\/product"}],"about":[{"href":"https:\/\/lilleogsnille.com\/no\/wp-json\/wp\/v2\/types\/product"}],"replies":[{"embeddable":true,"href":"https:\/\/lilleogsnille.com\/no\/wp-json\/wp\/v2\/comments?post=98584"}],"wp:featuredmedia":[{"embeddable":true,"href":"https:\/\/lilleogsnille.com\/no\/wp-json\/wp\/v2\/media\/99761"}],"wp:attachment":[{"href":"https:\/\/lilleogsnille.com\/no\/wp-json\/wp\/v2\/media?parent=98584"}],"wp:term":[{"taxonomy":"product_brand","embeddable":true,"href":"https:\/\/lilleogsnille.com\/no\/wp-json\/wp\/v2\/product_brand?post=98584"},{"taxonomy":"product_cat","embeddable":true,"href":"https:\/\/lilleogsnille.com\/no\/wp-json\/wp\/v2\/product_cat?post=98584"},{"taxonomy":"product_tag","embeddable":true,"href":"https:\/\/lilleogsnille.com\/no\/wp-json\/wp\/v2\/product_tag?post=98584"}],"curies":[{"name":"wp","href":"https:\/\/api.w.org\/{rel}","templated":true}]}}