{"id":98446,"date":"2023-03-07T09:32:51","date_gmt":"2023-03-07T08:12:02","guid":{"rendered":"https:\/\/lilleogsnille.com\/product\/merino-beanie-double-fold\/"},"modified":"2024-10-23T14:24:50","modified_gmt":"2024-10-23T12:24:50","slug":"merino-beanie-double-fold","status":"publish","type":"product","link":"https:\/\/lilleogsnille.com\/no\/product\/merino-beanie-double-fold\/","title":{"rendered":"Merino Beanie, double fold"},"content":{"rendered":"<p>Den varme og komfortable luen er laget av ekstra fin merinoull.<\/p>\n<p>Perfekt \u00e5 ha p\u00e5 hele \u00e5ret.<\/p>\n<p>&nbsp;<\/p>\n<p>Takket v\u00e6re ullen er denne luen vann- og smussavvisende og pustende.<\/p>\n<p>Laget av:<\/p>\n<p>100% Merinoull, Oekotex 100 sertifisert, mulesing fri og RWS sertifisert.<\/p>\n<p>&nbsp;<\/p>\n<p>&nbsp;<\/p>\n<p>Materiale:<\/p>\n<p>Merinoull<\/p>\n<p>Ull er et naturprodukt og merinoullen er extra myk og behagelig. Denne luen er laget av to lag merinoull og perfekt \u00e5 ha p\u00e5 hele \u00e5ret.<\/p>\n<p>Care<\/p>\n<p>Naturlig ull inneholder lanolin (ullvoks), som gir den antibakterielle egenskaper. Ullstoffer trenger ikke \u00e5 rengj\u00f8res veldig ofte. Lanolinen forhindrer at den lukter og holder den ren. Grovt smuss kan fjernes med en fuktig klut n\u00e5r den t\u00f8rkes. Du b\u00f8r ogs\u00e5 lufte produktet fra tid til annen. Hvis du virkelig trenger \u00e5 vaske den, kan du bruke h\u00e5ndvask med kaldt vann og ullvaskemiddel og t\u00f8rke flatt.<\/p>\n<p>Produkter med f\u00f4r: F\u00f4ret er allerede forvasket forsiktig og produktet er klart til bruk.<\/p>\n","protected":false},"excerpt":{"rendered":"<p>Den varme og komfortable luen er laget av ekstra fin merinoull. Perfekt \u00e5 ha p\u00e5 hele \u00e5ret. &nbsp; Takket v\u00e6re ullen er denne luen vann- og smussavvisende og pustende. Laget av: 100% Merinoull, Oekotex 100 sertifisert, mulesing fri og RWS sertifisert. &nbsp; &nbsp; Materiale: Merinoull Ull er et naturprodukt og merinoullen er extra myk og [&hellip;]<\/p>\n","protected":false},"featured_media":101904,"comment_status":"closed","ping_status":"closed","template":"","meta":{"_coblocks_attr":"","_coblocks_dimensions":"","_coblocks_responsive_height":"","_coblocks_accordion_ie_support":"","_crdt_document":"","advanced_seo_description":"","jetpack_seo_html_title":"","jetpack_seo_noindex":false,"jetpack_publicize_message":"","jetpack_publicize_feature_enabled":true,"jetpack_social_post_already_shared":true,"jetpack_social_options":{"image_generator_settings":{"template":"highway","default_image_id":0,"font":"","enabled":false},"version":2},"_wpas_customize_per_network":false},"product_brand":[],"product_cat":[8843,8951,8373,8850],"product_tag":[],"class_list":{"0":"post-98446","1":"product","2":"type-product","3":"status-publish","4":"has-post-thumbnail","6":"product_cat-new-no","7":"product_cat-til-mamma","8":"product_cat-tilbehor","9":"product_cat-ullklaer","10":"product_shipping_class-norway-no","11":"pa_colorproduct-curry-no","12":"pa_colorproduct-fuchsia-no","13":"pa_colorproduct-heather","14":"pa_colorproduct-moss-green","15":"pa_colorproduct-navy-no","16":"pa_colorproduct-rust-no","17":"pa_colorproduct-taupe","19":"first","20":"instock","21":"taxable","22":"shipping-taxable","23":"purchasable","24":"product-type-variable","25":"has-default-attributes"},"jetpack_publicize_connections":[],"jetpack_likes_enabled":true,"jetpack_sharing_enabled":true,"_links":{"self":[{"href":"https:\/\/lilleogsnille.com\/no\/wp-json\/wp\/v2\/product\/98446","targetHints":{"allow":["GET"]}}],"collection":[{"href":"https:\/\/lilleogsnille.com\/no\/wp-json\/wp\/v2\/product"}],"about":[{"href":"https:\/\/lilleogsnille.com\/no\/wp-json\/wp\/v2\/types\/product"}],"replies":[{"embeddable":true,"href":"https:\/\/lilleogsnille.com\/no\/wp-json\/wp\/v2\/comments?post=98446"}],"wp:featuredmedia":[{"embeddable":true,"href":"https:\/\/lilleogsnille.com\/no\/wp-json\/wp\/v2\/media\/101904"}],"wp:attachment":[{"href":"https:\/\/lilleogsnille.com\/no\/wp-json\/wp\/v2\/media?parent=98446"}],"wp:term":[{"taxonomy":"product_brand","embeddable":true,"href":"https:\/\/lilleogsnille.com\/no\/wp-json\/wp\/v2\/product_brand?post=98446"},{"taxonomy":"product_cat","embeddable":true,"href":"https:\/\/lilleogsnille.com\/no\/wp-json\/wp\/v2\/product_cat?post=98446"},{"taxonomy":"product_tag","embeddable":true,"href":"https:\/\/lilleogsnille.com\/no\/wp-json\/wp\/v2\/product_tag?post=98446"}],"curies":[{"name":"wp","href":"https:\/\/api.w.org\/{rel}","templated":true}]}}