{"id":98096,"date":"2023-02-21T12:02:14","date_gmt":"2023-02-21T10:02:17","guid":{"rendered":"https:\/\/lilleogsnille.com\/?post_type=product&#038;p=98096"},"modified":"2024-10-18T12:48:31","modified_gmt":"2024-10-18T10:48:31","slug":"woolen-trousers-ranja-virgin-wool","status":"publish","type":"product","link":"https:\/\/lilleogsnille.com\/no\/product\/woolen-trousers-ranja-virgin-wool\/","title":{"rendered":"Ullbukse Ranja, ren ny ull"},"content":{"rendered":"<p>Denne stilige ullbuksen er perfekt \u00e5 ha p\u00e5 i kaldt v\u00e6r! Perfekt for vinterdager! Men kan ogs\u00e5 brukes in h\u00f8sten\/v\u00e5ren.<\/p>\n<p>Laget av ren ny ull med mansjettene i myk merinoull.<\/p>\n<p>Designed i relaxed fit, s\u00e5 den passer veldig lenge. S\u00e5 f\u00e5r du mye glede med den!<\/p>\n<p>Du kan velge mellom basis bukse og den med ekstra knebeskyttelse (dobbeltlags ullstoff p\u00e5 kneet, perfekt for litt eldre barn som kan allerede g\u00e5r).<\/p>\n<p>Hvis du ikke er sikker p\u00e5 st\u00f8rrelsen er du velkommen til \u00e5 kontakte meg p\u00e5 forh\u00e5nd og sende meg m\u00e5lene til den lille (h\u00f8yde fra topp til t\u00e5, midjeomkrets).<\/p>\n<p>Takket v\u00e6re ullen er disse buksene vann- og smussavvisende og pustende. Den er perfekt for utend\u00f8rs og holder den lille t\u00f8rr og varm, men ikke for varm! Det er ment \u00e5 ha p\u00e5 seg som et topplag med bukser eller str\u00f8mpebukser \/ ull under.<\/p>\n<p>&nbsp;<\/p>\n<p>Laget av:<\/p>\n<p>100% ren ny ull, Oekotex 100 sertifisert, mulesing fri<\/p>\n<p>Mansjettene p\u00e5 ben: 97% kbt merino ull, mulesing free , 3% elastane, Gots sertifisert<\/p>\n<p>Strikk i hoften<\/p>\n<p>Materiale:<\/p>\n<p>Kokt ull<\/p>\n<p>Kokt ull er et naturlig produkt. Gjennom kokeprosessen blir ullen strammere og veldig tett. Den er derfor varmere og motstandsdyktig mot vann og vind.<\/p>\n<p>Care<\/p>\n<p>Naturlig ull inneholder lanolin (ullvoks), som gir den antibakterielle egenskaper. Ullstoffer trenger ikke \u00e5 rengj\u00f8res veldig ofte. Lanolinen forhindrer at den lukter og holder den ren. Grovt smuss kan fjernes med en fuktig klut n\u00e5r den t\u00f8rkes. Du b\u00f8r ogs\u00e5 lufte produktet fra tid til annen. Hvis du virkelig trenger \u00e5 vaske den, kan du bruke h\u00e5ndvask med kaldt vann og ullvaskemiddel og t\u00f8rke flatt.<\/p>\n<p>Produkter med f\u00f4r: F\u00f4ret er allerede forvasket forsiktig og produktet er klart til bruk.<\/p>\n<p>Ullgenserne p\u00e5 bildene er fra @linka.neumann<\/p>\n","protected":false},"excerpt":{"rendered":"<p>Denne stilige ullbuksen er perfekt \u00e5 ha p\u00e5 i kaldt v\u00e6r! Perfekt for vinterdager! Men kan ogs\u00e5 brukes in h\u00f8sten\/v\u00e5ren. Laget av ren ny ull med mansjettene i myk merinoull. Designed i relaxed fit, s\u00e5 den passer veldig lenge. S\u00e5 f\u00e5r du mye glede med den! Du kan velge mellom basis bukse og den med [&hellip;]<\/p>\n","protected":false},"featured_media":105401,"comment_status":"closed","ping_status":"closed","template":"","meta":{"_coblocks_attr":"","_coblocks_dimensions":"","_coblocks_responsive_height":"","_coblocks_accordion_ie_support":"","_crdt_document":"","advanced_seo_description":"","jetpack_seo_html_title":"","jetpack_seo_noindex":false,"jetpack_publicize_message":"","jetpack_publicize_feature_enabled":true,"jetpack_social_post_already_shared":true,"jetpack_social_options":{"image_generator_settings":{"template":"highway","default_image_id":0,"font":"","enabled":false},"version":2},"_wpas_customize_per_network":false},"product_brand":[],"product_cat":[8847,8843,8850],"product_tag":[],"class_list":{"0":"post-98096","1":"product","2":"type-product","3":"status-publish","4":"has-post-thumbnail","6":"product_cat-bukser","7":"product_cat-new-no","8":"product_cat-ullklaer","9":"pa_colorproduct-beige-melange-no","10":"pa_colorproduct-brown-melange-no","11":"pa_colorproduct-curry-no","12":"pa_colorproduct-dusty-rose-no","13":"pa_colorproduct-grey-melange-no","14":"pa_colorproduct-navy-no","15":"pa_colorproduct-plum-no","16":"pa_colorproduct-rust-no","17":"pa_size-eu-104-110-cm-no","18":"pa_size-eu-110-116-cm-no","19":"pa_size-eu-116-122-cm-no","20":"pa_size-eu-122-128-cm","21":"pa_size-eu-128-134-cm","22":"pa_size-eu-50-56-cm-no","23":"pa_size-eu-56-62-cm-no","24":"pa_size-eu-62-68-cm-no","25":"pa_size-eu-68-74-cm-no","26":"pa_size-eu-74-80-cm-no","27":"pa_size-eu-80-86-cm-no","28":"pa_size-eu-86-92-cm-no","29":"pa_size-eu-92-98-cm-no","30":"pa_size-eu-98-104-cm-no","32":"first","33":"instock","34":"taxable","35":"shipping-taxable","36":"purchasable","37":"product-type-variable","38":"has-default-attributes"},"jetpack_publicize_connections":[],"jetpack_likes_enabled":true,"jetpack_sharing_enabled":true,"_links":{"self":[{"href":"https:\/\/lilleogsnille.com\/no\/wp-json\/wp\/v2\/product\/98096","targetHints":{"allow":["GET"]}}],"collection":[{"href":"https:\/\/lilleogsnille.com\/no\/wp-json\/wp\/v2\/product"}],"about":[{"href":"https:\/\/lilleogsnille.com\/no\/wp-json\/wp\/v2\/types\/product"}],"replies":[{"embeddable":true,"href":"https:\/\/lilleogsnille.com\/no\/wp-json\/wp\/v2\/comments?post=98096"}],"wp:featuredmedia":[{"embeddable":true,"href":"https:\/\/lilleogsnille.com\/no\/wp-json\/wp\/v2\/media\/105401"}],"wp:attachment":[{"href":"https:\/\/lilleogsnille.com\/no\/wp-json\/wp\/v2\/media?parent=98096"}],"wp:term":[{"taxonomy":"product_brand","embeddable":true,"href":"https:\/\/lilleogsnille.com\/no\/wp-json\/wp\/v2\/product_brand?post=98096"},{"taxonomy":"product_cat","embeddable":true,"href":"https:\/\/lilleogsnille.com\/no\/wp-json\/wp\/v2\/product_cat?post=98096"},{"taxonomy":"product_tag","embeddable":true,"href":"https:\/\/lilleogsnille.com\/no\/wp-json\/wp\/v2\/product_tag?post=98096"}],"curies":[{"name":"wp","href":"https:\/\/api.w.org\/{rel}","templated":true}]}}