{"id":95984,"date":"2022-11-21T10:21:40","date_gmt":"2022-11-21T08:21:45","guid":{"rendered":"https:\/\/lilleogsnille.com\/?post_type=product&#038;p=95984"},"modified":"2024-12-28T21:54:51","modified_gmt":"2024-12-28T19:54:51","slug":"lined-woolen-bodysuit-mika","status":"publish","type":"product","link":"https:\/\/lilleogsnille.com\/no\/product\/lined-woolen-bodysuit-mika\/","title":{"rendered":"Foret ulldress MIKA"},"content":{"rendered":"<p>Denne s\u00f8te dressen er perfekt \u00e5 ha p\u00e5 i kaldt v\u00e6r!<\/p>\n<p>Laget er den i 100% ren ny ull( kokt ull) med ribb i myk \u00f8kologisk merinoull.<br \/>\nHele dressen er foret. Hetten er foret med varm \u00f8kologisk bomullsteddy og resten er foret med mykt \u00f8kologisk bomull i beige.<\/p>\n<p>Merino mansjettene er i matchende farge til ullen og ekstra lange, s\u00e5 bodysuiten vokser med den lille en god stund.<\/p>\n<p>Veldig stilig!<\/p>\n<p>Takket v\u00e6re ullen er denne uldressen vannavst\u00f8tende og pustende. Den er perfekt for utend\u00f8rs og holder den lille t\u00f8rr og varm, men ikke for varm! Den er ogs\u00e5 perfekt for \u00e5 sove i barnevognen ute.<\/p>\n<p>Den kommer romslig i st\u00f8rrellsen og vokser sammen med den lille en god stund p\u00e5 grunn av de lange mansjettene p\u00e5 armer og ben. S\u00e5 f\u00e5r du mye glede med den! Hvis du ikke er sikker p\u00e5 st\u00f8rrelsen, kan du kontakte meg p\u00e5 forh\u00e5nd eller skrive meg m\u00e5lingene til den lille (fra topp til t\u00e5, st\u00f8rrelse p\u00e5 magen)<\/p>\n<p>&nbsp;<\/p>\n<p>Laget av:<\/p>\n<p>100% ren ny ull, Oekotex 100 sertifisert, mulesing fri<\/p>\n<p>For hette og kropp: 100% \u00f8kologisk bomull, GOTS sertifisert<\/p>\n<p>Mansjetter: 97% merino ull, kbt, mulesing fri, 3 % elastane, GOTS sertifisert<\/p>\n<p>&nbsp;<\/p>\n<p>Materiale:<\/p>\n<p>Kokt ull<\/p>\n<p>Kokt ull er et naturlig produkt. Gjennom kokeprosessen blir ullen strammere og veldig tett. Den er derfor varmere og motstandsdyktig mot vann og vind.<\/p>\n<p>Care<\/p>\n<p>Naturlig ull inneholder lanolin (ullvoks), som gir den antibakterielle egenskaper. Ullstoffer trenger ikke \u00e5 rengj\u00f8res veldig ofte. Lanolinen forhindrer at den lukter og holder den ren. Grovt smuss kan fjernes med en fuktig klut n\u00e5r den t\u00f8rkes. Du b\u00f8r ogs\u00e5 lufte produktet fra tid til annen. Hvis du virkelig trenger \u00e5 vaske den, kan du bruke h\u00e5ndvask med kaldt vann og ullvaskemiddel og t\u00f8rke flatt.<\/p>\n<p>Produkter med f\u00f4r: F\u00f4ret er allerede forvasket forsiktig og produktet er klart til bruk.<\/p>\n","protected":false},"excerpt":{"rendered":"<p>Denne s\u00f8te dressen er perfekt \u00e5 ha p\u00e5 i kaldt v\u00e6r! Laget er den i 100% ren ny ull( kokt ull) med ribb i myk \u00f8kologisk merinoull. Hele dressen er foret. Hetten er foret med varm \u00f8kologisk bomullsteddy og resten er foret med mykt \u00f8kologisk bomull i beige. Merino mansjettene er i matchende farge til [&hellip;]<\/p>\n","protected":false},"featured_media":101799,"comment_status":"open","ping_status":"closed","template":"","meta":{"_coblocks_attr":"","_coblocks_dimensions":"","_coblocks_responsive_height":"","_coblocks_accordion_ie_support":"","_crdt_document":"","advanced_seo_description":"","jetpack_seo_html_title":"","jetpack_seo_noindex":false,"jetpack_publicize_message":"","jetpack_publicize_feature_enabled":true,"jetpack_social_post_already_shared":true,"jetpack_social_options":{"image_generator_settings":{"template":"highway","default_image_id":0,"font":"","enabled":false},"version":2},"_wpas_customize_per_network":false},"product_brand":[],"product_cat":[8377,8843,8850],"product_tag":[],"class_list":{"0":"post-95984","1":"product","2":"type-product","3":"status-publish","4":"has-post-thumbnail","6":"product_cat-heldress","7":"product_cat-new-no","8":"product_cat-ullklaer","9":"product_shipping_class-norway-no","10":"pa_colorproduct-beige-melange-no","11":"pa_colorproduct-brown-melange-no","12":"pa_colorproduct-curry-no","13":"pa_colorproduct-dusty-rose-no","14":"pa_colorproduct-grey-melange-no","15":"pa_colorproduct-navy-no","16":"pa_colorproduct-plum-no","17":"pa_colorproduct-rust-no","18":"pa_size-eu-104-110-cm-no","19":"pa_size-eu-44-50-cm-no","20":"pa_size-eu-50-56-cm-no","21":"pa_size-eu-56-62-cm-no","22":"pa_size-eu-62-68-cm-no","23":"pa_size-eu-68-74-cm-no","24":"pa_size-eu-74-80-cm-no","25":"pa_size-eu-80-86-cm-no","26":"pa_size-eu-86-92-cm-no","27":"pa_size-eu-92-98-cm-no","28":"pa_size-eu-98-104-cm-no","30":"first","31":"instock","32":"taxable","33":"shipping-taxable","34":"purchasable","35":"product-type-variable","36":"has-default-attributes"},"jetpack_publicize_connections":[],"jetpack_likes_enabled":true,"jetpack_sharing_enabled":true,"_links":{"self":[{"href":"https:\/\/lilleogsnille.com\/no\/wp-json\/wp\/v2\/product\/95984","targetHints":{"allow":["GET"]}}],"collection":[{"href":"https:\/\/lilleogsnille.com\/no\/wp-json\/wp\/v2\/product"}],"about":[{"href":"https:\/\/lilleogsnille.com\/no\/wp-json\/wp\/v2\/types\/product"}],"replies":[{"embeddable":true,"href":"https:\/\/lilleogsnille.com\/no\/wp-json\/wp\/v2\/comments?post=95984"}],"wp:featuredmedia":[{"embeddable":true,"href":"https:\/\/lilleogsnille.com\/no\/wp-json\/wp\/v2\/media\/101799"}],"wp:attachment":[{"href":"https:\/\/lilleogsnille.com\/no\/wp-json\/wp\/v2\/media?parent=95984"}],"wp:term":[{"taxonomy":"product_brand","embeddable":true,"href":"https:\/\/lilleogsnille.com\/no\/wp-json\/wp\/v2\/product_brand?post=95984"},{"taxonomy":"product_cat","embeddable":true,"href":"https:\/\/lilleogsnille.com\/no\/wp-json\/wp\/v2\/product_cat?post=95984"},{"taxonomy":"product_tag","embeddable":true,"href":"https:\/\/lilleogsnille.com\/no\/wp-json\/wp\/v2\/product_tag?post=95984"}],"curies":[{"name":"wp","href":"https:\/\/api.w.org\/{rel}","templated":true}]}}