{"id":94972,"date":"2022-09-16T09:06:44","date_gmt":"2022-09-16T07:06:44","guid":{"rendered":"https:\/\/lilleogsnille.com\/?post_type=product&#038;p=94972"},"modified":"2025-01-08T13:42:01","modified_gmt":"2025-01-08T11:42:01","slug":"balaclava-lille-bjorn-virgin-wool-2","status":"publish","type":"product","link":"https:\/\/lilleogsnille.com\/no\/product\/balaclava-lille-bjorn-virgin-wool-2\/","title":{"rendered":"Balaklava &laquo;Lille bj\u00f8rn&raquo;, ren ull"},"content":{"rendered":"<p>Denne s\u00f8te hatten er perfekt \u00e5 ha p\u00e5 i kaldt v\u00e6r og holder den lille fin og varm.<\/p>\n<p>Den er laget av varm ren ull (100 % ull, fotofarge: beige melange).<br \/>\nForet er den med mykt \u00f8kologisk bomull med beige-creme striper.<\/p>\n<p>Takket v\u00e6re ullen er denne luen vann- og smussavvisende og pustende. Den er perfekt for utend\u00f8rs og holder den lille t\u00f8rr og varm, men ikke for varm! Den er ogs\u00e5 perfekt for \u00e5 sove i barnevognen ute og bli der den skal! \ud83d\ude42<\/p>\n<p>&nbsp;<\/p>\n<p>Laget av:<\/p>\n<p>100% virgin ull<\/p>\n<p>F\u00f4r hette: 100% \u00f8kologisk bomull, GOTS-sertifisert<\/p>\n<p>Mansjettene: 96% okologisk bomull, 4 % Elastane, GOTS sertifisert<\/p>\n<p>&nbsp;<\/p>\n<p><strong>Materiale:<\/strong><\/p>\n<p>Kokt ull<\/p>\n<p>Kokt ull er et naturlig produkt. Gjennom kokeprosessen blir ullen strammere og veldig tett. Den er derfor varmere og motstandsdyktig mot vann og vind.<\/p>\n<p>Care<\/p>\n<p>Naturlig ull inneholder lanolin (ullvoks), som gir den antibakterielle egenskaper. Ullstoffer trenger ikke \u00e5 rengj\u00f8res veldig ofte. Lanolinen forhindrer at den lukter og holder den ren. Grovt smuss kan fjernes med en fuktig klut n\u00e5r den t\u00f8rkes. Du b\u00f8r ogs\u00e5 lufte produktet fra tid til annen. Hvis du virkelig trenger \u00e5 vaske den, kan du bruke h\u00e5ndvask med kaldt vann og ullvaskemiddel og t\u00f8rke flatt.<\/p>\n<p>Produkter med f\u00f4r: F\u00f4ret er allerede forvasket forsiktig og produktet er klart til bruk.<\/p>\n","protected":false},"excerpt":{"rendered":"<p>Denne s\u00f8te hatten er perfekt \u00e5 ha p\u00e5 i kaldt v\u00e6r og holder den lille fin og varm. Den er laget av varm ren ull (100 % ull, fotofarge: beige melange). Foret er den med mykt \u00f8kologisk bomull med beige-creme striper. Takket v\u00e6re ullen er denne luen vann- og smussavvisende og pustende. Den er perfekt [&hellip;]<\/p>\n","protected":false},"featured_media":95389,"comment_status":"closed","ping_status":"closed","template":"","meta":{"_coblocks_attr":"","_coblocks_dimensions":"","_coblocks_responsive_height":"","_coblocks_accordion_ie_support":"","_crdt_document":"","advanced_seo_description":"","jetpack_seo_html_title":"","jetpack_seo_noindex":false,"jetpack_publicize_message":"","jetpack_publicize_feature_enabled":true,"jetpack_social_post_already_shared":true,"jetpack_social_options":{"image_generator_settings":{"template":"highway","default_image_id":0,"font":"","enabled":false},"version":2},"_wpas_customize_per_network":false},"product_brand":[],"product_cat":[8843,8373,8850],"product_tag":[],"class_list":{"0":"post-94972","1":"product","2":"type-product","3":"status-publish","4":"has-post-thumbnail","6":"product_cat-new-no","7":"product_cat-tilbehor","8":"product_cat-ullklaer","9":"pa_colorproduct-beige-melange-no","10":"pa_colorproduct-brown-melange-no","11":"pa_colorproduct-curry-no","12":"pa_colorproduct-dusty-rose-no","13":"pa_colorproduct-grey-melange-no","14":"pa_colorproduct-navy-no","15":"pa_colorproduct-plum-no","16":"pa_colorproduct-rust-no","18":"first","19":"instock","20":"taxable","21":"shipping-taxable","22":"purchasable","23":"product-type-variable","24":"has-default-attributes"},"jetpack_publicize_connections":[],"jetpack_likes_enabled":true,"jetpack_sharing_enabled":true,"_links":{"self":[{"href":"https:\/\/lilleogsnille.com\/no\/wp-json\/wp\/v2\/product\/94972","targetHints":{"allow":["GET"]}}],"collection":[{"href":"https:\/\/lilleogsnille.com\/no\/wp-json\/wp\/v2\/product"}],"about":[{"href":"https:\/\/lilleogsnille.com\/no\/wp-json\/wp\/v2\/types\/product"}],"replies":[{"embeddable":true,"href":"https:\/\/lilleogsnille.com\/no\/wp-json\/wp\/v2\/comments?post=94972"}],"wp:featuredmedia":[{"embeddable":true,"href":"https:\/\/lilleogsnille.com\/no\/wp-json\/wp\/v2\/media\/95389"}],"wp:attachment":[{"href":"https:\/\/lilleogsnille.com\/no\/wp-json\/wp\/v2\/media?parent=94972"}],"wp:term":[{"taxonomy":"product_brand","embeddable":true,"href":"https:\/\/lilleogsnille.com\/no\/wp-json\/wp\/v2\/product_brand?post=94972"},{"taxonomy":"product_cat","embeddable":true,"href":"https:\/\/lilleogsnille.com\/no\/wp-json\/wp\/v2\/product_cat?post=94972"},{"taxonomy":"product_tag","embeddable":true,"href":"https:\/\/lilleogsnille.com\/no\/wp-json\/wp\/v2\/product_tag?post=94972"}],"curies":[{"name":"wp","href":"https:\/\/api.w.org\/{rel}","templated":true}]}}