{"id":94747,"date":"2022-09-01T09:25:15","date_gmt":"2022-09-01T07:27:51","guid":{"rendered":"https:\/\/lilleogsnille.com\/product\/varm-ull-lue-lille-bjorn\/"},"modified":"2025-02-26T13:51:32","modified_gmt":"2025-02-26T11:51:32","slug":"woolen-hat-lille-bjorn","status":"publish","type":"product","link":"https:\/\/lilleogsnille.com\/no\/product\/woolen-hat-lille-bjorn\/","title":{"rendered":"Varm ull lue Lille bj\u00f8rn"},"content":{"rendered":"<p>Denne s\u00f8te hatten er perfekt \u00e5 ha p\u00e5 i kaldt v\u00e6r!<\/p>\n<p>Laget av varm ren ull (Fotofarge: beige melange).<br \/>\nForet er den med mykt bamsefor i farge creme.<\/p>\n<p>Du kan velge forskjellige farger p\u00e5 ullstoffet. For\/b\u00e5ndene forbli creme farget.<\/p>\n<p>Veldig stilig!<\/p>\n<p>Takket v\u00e6re ullen er denne hatten vann og smussavvisende og pustende. Den er perfekt for utend\u00f8rs og holder den lille t\u00f8rr og varm, men ikke for varm!<\/p>\n<p>&nbsp;<\/p>\n<p>Laget av:<\/p>\n<p>100% ren ny ull, Oekotex 100 sertifisert, mulesing fri<\/p>\n<p>F\u00f4r hette: 100% \u00f8kologisk bomull, GOTS-sertifisert<\/p>\n<p>B\u00e5nd: 100% \u00f8kologisk bomull, GOTS certified<\/p>\n<p>&nbsp;<\/p>\n<p>Materiale:<\/p>\n<p>Kokt ull<\/p>\n<p>Kokt ull er et naturlig produkt. Gjennom kokeprosessen blir ullen strammere og veldig tett. Kokt ull er derfor varmere, mer holdbar og motstandsdyktig mot vann og vind.<\/p>\n<p>Care<\/p>\n<p>Naturlig ull inneholder lanolin (ullvoks), som gir den antibakterielle egenskaper. Ullstoffer trenger ikke \u00e5 rengj\u00f8res veldig ofte. Lanolinen forhindrer at den lukter og holder den ren. Grovt smuss kan fjernes med en fuktig klut n\u00e5r den t\u00f8rkes. Du b\u00f8r ogs\u00e5 lufte produktet fra tid til annen. Hvis du virkelig trenger \u00e5 vaske den, kan du bruke h\u00e5ndvask med kaldt vann og ullvaskemiddel og t\u00f8rke flatt.<\/p>\n<p>Produkter med f\u00f4r: F\u00f4ret er allerede forvasket forsiktig og produktet er klart til bruk.<\/p>\n","protected":false},"excerpt":{"rendered":"<p>Denne s\u00f8te hatten er perfekt \u00e5 ha p\u00e5 i kaldt v\u00e6r! Laget av varm ren ull (Fotofarge: beige melange). Foret er den med mykt bamsefor i farge creme. Du kan velge forskjellige farger p\u00e5 ullstoffet. For\/b\u00e5ndene forbli creme farget. Veldig stilig! Takket v\u00e6re ullen er denne hatten vann og smussavvisende og pustende. Den er perfekt [&hellip;]<\/p>\n","protected":false},"featured_media":95519,"comment_status":"open","ping_status":"closed","template":"","meta":{"_coblocks_attr":"","_coblocks_dimensions":"","_coblocks_responsive_height":"","_coblocks_accordion_ie_support":"","_crdt_document":"","advanced_seo_description":"","jetpack_seo_html_title":"","jetpack_seo_noindex":false,"jetpack_publicize_message":"","jetpack_publicize_feature_enabled":true,"jetpack_social_post_already_shared":true,"jetpack_social_options":{"image_generator_settings":{"template":"highway","default_image_id":0,"font":"","enabled":false},"version":2},"_wpas_customize_per_network":false},"product_brand":[],"product_cat":[8843,8373,8850],"product_tag":[],"class_list":{"0":"post-94747","1":"product","2":"type-product","3":"status-publish","4":"has-post-thumbnail","6":"product_cat-new-no","7":"product_cat-tilbehor","8":"product_cat-ullklaer","9":"product_shipping_class-norway-no","10":"pa_colorproduct-beige-melange-no","11":"pa_colorproduct-brown-melange-no","12":"pa_colorproduct-curry-no","13":"pa_colorproduct-dusty-rose-no","14":"pa_colorproduct-grey-melange-no","15":"pa_colorproduct-navy-no","16":"pa_colorproduct-plum-no","17":"pa_colorproduct-rust-no","18":"pa_size-36-cm-no","19":"pa_size-38-cm-no","20":"pa_size-40-cm-no","21":"pa_size-42-cm-no","22":"pa_size-44-cm-no","23":"pa_size-46-cm-no","24":"pa_size-48-cm-no","25":"pa_size-50-cm-no","26":"pa_size-52-cm-no","27":"pa_size-54-cm-no","29":"first","30":"instock","31":"taxable","32":"shipping-taxable","33":"purchasable","34":"product-type-variable","35":"has-default-attributes"},"jetpack_publicize_connections":[],"jetpack_likes_enabled":true,"jetpack_sharing_enabled":true,"_links":{"self":[{"href":"https:\/\/lilleogsnille.com\/no\/wp-json\/wp\/v2\/product\/94747","targetHints":{"allow":["GET"]}}],"collection":[{"href":"https:\/\/lilleogsnille.com\/no\/wp-json\/wp\/v2\/product"}],"about":[{"href":"https:\/\/lilleogsnille.com\/no\/wp-json\/wp\/v2\/types\/product"}],"replies":[{"embeddable":true,"href":"https:\/\/lilleogsnille.com\/no\/wp-json\/wp\/v2\/comments?post=94747"}],"wp:featuredmedia":[{"embeddable":true,"href":"https:\/\/lilleogsnille.com\/no\/wp-json\/wp\/v2\/media\/95519"}],"wp:attachment":[{"href":"https:\/\/lilleogsnille.com\/no\/wp-json\/wp\/v2\/media?parent=94747"}],"wp:term":[{"taxonomy":"product_brand","embeddable":true,"href":"https:\/\/lilleogsnille.com\/no\/wp-json\/wp\/v2\/product_brand?post=94747"},{"taxonomy":"product_cat","embeddable":true,"href":"https:\/\/lilleogsnille.com\/no\/wp-json\/wp\/v2\/product_cat?post=94747"},{"taxonomy":"product_tag","embeddable":true,"href":"https:\/\/lilleogsnille.com\/no\/wp-json\/wp\/v2\/product_tag?post=94747"}],"curies":[{"name":"wp","href":"https:\/\/api.w.org\/{rel}","templated":true}]}}