{"id":92487,"date":"2022-05-10T11:30:12","date_gmt":"2022-05-10T09:30:17","guid":{"rendered":"https:\/\/lilleogsnille.com\/?post_type=product&#038;p=92487"},"modified":"2025-05-15T16:30:53","modified_gmt":"2025-05-15T14:30:53","slug":"pinafore-dress-elise-linen","status":"publish","type":"product","link":"https:\/\/lilleogsnille.com\/no\/product\/pinafore-dress-elise-linen\/","title":{"rendered":"Pinafore kjole i lin ELISE"},"content":{"rendered":"<p>Dette stykket er laget i 100% ren, vasked lin.<br \/>\nDen har nydelige kokosknapper p\u00e5 baksiden. St\u00f8rrelsen kan justeres i tre forskjellige trinn p\u00e5 baksiden, s\u00e5 denne kjolen passer veldig lenge.<\/p>\n<p>Dette stykket er h\u00e5ndlaget og blir sydd p\u00e5 bestilling, s\u00e5 du er velkommen til \u00e5 sende meg m\u00e5lene til den lille (h\u00f8yde, magest\u00f8rrelse osv.), slik at jeg kan lage dette stykket for deg i henhold m\u00e5lene.<\/p>\n<p>Laget av:<\/p>\n<p>100% vasked lin, Oekotex 100 sertifisert, Origin: Europa<\/p>\n<p>Materiale:<\/p>\n<p>Lin er veldig behagelig for huden. Det b\u00e5de holder den lille kj\u00f8lig om sommeren, men ogs\u00e5 hyggelig og varm p\u00e5 kaldere dager.<\/p>\n<p>Care<\/p>\n<p>Vask i 30 grader finvask, ikke t\u00f8rketrommel.<\/p>\n<p>&nbsp;<\/p>\n","protected":false},"excerpt":{"rendered":"<p>Dette stykket er laget i 100% ren, vasked lin. Den har nydelige kokosknapper p\u00e5 baksiden. St\u00f8rrelsen kan justeres i tre forskjellige trinn p\u00e5 baksiden, s\u00e5 denne kjolen passer veldig lenge. Dette stykket er h\u00e5ndlaget og blir sydd p\u00e5 bestilling, s\u00e5 du er velkommen til \u00e5 sende meg m\u00e5lene til den lille (h\u00f8yde, magest\u00f8rrelse osv.), slik [&hellip;]<\/p>\n","protected":false},"featured_media":99741,"comment_status":"closed","ping_status":"closed","template":"","meta":{"_coblocks_attr":"","_coblocks_dimensions":"","_coblocks_responsive_height":"","_coblocks_accordion_ie_support":"","_crdt_document":"","advanced_seo_description":"","jetpack_seo_html_title":"","jetpack_seo_noindex":false,"jetpack_post_was_ever_published":false,"jetpack_publicize_message":"","jetpack_publicize_feature_enabled":true,"jetpack_social_post_already_shared":true,"jetpack_social_options":{"image_generator_settings":{"template":"highway","default_image_id":0,"font":"","enabled":false},"version":2},"_wpas_customize_per_network":false},"product_brand":[],"product_cat":[8097,8072,8976],"product_tag":[],"class_list":{"0":"post-92487","1":"product","2":"type-product","3":"status-publish","4":"has-post-thumbnail","6":"product_cat-little-ones-big-day","7":"product_cat-dresses","8":"product_cat-linen-clothes","9":"product_shipping_class-norway","10":"pa_colorproduct-beige","11":"pa_colorproduct-brown","12":"pa_colorproduct-burnt-orange","13":"pa_colorproduct-camel","14":"pa_colorproduct-checkered","15":"pa_colorproduct-cocoa","16":"pa_colorproduct-grey","17":"pa_colorproduct-misty-rose","18":"pa_colorproduct-navy","19":"pa_colorproduct-sand","20":"pa_colorproduct-stripes","21":"pa_colorproduct-winter-sky","23":"first","24":"instock","25":"taxable","26":"shipping-taxable","27":"purchasable","28":"product-type-variable","29":"has-default-attributes"},"jetpack_publicize_connections":[],"jetpack_likes_enabled":true,"jetpack_sharing_enabled":true,"_links":{"self":[{"href":"https:\/\/lilleogsnille.com\/no\/wp-json\/wp\/v2\/product\/92487","targetHints":{"allow":["GET"]}}],"collection":[{"href":"https:\/\/lilleogsnille.com\/no\/wp-json\/wp\/v2\/product"}],"about":[{"href":"https:\/\/lilleogsnille.com\/no\/wp-json\/wp\/v2\/types\/product"}],"replies":[{"embeddable":true,"href":"https:\/\/lilleogsnille.com\/no\/wp-json\/wp\/v2\/comments?post=92487"}],"wp:featuredmedia":[{"embeddable":true,"href":"https:\/\/lilleogsnille.com\/no\/wp-json\/wp\/v2\/media\/99741"}],"wp:attachment":[{"href":"https:\/\/lilleogsnille.com\/no\/wp-json\/wp\/v2\/media?parent=92487"}],"wp:term":[{"taxonomy":"product_brand","embeddable":true,"href":"https:\/\/lilleogsnille.com\/no\/wp-json\/wp\/v2\/product_brand?post=92487"},{"taxonomy":"product_cat","embeddable":true,"href":"https:\/\/lilleogsnille.com\/no\/wp-json\/wp\/v2\/product_cat?post=92487"},{"taxonomy":"product_tag","embeddable":true,"href":"https:\/\/lilleogsnille.com\/no\/wp-json\/wp\/v2\/product_tag?post=92487"}],"curies":[{"name":"wp","href":"https:\/\/api.w.org\/{rel}","templated":true}]}}