{"id":90865,"date":"2022-04-01T09:36:26","date_gmt":"2022-04-01T07:36:30","guid":{"rendered":"https:\/\/lilleogsnille.com\/?post_type=product&#038;p=90865"},"modified":"2025-05-14T13:39:14","modified_gmt":"2025-05-14T11:39:14","slug":"linen-dress-emilie","status":"publish","type":"product","link":"https:\/\/lilleogsnille.com\/no\/product\/linen-dress-emilie\/","title":{"rendered":"Linkjole EMILIE"},"content":{"rendered":"<p>Denne linkjolen er perfekt \u00e5 bruke hver dag og spesielt nydelig om sommeren.<\/p>\n<p>Den er lett og komfortabel med en l\u00f8s passform. P\u00e5 baksiden har den kokosknapper.<\/p>\n<p>Laget er den av 100% h\u00f8ykvalitets lin, oekotex sertifisert.<\/p>\n<p>Hvis du ikke er sikker p\u00e5 st\u00f8rrelsen, kan du kontakte meg p\u00e5 forh\u00e5nd eller skrive m\u00e5lingene til den lille (fra topp til t\u00e5, st\u00f8rrelse p\u00e5 magen in cm).<\/p>\n<p>Laget av:<\/p>\n<ul>\n<li>100% ren lin, oekotex sertifisert<\/li>\n<li>Opprinnelse av lin: Europa<\/li>\n<li>Kokosknapper<\/li>\n<\/ul>\n<p>&nbsp;<\/p>\n<p>Materiale:<\/p>\n<p>Lin er veldig behagelig for huden. Det holder din lille b\u00e5de kj\u00f8lig om sommer, men ogs\u00e5 varm og god p\u00e5 kaldere dager.<\/p>\n<p>Care<\/p>\n<p>Vask i 30 grader finvask, ikke t\u00f8rketrommel.<\/p>\n<p>&nbsp;<\/p>\n","protected":false},"excerpt":{"rendered":"<p>Denne linkjolen er perfekt \u00e5 bruke hver dag og spesielt nydelig om sommeren. Den er lett og komfortabel med en l\u00f8s passform. P\u00e5 baksiden har den kokosknapper. Laget er den av 100% h\u00f8ykvalitets lin, oekotex sertifisert. Hvis du ikke er sikker p\u00e5 st\u00f8rrelsen, kan du kontakte meg p\u00e5 forh\u00e5nd eller skrive m\u00e5lingene til den lille [&hellip;]<\/p>\n","protected":false},"featured_media":100324,"comment_status":"closed","ping_status":"closed","template":"","meta":{"_coblocks_attr":"","_coblocks_dimensions":"","_coblocks_responsive_height":"","_coblocks_accordion_ie_support":"","_crdt_document":"","advanced_seo_description":"","jetpack_seo_html_title":"","jetpack_seo_noindex":false,"jetpack_post_was_ever_published":false,"jetpack_publicize_message":"","jetpack_publicize_feature_enabled":true,"jetpack_social_post_already_shared":true,"jetpack_social_options":{"image_generator_settings":{"template":"highway","default_image_id":0,"font":"","enabled":false},"version":2},"_wpas_customize_per_network":false},"product_brand":[],"product_cat":[8382,8379,8978,8843],"product_tag":[],"class_list":{"0":"post-90865","1":"product","2":"type-product","3":"status-publish","4":"has-post-thumbnail","6":"product_cat-festlige-klaer","7":"product_cat-kjoler","8":"product_cat-linklaer","9":"product_cat-new-no","10":"product_shipping_class-norway-no","11":"pa_colorproduct-beige-no","12":"pa_colorproduct-brown-no","13":"pa_colorproduct-burnt-orange-no","14":"pa_colorproduct-camel-no","15":"pa_colorproduct-checkered-no","16":"pa_colorproduct-cocoa-no","17":"pa_colorproduct-grey-no","18":"pa_colorproduct-misty-rose-no","19":"pa_colorproduct-navy-no","20":"pa_colorproduct-plum-no","21":"pa_colorproduct-sand-no-2","22":"pa_colorproduct-stripes-no","23":"pa_colorproduct-winter-sky-no","25":"first","26":"instock","27":"taxable","28":"shipping-taxable","29":"purchasable","30":"product-type-variable","31":"has-default-attributes"},"jetpack_publicize_connections":[],"jetpack_likes_enabled":true,"jetpack_sharing_enabled":true,"_links":{"self":[{"href":"https:\/\/lilleogsnille.com\/no\/wp-json\/wp\/v2\/product\/90865","targetHints":{"allow":["GET"]}}],"collection":[{"href":"https:\/\/lilleogsnille.com\/no\/wp-json\/wp\/v2\/product"}],"about":[{"href":"https:\/\/lilleogsnille.com\/no\/wp-json\/wp\/v2\/types\/product"}],"replies":[{"embeddable":true,"href":"https:\/\/lilleogsnille.com\/no\/wp-json\/wp\/v2\/comments?post=90865"}],"wp:featuredmedia":[{"embeddable":true,"href":"https:\/\/lilleogsnille.com\/no\/wp-json\/wp\/v2\/media\/100324"}],"wp:attachment":[{"href":"https:\/\/lilleogsnille.com\/no\/wp-json\/wp\/v2\/media?parent=90865"}],"wp:term":[{"taxonomy":"product_brand","embeddable":true,"href":"https:\/\/lilleogsnille.com\/no\/wp-json\/wp\/v2\/product_brand?post=90865"},{"taxonomy":"product_cat","embeddable":true,"href":"https:\/\/lilleogsnille.com\/no\/wp-json\/wp\/v2\/product_cat?post=90865"},{"taxonomy":"product_tag","embeddable":true,"href":"https:\/\/lilleogsnille.com\/no\/wp-json\/wp\/v2\/product_tag?post=90865"}],"curies":[{"name":"wp","href":"https:\/\/api.w.org\/{rel}","templated":true}]}}