{"id":90016,"date":"2022-03-25T14:39:56","date_gmt":"2022-03-25T12:40:00","guid":{"rendered":"https:\/\/lilleogsnille.com\/?post_type=product&#038;p=90016"},"modified":"2025-05-14T13:39:01","modified_gmt":"2025-05-14T11:39:01","slug":"linskjorte-noah","status":"publish","type":"product","link":"https:\/\/lilleogsnille.com\/no\/product\/linskjorte-noah\/","title":{"rendered":"Linskjorte Noah"},"content":{"rendered":"<p>Den skjorten er laget av 100% ren lin.<br \/>\nP\u00e5 forsiden har den fine knapper av kokos. Kommer i n\u00f8ytral design og er perfekt for gutter og jenter.<\/p>\n<p>Toppen blir h\u00e5ndlaget for deg etter din bestilling.<\/p>\n<p>Send meg gjerne m\u00e5lene til din lille, da kan jeg tilpasse vesten (Str\u00f8rrelse fra hode til t\u00e5, m\u00e5geomkrets).<\/p>\n<p>Laget av:<\/p>\n<p>100% ren lin, oekotex 100 sertifisert, fri for skadelige stoffer<\/p>\n<p>Materiale:<\/p>\n<p>Lin er veldig behagelig for huden. Det b\u00e5de holder den lille kj\u00f8lig om sommeren, men ogs\u00e5 hyggelig og varm p\u00e5 kaldere dager.<\/p>\n<p>Care<\/p>\n<p>Vask i 30 grader finvask, ikke t\u00f8rketrommel.<\/p>\n<p>&nbsp;<\/p>\n","protected":false},"excerpt":{"rendered":"<p>Den skjorten er laget av 100% ren lin. P\u00e5 forsiden har den fine knapper av kokos. Kommer i n\u00f8ytral design og er perfekt for gutter og jenter. Toppen blir h\u00e5ndlaget for deg etter din bestilling. Send meg gjerne m\u00e5lene til din lille, da kan jeg tilpasse vesten (Str\u00f8rrelse fra hode til t\u00e5, m\u00e5geomkrets). Laget av: [&hellip;]<\/p>\n","protected":false},"featured_media":106021,"comment_status":"closed","ping_status":"closed","template":"","meta":{"_coblocks_attr":"","_coblocks_dimensions":"","_coblocks_responsive_height":"","_coblocks_accordion_ie_support":"","_crdt_document":"","advanced_seo_description":"","jetpack_seo_html_title":"","jetpack_seo_noindex":false,"jetpack_publicize_message":"","jetpack_publicize_feature_enabled":true,"jetpack_social_post_already_shared":true,"jetpack_social_options":{"image_generator_settings":{"template":"highway","default_image_id":0,"font":"","enabled":false},"version":2},"_wpas_customize_per_network":false},"product_brand":[],"product_cat":[8382,8849,8978],"product_tag":[],"class_list":{"0":"post-90016","1":"product","2":"type-product","3":"status-publish","4":"has-post-thumbnail","6":"product_cat-festlige-klaer","7":"product_cat-genser-topper","8":"product_cat-linklaer","9":"product_shipping_class-norway-no","10":"pa_colorproduct-beige-no","11":"pa_colorproduct-brown-no","12":"pa_colorproduct-burnt-orange-no","13":"pa_colorproduct-camel-no","14":"pa_colorproduct-checkered-no","15":"pa_colorproduct-cocoa-no","16":"pa_colorproduct-grey-no","17":"pa_colorproduct-misty-rose-no","18":"pa_colorproduct-navy-no","19":"pa_colorproduct-sand-no-2","20":"pa_colorproduct-stripes-no","21":"pa_colorproduct-winter-sky-no","22":"pa_size-104-cm-no-2","23":"pa_size-110-cm-no","24":"pa_size-116-cm-no","25":"pa_size-122-cm-no","26":"pa_size-128-cm-no","27":"pa_size-50-cm-no","28":"pa_size-56-cm-no","29":"pa_size-62-cm-no","30":"pa_size-68-cm-no","31":"pa_size-74-cm-no","32":"pa_size-80-cm-no","33":"pa_size-86-cm-no","34":"pa_size-92-cm-no","35":"pa_size-98-cm-no","37":"first","38":"instock","39":"taxable","40":"shipping-taxable","41":"purchasable","42":"product-type-variable","43":"has-default-attributes"},"jetpack_publicize_connections":[],"jetpack_likes_enabled":true,"jetpack_sharing_enabled":true,"_links":{"self":[{"href":"https:\/\/lilleogsnille.com\/no\/wp-json\/wp\/v2\/product\/90016","targetHints":{"allow":["GET"]}}],"collection":[{"href":"https:\/\/lilleogsnille.com\/no\/wp-json\/wp\/v2\/product"}],"about":[{"href":"https:\/\/lilleogsnille.com\/no\/wp-json\/wp\/v2\/types\/product"}],"replies":[{"embeddable":true,"href":"https:\/\/lilleogsnille.com\/no\/wp-json\/wp\/v2\/comments?post=90016"}],"wp:featuredmedia":[{"embeddable":true,"href":"https:\/\/lilleogsnille.com\/no\/wp-json\/wp\/v2\/media\/106021"}],"wp:attachment":[{"href":"https:\/\/lilleogsnille.com\/no\/wp-json\/wp\/v2\/media?parent=90016"}],"wp:term":[{"taxonomy":"product_brand","embeddable":true,"href":"https:\/\/lilleogsnille.com\/no\/wp-json\/wp\/v2\/product_brand?post=90016"},{"taxonomy":"product_cat","embeddable":true,"href":"https:\/\/lilleogsnille.com\/no\/wp-json\/wp\/v2\/product_cat?post=90016"},{"taxonomy":"product_tag","embeddable":true,"href":"https:\/\/lilleogsnille.com\/no\/wp-json\/wp\/v2\/product_tag?post=90016"}],"curies":[{"name":"wp","href":"https:\/\/api.w.org\/{rel}","templated":true}]}}