{"id":89243,"date":"2022-03-15T13:32:44","date_gmt":"2022-03-15T11:32:44","guid":{"rendered":"https:\/\/lilleogsnille.com\/?post_type=product&#038;p=89243"},"modified":"2025-02-26T12:55:32","modified_gmt":"2025-02-26T10:55:32","slug":"linen-bloomers-ida-colorchoice","status":"publish","type":"product","link":"https:\/\/lilleogsnille.com\/no\/product\/linen-bloomers-ida-colorchoice\/","title":{"rendered":"Lin bloomers &laquo;Ida&raquo;, fargevalg"},"content":{"rendered":"<p>Denne s\u00f8te bloomern er perfekt \u00e5 ha p\u00e5 \u00e5ret rundt. Perfekt for varmere m\u00e5neder, men ogs\u00e5 veldig s\u00f8t n\u00e5r det er kaldere, sammen med str\u00f8mpebukser.<\/p>\n<p>Laget er den av lin i h\u00f8yt kvalitet (100% lin, bio washed).<\/p>\n<p>Den kommer lit stor i st\u00f8rrelsen og vokser med veldig lenge. S\u00e5 f\u00e5r du mye glede med den! Hvis du ikke er sikker p\u00e5 st\u00f8rrelsen, kan du kontakte meg p\u00e5 forh\u00e5nd eller skrive m\u00e5lingene til den lille (fra topp til t\u00e5, st\u00f8rrelse p\u00e5 magen in cm).<\/p>\n<p>Laget av:<\/p>\n<p>Lin: 100% lin, bio washed<\/p>\n<p>elastik<\/p>\n<p>Care:<\/p>\n<p>Vask p\u00e5 30 grader, ikke t\u00f8rketrommel.<\/p>\n<p>&nbsp;<\/p>\n","protected":false},"excerpt":{"rendered":"<p>Denne s\u00f8te bloomern er perfekt \u00e5 ha p\u00e5 \u00e5ret rundt. Perfekt for varmere m\u00e5neder, men ogs\u00e5 veldig s\u00f8t n\u00e5r det er kaldere, sammen med str\u00f8mpebukser. Laget er den av lin i h\u00f8yt kvalitet (100% lin, bio washed). Den kommer lit stor i st\u00f8rrelsen og vokser med veldig lenge. S\u00e5 f\u00e5r du mye glede med den! [&hellip;]<\/p>\n","protected":false},"featured_media":98023,"comment_status":"closed","ping_status":"closed","template":"","meta":{"_coblocks_attr":"","_coblocks_dimensions":"","_coblocks_responsive_height":"","_coblocks_accordion_ie_support":"","_crdt_document":"","advanced_seo_description":"","jetpack_seo_html_title":"","jetpack_seo_noindex":false,"jetpack_publicize_message":"","jetpack_publicize_feature_enabled":true,"jetpack_social_post_already_shared":true,"jetpack_social_options":{"image_generator_settings":{"template":"highway","default_image_id":0,"font":"","enabled":false},"version":2},"_wpas_customize_per_network":false},"product_brand":[],"product_cat":[8847,8382,8978],"product_tag":[],"class_list":{"0":"post-89243","1":"product","2":"type-product","3":"status-publish","4":"has-post-thumbnail","6":"product_cat-bukser","7":"product_cat-festlige-klaer","8":"product_cat-linklaer","9":"pa_colorproduct-beige-no","10":"pa_colorproduct-brown-no","11":"pa_colorproduct-burnt-orange-no","12":"pa_colorproduct-camel-no","13":"pa_colorproduct-checkered-no","14":"pa_colorproduct-cocoa-no","15":"pa_colorproduct-grey-no","16":"pa_colorproduct-misty-rose-no","17":"pa_colorproduct-navy-no","18":"pa_colorproduct-sand-no-2","19":"pa_colorproduct-stripes-no","20":"pa_colorproduct-winter-sky-no","21":"pa_size-eu-104-110-cm-no","22":"pa_size-eu-110-116-cm-no","23":"pa_size-eu-50-56-cm-no","24":"pa_size-eu-56-62-cm-no","25":"pa_size-eu-62-68-cm-no","26":"pa_size-eu-68-74-cm-no","27":"pa_size-eu-74-80-cm-no","28":"pa_size-eu-80-86-cm-no","29":"pa_size-eu-86-92-cm-no","30":"pa_size-eu-92-98-cm-no","31":"pa_size-eu-98-104-cm-no","33":"first","34":"instock","35":"taxable","36":"shipping-taxable","37":"purchasable","38":"product-type-variable","39":"has-default-attributes"},"jetpack_publicize_connections":[],"jetpack_likes_enabled":true,"jetpack_sharing_enabled":true,"_links":{"self":[{"href":"https:\/\/lilleogsnille.com\/no\/wp-json\/wp\/v2\/product\/89243","targetHints":{"allow":["GET"]}}],"collection":[{"href":"https:\/\/lilleogsnille.com\/no\/wp-json\/wp\/v2\/product"}],"about":[{"href":"https:\/\/lilleogsnille.com\/no\/wp-json\/wp\/v2\/types\/product"}],"replies":[{"embeddable":true,"href":"https:\/\/lilleogsnille.com\/no\/wp-json\/wp\/v2\/comments?post=89243"}],"wp:featuredmedia":[{"embeddable":true,"href":"https:\/\/lilleogsnille.com\/no\/wp-json\/wp\/v2\/media\/98023"}],"wp:attachment":[{"href":"https:\/\/lilleogsnille.com\/no\/wp-json\/wp\/v2\/media?parent=89243"}],"wp:term":[{"taxonomy":"product_brand","embeddable":true,"href":"https:\/\/lilleogsnille.com\/no\/wp-json\/wp\/v2\/product_brand?post=89243"},{"taxonomy":"product_cat","embeddable":true,"href":"https:\/\/lilleogsnille.com\/no\/wp-json\/wp\/v2\/product_cat?post=89243"},{"taxonomy":"product_tag","embeddable":true,"href":"https:\/\/lilleogsnille.com\/no\/wp-json\/wp\/v2\/product_tag?post=89243"}],"curies":[{"name":"wp","href":"https:\/\/api.w.org\/{rel}","templated":true}]}}