{"id":88609,"date":"2022-02-18T09:26:11","date_gmt":"2022-02-18T07:26:14","guid":{"rendered":"https:\/\/lilleogsnille.com\/?post_type=product&#038;p=88609"},"modified":"2025-05-14T13:28:51","modified_gmt":"2025-05-14T11:28:51","slug":"linen-pants-jonas-uni-choice-of-color","status":"publish","type":"product","link":"https:\/\/lilleogsnille.com\/no\/product\/linen-pants-jonas-uni-choice-of-color\/","title":{"rendered":"Bukse i lin JONAS"},"content":{"rendered":"<p>Denne stilige linbuksen er perfekt \u00e5 bruke \u00e5ret rund. Den er robust p\u00e5 den ene siden, men ogs\u00e5 super komfortabel og den vokser sammen med den lille en god stund.<\/p>\n<p>Den er laget av 100% ren lin.<br \/>\nMansjettene er i mykt \u00f8kologisk bumullsribb, i matchende farge som lin. Mansjettene p\u00e5 bena er extra lang, s\u00e5 denne s\u00f8te buksen vokser en god stund med den lille. Den har en fin lomme med kokosknapp p\u00e5 baksiden.<\/p>\n<p>Buksen kommer i relaxed fit og vokser veldig lenge med din lille fordi den har extra lange mansjettene p\u00e5 bena. S\u00e5 f\u00e5r du mye glede med den! Den er baggy stil og har en l\u00f8s passform, veldig behagelig og kul for den lille.<\/p>\n<p>Hvis du ikke er sikker p\u00e5 st\u00f8rrelsen, kan du kontakte meg p\u00e5 forh\u00e5nd eller skrive m\u00e5lingene til den lille (fra topp til t\u00e5, st\u00f8rrelse p\u00e5 magen in cm).<\/p>\n<p>Laget av:<\/p>\n<p>100% lin, biovasket, Oekotex 100 sertifisert, Origin: Europa<\/p>\n<p>Ribb: 96 % \u00f8kologisk bomull, 4% elastane, GOTS certified<\/p>\n<p>Materiale:<\/p>\n<p>Lin er veldig behagelig for huden. Det holder kj\u00f8lig om sommeren, men ogs\u00e5 varm p\u00e5 kaldere dager.<\/p>\n<p>Care<\/p>\n<p>Vask i 30 grader finvask, ikke t\u00f8rketrommel.<\/p>\n<p>&nbsp;<\/p>\n","protected":false},"excerpt":{"rendered":"<p>Denne stilige linbuksen er perfekt \u00e5 bruke \u00e5ret rund. Den er robust p\u00e5 den ene siden, men ogs\u00e5 super komfortabel og den vokser sammen med den lille en god stund. Den er laget av 100% ren lin. Mansjettene er i mykt \u00f8kologisk bumullsribb, i matchende farge som lin. Mansjettene p\u00e5 bena er extra lang, s\u00e5 [&hellip;]<\/p>\n","protected":false},"featured_media":101226,"comment_status":"closed","ping_status":"closed","template":"","meta":{"_coblocks_attr":"","_coblocks_dimensions":"","_coblocks_responsive_height":"","_coblocks_accordion_ie_support":"","_crdt_document":"","advanced_seo_description":"","jetpack_seo_html_title":"","jetpack_seo_noindex":false,"jetpack_post_was_ever_published":false,"jetpack_publicize_message":"","jetpack_publicize_feature_enabled":true,"jetpack_social_post_already_shared":true,"jetpack_social_options":{"image_generator_settings":{"template":"highway","default_image_id":0,"font":"","enabled":false},"version":2},"_wpas_customize_per_network":false},"product_brand":[],"product_cat":[8847,8382,8978],"product_tag":[],"class_list":{"0":"post-88609","1":"product","2":"type-product","3":"status-publish","4":"has-post-thumbnail","6":"product_cat-bukser","7":"product_cat-festlige-klaer","8":"product_cat-linklaer","9":"product_shipping_class-norway-no","10":"pa_colorproduct-beige-no","11":"pa_colorproduct-brown-no","12":"pa_colorproduct-burnt-orange-no","13":"pa_colorproduct-camel-no","14":"pa_colorproduct-cocoa-no","15":"pa_colorproduct-grey-no","16":"pa_colorproduct-misty-rose-no","17":"pa_colorproduct-navy-no","18":"pa_colorproduct-sand-no-2","19":"pa_colorproduct-winter-sky-no","20":"pa_size-eu-104-110-cm-no","21":"pa_size-eu-110-116-cm-no","22":"pa_size-eu-50-56-cm-no","23":"pa_size-eu-56-62-cm-no","24":"pa_size-eu-62-68-cm-no","25":"pa_size-eu-68-74-cm-no","26":"pa_size-eu-74-80-cm-no","27":"pa_size-eu-80-86-cm-no","28":"pa_size-eu-86-92-cm-no","29":"pa_size-eu-92-98-cm-no","30":"pa_size-eu-98-104-cm-no","32":"first","33":"instock","34":"taxable","35":"shipping-taxable","36":"purchasable","37":"product-type-variable","38":"has-default-attributes"},"jetpack_publicize_connections":[],"jetpack_likes_enabled":true,"jetpack_sharing_enabled":true,"_links":{"self":[{"href":"https:\/\/lilleogsnille.com\/no\/wp-json\/wp\/v2\/product\/88609","targetHints":{"allow":["GET"]}}],"collection":[{"href":"https:\/\/lilleogsnille.com\/no\/wp-json\/wp\/v2\/product"}],"about":[{"href":"https:\/\/lilleogsnille.com\/no\/wp-json\/wp\/v2\/types\/product"}],"replies":[{"embeddable":true,"href":"https:\/\/lilleogsnille.com\/no\/wp-json\/wp\/v2\/comments?post=88609"}],"wp:featuredmedia":[{"embeddable":true,"href":"https:\/\/lilleogsnille.com\/no\/wp-json\/wp\/v2\/media\/101226"}],"wp:attachment":[{"href":"https:\/\/lilleogsnille.com\/no\/wp-json\/wp\/v2\/media?parent=88609"}],"wp:term":[{"taxonomy":"product_brand","embeddable":true,"href":"https:\/\/lilleogsnille.com\/no\/wp-json\/wp\/v2\/product_brand?post=88609"},{"taxonomy":"product_cat","embeddable":true,"href":"https:\/\/lilleogsnille.com\/no\/wp-json\/wp\/v2\/product_cat?post=88609"},{"taxonomy":"product_tag","embeddable":true,"href":"https:\/\/lilleogsnille.com\/no\/wp-json\/wp\/v2\/product_tag?post=88609"}],"curies":[{"name":"wp","href":"https:\/\/api.w.org\/{rel}","templated":true}]}}