{"id":87655,"date":"2022-01-06T15:29:33","date_gmt":"2022-01-06T13:29:34","guid":{"rendered":"https:\/\/lilleogsnille.com\/?post_type=product&#038;p=87655"},"modified":"2025-01-08T13:20:55","modified_gmt":"2025-01-08T11:20:55","slug":"mittens-virgin-wool","status":"publish","type":"product","link":"https:\/\/lilleogsnille.com\/no\/product\/mittens-virgin-wool\/","title":{"rendered":"Ullvotter til barn, ren ny ull"},"content":{"rendered":"<p>Disse varme og behagelige ullvottene er perfekt for kaldere dager.<\/p>\n<p>De holder de sm\u00e5 hendene varm og koselige.<\/p>\n<p>De er laget av varm, kokt ull med matchende mansjetter i myk merinoull, for \u00e5 enkelt ta dem av og p\u00e5.<\/p>\n<p>Veldig stilig!<\/p>\n<p>Tilgjengelig uten f\u00f4r eller foret med myk og varm merinoull.<\/p>\n<p>Takket v\u00e6re ullen er disse vottene vann- og smussavvisende og pustende.<\/p>\n<p>&nbsp;<\/p>\n<p>Laget av:<\/p>\n<p>100% ren ny ull, Oekotex 100 certified, mulesing free, Origin of wool: Europe<\/p>\n<p>For, hvis valgt: 100% merinoull, mulesing &amp; plastic free, Oekotex 100 certified, RWS certified<\/p>\n<p>Mansjetter: 97% kbt merinoull, fri for mulesing, 3% elastan, GOTS-sertifisert<\/p>\n<p>&nbsp;<\/p>\n<p>Care<\/p>\n<p>Naturlig ull inneholder lanolin (ullvoks), som gir den antibakterielle egenskaper. Ullstoffer trenger ikke \u00e5 rengj\u00f8res veldig ofte. Lanolinen forhindrer at den lukter og holder den ren. Grovt smuss kan fjernes med en fuktig klut n\u00e5r den t\u00f8rkes. Du b\u00f8r ogs\u00e5 lufte produktet fra tid til annen. Hvis du virkelig trenger \u00e5 vaske den, kan du bruke h\u00e5ndvask med kaldt vann og ullvaskemiddel og t\u00f8rke flatt.<\/p>\n<p>Produkter med f\u00f4r: F\u00f4ret er allerede forvasket forsiktig og produktet er klart til bruk.<\/p>\n","protected":false},"excerpt":{"rendered":"<p>Disse varme og behagelige ullvottene er perfekt for kaldere dager. De holder de sm\u00e5 hendene varm og koselige. De er laget av varm, kokt ull med matchende mansjetter i myk merinoull, for \u00e5 enkelt ta dem av og p\u00e5. Veldig stilig! Tilgjengelig uten f\u00f4r eller foret med myk og varm merinoull. Takket v\u00e6re ullen er [&hellip;]<\/p>\n","protected":false},"featured_media":102501,"comment_status":"closed","ping_status":"closed","template":"","meta":{"_coblocks_attr":"","_coblocks_dimensions":"","_coblocks_responsive_height":"","_coblocks_accordion_ie_support":"","_crdt_document":"","advanced_seo_description":"","jetpack_seo_html_title":"","jetpack_seo_noindex":false,"jetpack_publicize_message":"","jetpack_publicize_feature_enabled":true,"jetpack_social_post_already_shared":true,"jetpack_social_options":{"image_generator_settings":{"template":"highway","default_image_id":0,"font":"","enabled":false},"version":2},"_wpas_customize_per_network":false},"product_brand":[],"product_cat":[8843,8373,8850],"product_tag":[],"class_list":{"0":"post-87655","1":"product","2":"type-product","3":"status-publish","4":"has-post-thumbnail","6":"product_cat-new-no","7":"product_cat-tilbehor","8":"product_cat-ullklaer","9":"product_shipping_class-norway-no","10":"pa_colorproduct-beige-melange-no","11":"pa_colorproduct-brown-melange-no","12":"pa_colorproduct-curry-no","13":"pa_colorproduct-dusty-rose-no","14":"pa_colorproduct-grey-melange-no","15":"pa_colorproduct-navy-no","16":"pa_colorproduct-plum-no","17":"pa_colorproduct-rust-no","19":"first","20":"instock","21":"taxable","22":"shipping-taxable","23":"purchasable","24":"product-type-variable","25":"has-default-attributes"},"jetpack_publicize_connections":[],"jetpack_likes_enabled":true,"jetpack_sharing_enabled":true,"_links":{"self":[{"href":"https:\/\/lilleogsnille.com\/no\/wp-json\/wp\/v2\/product\/87655","targetHints":{"allow":["GET"]}}],"collection":[{"href":"https:\/\/lilleogsnille.com\/no\/wp-json\/wp\/v2\/product"}],"about":[{"href":"https:\/\/lilleogsnille.com\/no\/wp-json\/wp\/v2\/types\/product"}],"replies":[{"embeddable":true,"href":"https:\/\/lilleogsnille.com\/no\/wp-json\/wp\/v2\/comments?post=87655"}],"wp:featuredmedia":[{"embeddable":true,"href":"https:\/\/lilleogsnille.com\/no\/wp-json\/wp\/v2\/media\/102501"}],"wp:attachment":[{"href":"https:\/\/lilleogsnille.com\/no\/wp-json\/wp\/v2\/media?parent=87655"}],"wp:term":[{"taxonomy":"product_brand","embeddable":true,"href":"https:\/\/lilleogsnille.com\/no\/wp-json\/wp\/v2\/product_brand?post=87655"},{"taxonomy":"product_cat","embeddable":true,"href":"https:\/\/lilleogsnille.com\/no\/wp-json\/wp\/v2\/product_cat?post=87655"},{"taxonomy":"product_tag","embeddable":true,"href":"https:\/\/lilleogsnille.com\/no\/wp-json\/wp\/v2\/product_tag?post=87655"}],"curies":[{"name":"wp","href":"https:\/\/api.w.org\/{rel}","templated":true}]}}