{"id":87612,"date":"2022-01-05T20:03:51","date_gmt":"2022-01-05T18:03:51","guid":{"rendered":"https:\/\/lilleogsnille.com\/?post_type=product&#038;p=87612"},"modified":"2025-08-25T13:22:18","modified_gmt":"2025-08-25T11:22:18","slug":"warm-baby-shoes-virgin-wool-warm-lining","status":"publish","type":"product","link":"https:\/\/lilleogsnille.com\/no\/product\/warm-baby-shoes-virgin-wool-warm-lining\/","title":{"rendered":"Forede babysko i ull"},"content":{"rendered":"<p>Disse varme og komfortable ullskoene er perfekte \u00e5 bruke i barnevognen eller i baby-b\u00e6rer. De holder de sm\u00e5 f\u00f8ttene fine og koselige.<\/p>\n<p>De er laget av varm kokt ull med matchende mansjetter i myk merinoull, slik at de enkelt kan tas av og p\u00e5 (bildefarge: beige melange).<\/p>\n<p>Innsiden er foret med myk organisk bomullsteddy i karamell farget.<\/p>\n<p>Veldig stilig!<\/p>\n<p>Takket v\u00e6re ullen er disse skoene vannavst\u00f8tende og pustende.<\/p>\n<p>EU 14 &#8212;- 8,0 cm<br \/>\nEU 15 &#8212;- 8,7 cm<br \/>\nEU 16 &#8212;- 9,3 cm<br \/>\nEU 17 &#8212;- 10,0 cm<br \/>\nEU 18 &#8212;- 10,7 cm<br \/>\nEU 19 &#8212;- 11,3 cm<br \/>\nEU 20 &#8212;- 12,0 cm<br \/>\nEU 21 &#8212;- 12,7 cm<br \/>\nEU 22 &#8212;- 13,3 cm<br \/>\nEU 23 &#8212;- 14,0 cm<\/p>\n<p>Laget av:<\/p>\n<p>100% virgin ull<\/p>\n<p>For: 100% \u00f8kologisk bomull, GOTS sertifisert<\/p>\n<p>Mansjetter: 97% kbt merinoull, fri for mulesing, 3% elastan, GOTS-sertifisert<\/p>\n<p>&nbsp;<\/p>\n<p>Care<\/p>\n<p>Naturlig ull inneholder lanolin (ullvoks), som gir den antibakterielle egenskaper. Ullstoffer trenger ikke \u00e5 rengj\u00f8res veldig ofte. Lanolinen forhindrer at den lukter og holder den ren. Grovt smuss kan fjernes med en fuktig klut n\u00e5r den t\u00f8rkes. Du b\u00f8r ogs\u00e5 lufte produktet fra tid til annen. Hvis du virkelig trenger \u00e5 vaske den, kan du bruke h\u00e5ndvask med kaldt vann og ullvaskemiddel og t\u00f8rke flatt.<\/p>\n<p>Produkter med f\u00f4r: F\u00f4ret er allerede forvasket forsiktig og produktet er klart til bruk.<\/p>\n","protected":false},"excerpt":{"rendered":"<p>Disse varme og komfortable ullskoene er perfekte \u00e5 bruke i barnevognen eller i baby-b\u00e6rer. De holder de sm\u00e5 f\u00f8ttene fine og koselige. De er laget av varm kokt ull med matchende mansjetter i myk merinoull, slik at de enkelt kan tas av og p\u00e5 (bildefarge: beige melange). Innsiden er foret med myk organisk bomullsteddy i [&hellip;]<\/p>\n","protected":false},"featured_media":97054,"comment_status":"closed","ping_status":"closed","template":"","meta":{"_coblocks_attr":"","_coblocks_dimensions":"","_coblocks_responsive_height":"","_coblocks_accordion_ie_support":"","_crdt_document":"","advanced_seo_description":"","jetpack_seo_html_title":"","jetpack_seo_noindex":false,"jetpack_publicize_message":"","jetpack_publicize_feature_enabled":true,"jetpack_social_post_already_shared":true,"jetpack_social_options":{"image_generator_settings":{"template":"highway","default_image_id":0,"font":"","enabled":false},"version":2},"_wpas_customize_per_network":false},"product_brand":[],"product_cat":[8373,8850],"product_tag":[],"class_list":{"0":"post-87612","1":"product","2":"type-product","3":"status-publish","4":"has-post-thumbnail","6":"product_cat-tilbehor","7":"product_cat-ullklaer","8":"product_shipping_class-norway-no","9":"pa_colorproduct-beige-melange-no","10":"pa_colorproduct-brown-melange-no","11":"pa_colorproduct-curry-no","12":"pa_colorproduct-dusty-rose-no","13":"pa_colorproduct-grey-melange-no","14":"pa_colorproduct-navy-no","15":"pa_colorproduct-plum-no","16":"pa_colorproduct-rust-no","17":"pa_colour-beige-no","18":"pa_colour-brown-melange-no","19":"pa_colour-curry-no","20":"pa_colour-grey-melange-no","21":"pa_colour-misty-rose-no","22":"pa_colour-navy-no","23":"pa_colour-plum-no","24":"pa_colour-rust-no","25":"pa_size-eu-44-50-cm-no","26":"pa_size-eu-50-56-cm-no","27":"pa_size-eu-56-62-cm-no","28":"pa_size-eu-62-68-cm-no","29":"pa_size-eu-68-74-cm-no","30":"pa_size-eu-74-80-cm-no","31":"pa_size-eu-80-86-cm-no","32":"pa_size-eu-86-92-cm-no","33":"pa_size-eu-92-98-cm-no","35":"first","36":"instock","37":"taxable","38":"shipping-taxable","39":"purchasable","40":"product-type-variable","41":"has-default-attributes"},"jetpack_publicize_connections":[],"jetpack_likes_enabled":true,"jetpack_sharing_enabled":true,"_links":{"self":[{"href":"https:\/\/lilleogsnille.com\/no\/wp-json\/wp\/v2\/product\/87612","targetHints":{"allow":["GET"]}}],"collection":[{"href":"https:\/\/lilleogsnille.com\/no\/wp-json\/wp\/v2\/product"}],"about":[{"href":"https:\/\/lilleogsnille.com\/no\/wp-json\/wp\/v2\/types\/product"}],"replies":[{"embeddable":true,"href":"https:\/\/lilleogsnille.com\/no\/wp-json\/wp\/v2\/comments?post=87612"}],"wp:featuredmedia":[{"embeddable":true,"href":"https:\/\/lilleogsnille.com\/no\/wp-json\/wp\/v2\/media\/97054"}],"wp:attachment":[{"href":"https:\/\/lilleogsnille.com\/no\/wp-json\/wp\/v2\/media?parent=87612"}],"wp:term":[{"taxonomy":"product_brand","embeddable":true,"href":"https:\/\/lilleogsnille.com\/no\/wp-json\/wp\/v2\/product_brand?post=87612"},{"taxonomy":"product_cat","embeddable":true,"href":"https:\/\/lilleogsnille.com\/no\/wp-json\/wp\/v2\/product_cat?post=87612"},{"taxonomy":"product_tag","embeddable":true,"href":"https:\/\/lilleogsnille.com\/no\/wp-json\/wp\/v2\/product_tag?post=87612"}],"curies":[{"name":"wp","href":"https:\/\/api.w.org\/{rel}","templated":true}]}}