{"id":44964,"date":"2020-03-05T14:20:47","date_gmt":"2021-08-20T13:10:54","guid":{"rendered":"https:\/\/lilleogsnille.com\/product\/bomullsfloyel-bukser-ole-bomull\/"},"modified":"2024-09-01T00:01:01","modified_gmt":"2024-08-31T22:01:01","slug":"corduroy-pants-ole-cotton-4","status":"publish","type":"product","link":"https:\/\/lilleogsnille.com\/no\/product\/corduroy-pants-ole-cotton-4\/","title":{"rendered":"Bomullsfl\u00f8yel bukser &laquo;Ole&raquo;, bomull"},"content":{"rendered":"<p>Denne stilige fl\u00f8yelbuksen er perfekt \u00e5 ha p\u00e5 hele \u00e5ret. Den er superkomfortabel p\u00e5 den ene siden, men p\u00e5 den andre veldig robust og klar for hvert eventyr med den lille! Den er laget av 100% bomull (fotofarge: brown). Mansjetten p\u00e5 magen er laget av mykt \u00f8lologisk bomullsribb, alltid i fargen som matcher fl\u00f8yeln. Mansjettene p\u00e5 bena er marine med hvite striper og ekstra lange, slik at denne buksen vokser sammen med den lille en god stund. Den har en fin lomme med treknapp p\u00e5 baksiden. Det er en st\u00f8rre passform og vokser med den lille en god stund p\u00e5 grunn av de lange mansjettene p\u00e5 bena. S\u00e5 f\u00e5r du mye glede med den! Hvis du ikke er sikker p\u00e5 st\u00f8rrelsen, kan du kontakte meg p\u00e5 forh\u00e5nd eller skrive m\u00e5lingene til den lille (fra topp til t\u00e5, st\u00f8rrelse p\u00e5 magen in cm). Made of: corduroy: 100% cotton, oekotex 100 certified Belly cuff : 96 % organic cotton, 4% elastane, GOTS certified Cuffs legs: 96% cotton, 4 % elastane, Oekotex 100 certified &nbsp; Material: Corduroy is a very robust cotton fabric out of 100% cotton. Pleie: vask p\u00e5 30 grader finvask. &nbsp;<\/p>\n","protected":false},"excerpt":{"rendered":"<p>Denne stilige fl\u00f8yelbuksen er perfekt \u00e5 ha p\u00e5 hele \u00e5ret. Den er superkomfortabel p\u00e5 den ene siden, men p\u00e5 den andre veldig robust og klar for hvert eventyr med den lille! Den er laget av 100% bomull (fotofarge: brown). Mansjetten p\u00e5 magen er laget av mykt \u00f8lologisk bomullsribb, alltid i fargen som matcher fl\u00f8yeln. Mansjettene [&hellip;]<\/p>\n","protected":false},"featured_media":96965,"comment_status":"closed","ping_status":"closed","template":"","meta":{"_coblocks_attr":"","_coblocks_dimensions":"","_coblocks_responsive_height":"","_coblocks_accordion_ie_support":"","_crdt_document":"","advanced_seo_description":"","jetpack_seo_html_title":"","jetpack_seo_noindex":false,"jetpack_post_was_ever_published":false,"jetpack_publicize_message":"","jetpack_publicize_feature_enabled":true,"jetpack_social_post_already_shared":true,"jetpack_social_options":{"image_generator_settings":{"template":"highway","default_image_id":0,"font":"","enabled":false},"version":2},"_wpas_customize_per_network":false},"product_brand":[],"product_cat":[8071],"product_tag":[],"class_list":{"0":"post-44964","1":"product","2":"type-product","3":"status-publish","4":"has-post-thumbnail","6":"product_cat-pants","7":"product_shipping_class-norway","8":"pa_size-eu-50-56-cm","9":"pa_size-eu-56-62-cm","10":"pa_size-eu-62-68-cm","11":"pa_size-eu-68-74-cm","12":"pa_size-eu-74-80-cm","13":"pa_size-eu-80-86-cm","14":"pa_size-eu-86-92-cm","15":"pa_size-eu-92-98-cm","16":"pa_size-eu-98-104-cm","17":"pa_size-eu-104-110-cm","18":"pa_size-eu-110-116-cm","20":"first","21":"instock","22":"taxable","23":"shipping-taxable","24":"purchasable","25":"product-type-variable","26":"has-default-attributes"},"jetpack_publicize_connections":[],"jetpack_likes_enabled":true,"jetpack_sharing_enabled":true,"_links":{"self":[{"href":"https:\/\/lilleogsnille.com\/no\/wp-json\/wp\/v2\/product\/44964","targetHints":{"allow":["GET"]}}],"collection":[{"href":"https:\/\/lilleogsnille.com\/no\/wp-json\/wp\/v2\/product"}],"about":[{"href":"https:\/\/lilleogsnille.com\/no\/wp-json\/wp\/v2\/types\/product"}],"replies":[{"embeddable":true,"href":"https:\/\/lilleogsnille.com\/no\/wp-json\/wp\/v2\/comments?post=44964"}],"wp:featuredmedia":[{"embeddable":true,"href":"https:\/\/lilleogsnille.com\/no\/wp-json\/wp\/v2\/media\/96965"}],"wp:attachment":[{"href":"https:\/\/lilleogsnille.com\/no\/wp-json\/wp\/v2\/media?parent=44964"}],"wp:term":[{"taxonomy":"product_brand","embeddable":true,"href":"https:\/\/lilleogsnille.com\/no\/wp-json\/wp\/v2\/product_brand?post=44964"},{"taxonomy":"product_cat","embeddable":true,"href":"https:\/\/lilleogsnille.com\/no\/wp-json\/wp\/v2\/product_cat?post=44964"},{"taxonomy":"product_tag","embeddable":true,"href":"https:\/\/lilleogsnille.com\/no\/wp-json\/wp\/v2\/product_tag?post=44964"}],"curies":[{"name":"wp","href":"https:\/\/api.w.org\/{rel}","templated":true}]}}