{"id":44873,"date":"2020-03-09T09:42:18","date_gmt":"2021-08-20T11:47:23","guid":{"rendered":"https:\/\/lilleogsnille.com\/product\/lindrakt-james-3-deler\/"},"modified":"2024-09-12T13:08:36","modified_gmt":"2024-09-12T11:08:36","slug":"linen-suit-james-3-pieces","status":"publish","type":"product","link":"https:\/\/lilleogsnille.com\/no\/product\/linen-suit-james-3-pieces\/","title":{"rendered":"Lindrakt &laquo;James&raquo;, 3 deler, Festantrekk"},"content":{"rendered":"<p>Denne s\u00f8te drakten er perfekt \u00e5 ha p\u00e5 en veldig spesiell dag,men kan ogs\u00e5 brukes p\u00e5 en vanlig dag:) Det er et sett med 3 deler, best\u00e5ende av bukser, vest og hatt. Den er laget av 100% ren lin. Insiden av vesten er foret med \u00f8kologosk bomull. Settet er h\u00e5ndlaget og spesielt laget for deg etter bestillingen. Du er velkommen til \u00e5 sende meg m\u00e5lene til din lille (h\u00f8yde, mageomkrets) slik at jeg kan lage vesten til deg i henhold til dine m\u00e5l. Vennligst inkluder hodeomkrets i cm, pga st\u00f8rrelsen av hatten. Laget av: 100% europeisk lin, bio washed, Oekotex 100 certified Lining vest: 100% organic cotton Material: Linen is very pleasant to the skin. Det b\u00e5de holder den lille kj\u00f8lig om sommeren, men ogs\u00e5 hyggelig og varm p\u00e5 kaldere dager. Pleie: vask p\u00e5 30 grader finvask. &nbsp;<\/p>\n","protected":false},"excerpt":{"rendered":"<p>Denne s\u00f8te drakten er perfekt \u00e5 ha p\u00e5 en veldig spesiell dag,men kan ogs\u00e5 brukes p\u00e5 en vanlig dag:) Det er et sett med 3 deler, best\u00e5ende av bukser, vest og hatt. Den er laget av 100% ren lin. Insiden av vesten er foret med \u00f8kologosk bomull. Settet er h\u00e5ndlaget og spesielt laget for deg [&hellip;]<\/p>\n","protected":false},"featured_media":107608,"comment_status":"closed","ping_status":"closed","template":"","meta":{"_coblocks_attr":"","_coblocks_dimensions":"","_coblocks_responsive_height":"","_coblocks_accordion_ie_support":"","_crdt_document":"","advanced_seo_description":"","jetpack_seo_html_title":"","jetpack_seo_noindex":false,"jetpack_publicize_message":"","jetpack_publicize_feature_enabled":true,"jetpack_social_post_already_shared":true,"jetpack_social_options":{"image_generator_settings":{"template":"highway","default_image_id":0,"font":"","enabled":false},"version":2},"_wpas_customize_per_network":false},"product_brand":[],"product_cat":[8382,8978],"product_tag":[],"class_list":{"0":"post-44873","1":"product","2":"type-product","3":"status-publish","4":"has-post-thumbnail","6":"product_cat-festlige-klaer","7":"product_cat-linklaer","8":"product_shipping_class-norway-no","9":"pa_colorproduct-beige-no","10":"pa_colorproduct-brown-no","11":"pa_colorproduct-grey-no","12":"pa_colorproduct-navy-no","13":"pa_colorproduct-sand-no-2","14":"pa_size-104-cm-no-2","15":"pa_size-110-cm-no","16":"pa_size-116-cm-no","17":"pa_size-122-cm-no","18":"pa_size-50-cm-no","19":"pa_size-56-cm-no","20":"pa_size-62-cm-no","21":"pa_size-68-cm-no","22":"pa_size-74-cm-no","23":"pa_size-80-cm-no","24":"pa_size-86-cm-no","25":"pa_size-92-cm-no","26":"pa_size-98-cm-no","28":"first","29":"instock","30":"taxable","31":"shipping-taxable","32":"purchasable","33":"product-type-variable","34":"has-default-attributes"},"jetpack_publicize_connections":[],"jetpack_likes_enabled":true,"jetpack_sharing_enabled":true,"_links":{"self":[{"href":"https:\/\/lilleogsnille.com\/no\/wp-json\/wp\/v2\/product\/44873","targetHints":{"allow":["GET"]}}],"collection":[{"href":"https:\/\/lilleogsnille.com\/no\/wp-json\/wp\/v2\/product"}],"about":[{"href":"https:\/\/lilleogsnille.com\/no\/wp-json\/wp\/v2\/types\/product"}],"replies":[{"embeddable":true,"href":"https:\/\/lilleogsnille.com\/no\/wp-json\/wp\/v2\/comments?post=44873"}],"wp:featuredmedia":[{"embeddable":true,"href":"https:\/\/lilleogsnille.com\/no\/wp-json\/wp\/v2\/media\/107608"}],"wp:attachment":[{"href":"https:\/\/lilleogsnille.com\/no\/wp-json\/wp\/v2\/media?parent=44873"}],"wp:term":[{"taxonomy":"product_brand","embeddable":true,"href":"https:\/\/lilleogsnille.com\/no\/wp-json\/wp\/v2\/product_brand?post=44873"},{"taxonomy":"product_cat","embeddable":true,"href":"https:\/\/lilleogsnille.com\/no\/wp-json\/wp\/v2\/product_cat?post=44873"},{"taxonomy":"product_tag","embeddable":true,"href":"https:\/\/lilleogsnille.com\/no\/wp-json\/wp\/v2\/product_tag?post=44873"}],"curies":[{"name":"wp","href":"https:\/\/api.w.org\/{rel}","templated":true}]}}