{"id":43285,"date":"2020-06-25T15:02:12","date_gmt":"2021-08-16T10:52:29","guid":{"rendered":"https:\/\/lilleogsnille.com\/product\/ullhat-lille-rev-okologisk-for\/"},"modified":"2024-10-18T16:57:20","modified_gmt":"2024-10-18T14:57:20","slug":"woolen-hat-lille-rev-organic-lining","status":"publish","type":"product","link":"https:\/\/lilleogsnille.com\/no\/product\/woolen-hat-lille-rev-organic-lining\/","title":{"rendered":"Varm lue i ull &laquo;lille rev&raquo;, fargevalg"},"content":{"rendered":"<p>Denne s\u00f8te hatten er perfekt \u00e5 ha p\u00e5 i kaldt v\u00e6r!<\/p>\n<p>Den er laget av varm ull (kokt ull, 100% ull).<br \/>\nForet er den med myk \u00f8kologisk bomullsteddy i karamellfarget, og lukket med bomullstropper. Du kan velge forskjellige farger p\u00e5 ullstoffet. F\u00f4ret\/stroppene vil alltid forbli karamell.<\/p>\n<p>Veldig stilig!<\/p>\n<p>Takket v\u00e6re ullen er denne hatten vann og smussavvisende og pustende. Den er perfekt for utend\u00f8rs og holder den lille t\u00f8rr og varm, men ikke for varm!<\/p>\n<p>&nbsp;<\/p>\n<p>Laget av:<\/p>\n<p>100% ren ny ull, Oekotex 100 setifisert<\/p>\n<p>For lue: 100% \u00f8kologisk bomull, GOTS sertifisert<\/p>\n<p>B\u00e5nd: 100% \u00f8kologisk bomull, GOTS certified<\/p>\n<p>&nbsp;<\/p>\n<p>Materiale:<\/p>\n<p>Kokt ull<\/p>\n<p>Kokt ull er et naturlig produkt. Gjennom kokeprosessen blir ullen strammere og veldig tett. Kokt ull er derfor varmere, mer holdbar og motstandsdyktig mot vann og vind.<\/p>\n<p>Care<\/p>\n<p>Naturlig ull inneholder lanolin (ullvoks), som gir den antibakterielle egenskaper. Ullstoffer trenger ikke \u00e5 rengj\u00f8res veldig ofte. Lanolinen forhindrer at den lukter og holder den ren. Grovt smuss kan fjernes med en fuktig klut n\u00e5r den t\u00f8rkes. Du b\u00f8r ogs\u00e5 lufte produktet fra tid til annen. Hvis du virkelig trenger \u00e5 vaske den, kan du bruke h\u00e5ndvask med kaldt vann og ullvaskemiddel og t\u00f8rke flatt.<\/p>\n<p>Produkter med f\u00f4r: F\u00f4ret er allerede forvasket forsiktig og produktet er klart til bruk.<\/p>\n","protected":false},"excerpt":{"rendered":"<p>Denne s\u00f8te hatten er perfekt \u00e5 ha p\u00e5 i kaldt v\u00e6r! Den er laget av varm ull (kokt ull, 100% ull). Foret er den med myk \u00f8kologisk bomullsteddy i karamellfarget, og lukket med bomullstropper. Du kan velge forskjellige farger p\u00e5 ullstoffet. F\u00f4ret\/stroppene vil alltid forbli karamell. Veldig stilig! Takket v\u00e6re ullen er denne hatten vann [&hellip;]<\/p>\n","protected":false},"featured_media":97006,"comment_status":"closed","ping_status":"closed","template":"","meta":{"_coblocks_attr":"","_coblocks_dimensions":"","_coblocks_responsive_height":"","_coblocks_accordion_ie_support":"","_crdt_document":"","advanced_seo_description":"","jetpack_seo_html_title":"","jetpack_seo_noindex":false,"jetpack_publicize_message":"","jetpack_publicize_feature_enabled":true,"jetpack_social_post_already_shared":true,"jetpack_social_options":{"image_generator_settings":{"template":"highway","default_image_id":0,"font":"","enabled":false},"version":2},"_wpas_customize_per_network":false},"product_brand":[],"product_cat":[8843,8373,8850],"product_tag":[],"class_list":{"0":"post-43285","1":"product","2":"type-product","3":"status-publish","4":"has-post-thumbnail","6":"product_cat-new-no","7":"product_cat-tilbehor","8":"product_cat-ullklaer","9":"product_shipping_class-norway-no","10":"pa_colorproduct-beige-melange-no","11":"pa_colorproduct-brown-melange-no","12":"pa_colorproduct-curry-no","13":"pa_colorproduct-dusty-rose-no","14":"pa_colorproduct-grey-melange-no","15":"pa_colorproduct-navy-no","16":"pa_colorproduct-plum-no","17":"pa_colorproduct-rust-no","19":"first","20":"instock","21":"taxable","22":"shipping-taxable","23":"purchasable","24":"product-type-variable","25":"has-default-attributes"},"jetpack_publicize_connections":[],"jetpack_likes_enabled":true,"jetpack_sharing_enabled":true,"_links":{"self":[{"href":"https:\/\/lilleogsnille.com\/no\/wp-json\/wp\/v2\/product\/43285","targetHints":{"allow":["GET"]}}],"collection":[{"href":"https:\/\/lilleogsnille.com\/no\/wp-json\/wp\/v2\/product"}],"about":[{"href":"https:\/\/lilleogsnille.com\/no\/wp-json\/wp\/v2\/types\/product"}],"replies":[{"embeddable":true,"href":"https:\/\/lilleogsnille.com\/no\/wp-json\/wp\/v2\/comments?post=43285"}],"wp:featuredmedia":[{"embeddable":true,"href":"https:\/\/lilleogsnille.com\/no\/wp-json\/wp\/v2\/media\/97006"}],"wp:attachment":[{"href":"https:\/\/lilleogsnille.com\/no\/wp-json\/wp\/v2\/media?parent=43285"}],"wp:term":[{"taxonomy":"product_brand","embeddable":true,"href":"https:\/\/lilleogsnille.com\/no\/wp-json\/wp\/v2\/product_brand?post=43285"},{"taxonomy":"product_cat","embeddable":true,"href":"https:\/\/lilleogsnille.com\/no\/wp-json\/wp\/v2\/product_cat?post=43285"},{"taxonomy":"product_tag","embeddable":true,"href":"https:\/\/lilleogsnille.com\/no\/wp-json\/wp\/v2\/product_tag?post=43285"}],"curies":[{"name":"wp","href":"https:\/\/api.w.org\/{rel}","templated":true}]}}