{"id":43195,"date":"2020-06-25T15:27:07","date_gmt":"2021-08-16T09:53:52","guid":{"rendered":"https:\/\/lilleogsnille.com\/product\/baby-votter-ull-organisk\/"},"modified":"2025-01-08T13:08:21","modified_gmt":"2025-01-08T11:08:21","slug":"baby-mittens-virgin-wool-organic","status":"publish","type":"product","link":"https:\/\/lilleogsnille.com\/no\/product\/baby-mittens-virgin-wool-organic\/","title":{"rendered":"Baby ullvotter"},"content":{"rendered":"<p>Disse varme og behagelige ullvottene er perfekt for kaldere dager.<\/p>\n<p>De holder de sm\u00e5 hendene varm og koselige.<\/p>\n<p>Laget i varm, ny ull med myke mansjetter i merinoull.<\/p>\n<p>Veldig stilig!<\/p>\n<p>Takket v\u00e6re ullen er disse vottene vann- og smussavvisende og pustende.<\/p>\n<p>Tilgjengelig uf\u00f4ret eller f\u00f4ret med myk og varm merinoull.<\/p>\n<p>Laget av:<\/p>\n<p>100% ren ny ull, Oekotex 100 sertifisert, mulesing fri<\/p>\n<p>Mansjetter: 97 % \u00f8kologisk merino ull, kbt , 3 % elastane, GOTS sertifisert, mulesing fri, plastik fri<\/p>\n<p>For: 100% merinoull, mulesing fri, Oekotex 100 sertifisert<\/p>\n<p>Care<\/p>\n<p>Naturlig ull inneholder lanolin (ullvoks), som gir den antibakterielle egenskaper. Ullstoffer trenger ikke \u00e5 rengj\u00f8res veldig ofte. Lanolinen forhindrer at den lukter og holder den ren. Grovt smuss kan fjernes med en fuktig klut n\u00e5r den t\u00f8rkes. Du b\u00f8r ogs\u00e5 lufte produktet fra tid til annen. Hvis du virkelig trenger \u00e5 vaske den, kan du bruke h\u00e5ndvask med kaldt vann og ullvaskemiddel og t\u00f8rke flatt.<\/p>\n<p>Produkter med f\u00f4r: F\u00f4ret er allerede forvasket forsiktig og produktet er klart til bruk.<\/p>\n","protected":false},"excerpt":{"rendered":"<p>Disse varme og behagelige ullvottene er perfekt for kaldere dager. De holder de sm\u00e5 hendene varm og koselige. Laget i varm, ny ull med myke mansjetter i merinoull. Veldig stilig! Takket v\u00e6re ullen er disse vottene vann- og smussavvisende og pustende. Tilgjengelig uf\u00f4ret eller f\u00f4ret med myk og varm merinoull. Laget av: 100% ren ny [&hellip;]<\/p>\n","protected":false},"featured_media":93609,"comment_status":"open","ping_status":"closed","template":"","meta":{"_coblocks_attr":"","_coblocks_dimensions":"","_coblocks_responsive_height":"","_coblocks_accordion_ie_support":"","_crdt_document":"","advanced_seo_description":"","jetpack_seo_html_title":"","jetpack_seo_noindex":false,"jetpack_publicize_message":"","jetpack_publicize_feature_enabled":true,"jetpack_social_post_already_shared":true,"jetpack_social_options":{"image_generator_settings":{"template":"highway","default_image_id":0,"font":"","enabled":false},"version":2},"_wpas_customize_per_network":false},"product_brand":[],"product_cat":[8373,8850],"product_tag":[],"class_list":{"0":"post-43195","1":"product","2":"type-product","3":"status-publish","4":"has-post-thumbnail","6":"product_cat-tilbehor","7":"product_cat-ullklaer","8":"product_shipping_class-norway-no","9":"pa_colorproduct-beige-melange-no","10":"pa_colorproduct-brown-melange-no","11":"pa_colorproduct-curry-no","12":"pa_colorproduct-dusty-rose-no","13":"pa_colorproduct-grey-melange-no","14":"pa_colorproduct-navy-no","15":"pa_colorproduct-plum-no","16":"pa_colorproduct-rust-no","17":"pa_lining-merino-wool-lining","18":"pa_lining-uten-for","20":"first","21":"instock","22":"taxable","23":"shipping-taxable","24":"purchasable","25":"product-type-variable","26":"has-default-attributes"},"jetpack_publicize_connections":[],"jetpack_likes_enabled":true,"jetpack_sharing_enabled":true,"_links":{"self":[{"href":"https:\/\/lilleogsnille.com\/no\/wp-json\/wp\/v2\/product\/43195","targetHints":{"allow":["GET"]}}],"collection":[{"href":"https:\/\/lilleogsnille.com\/no\/wp-json\/wp\/v2\/product"}],"about":[{"href":"https:\/\/lilleogsnille.com\/no\/wp-json\/wp\/v2\/types\/product"}],"replies":[{"embeddable":true,"href":"https:\/\/lilleogsnille.com\/no\/wp-json\/wp\/v2\/comments?post=43195"}],"wp:featuredmedia":[{"embeddable":true,"href":"https:\/\/lilleogsnille.com\/no\/wp-json\/wp\/v2\/media\/93609"}],"wp:attachment":[{"href":"https:\/\/lilleogsnille.com\/no\/wp-json\/wp\/v2\/media?parent=43195"}],"wp:term":[{"taxonomy":"product_brand","embeddable":true,"href":"https:\/\/lilleogsnille.com\/no\/wp-json\/wp\/v2\/product_brand?post=43195"},{"taxonomy":"product_cat","embeddable":true,"href":"https:\/\/lilleogsnille.com\/no\/wp-json\/wp\/v2\/product_cat?post=43195"},{"taxonomy":"product_tag","embeddable":true,"href":"https:\/\/lilleogsnille.com\/no\/wp-json\/wp\/v2\/product_tag?post=43195"}],"curies":[{"name":"wp","href":"https:\/\/api.w.org\/{rel}","templated":true}]}}