{"id":112601,"date":"2025-08-20T13:33:52","date_gmt":"2025-08-20T11:33:52","guid":{"rendered":"https:\/\/lilleogsnille.com\/?post_type=product&#038;p=112601"},"modified":"2025-08-20T15:06:52","modified_gmt":"2025-08-20T13:06:52","slug":"wool-set-louis-pure-merino-wool","status":"publish","type":"product","link":"https:\/\/lilleogsnille.com\/no\/product\/wool-set-louis-pure-merino-wool\/","title":{"rendered":"Ullsett Louis, ren merinoull"},"content":{"rendered":"<p>Dette settet er laget i ren merinoull fra et lite h\u00e5ndverksbedrift i Finland.<\/p>\n<p>Den er superkoselig \u00e5 ha p\u00e5 og perfekt som mellomlag eller innerste lag. I vintertiden er den super som et ekstra varm lag under vinterkl\u00e6rne.<\/p>\n<hr>\n<p>H\u00e5ndlaget med:<\/p>\n<p>100% Merinoull (fra et lite finsk bedrift)<\/p>\n<ul>\n<li>Oekotex 100 sertifisert<\/li>\n<li>mulesing fri<\/li>\n<li>plast fri<\/li>\n<li>RWS sertifisert (Responsible wool standard)<\/li>\n<li>perfekt for sensitive hud<\/li>\n<\/ul>\n<p>&nbsp;<\/p>\n","protected":false},"excerpt":{"rendered":"<p>Dette settet er laget i ren merinoull fra et lite h\u00e5ndverksbedrift i Finland. Den er superkoselig \u00e5 ha p\u00e5 og perfekt som mellomlag eller innerste lag. I vintertiden er den super som et ekstra varm lag under vinterkl\u00e6rne. H\u00e5ndlaget med: 100% Merinoull (fra et lite finsk bedrift) Oekotex 100 sertifisert mulesing fri plast fri RWS [&hellip;]<\/p>\n","protected":false},"featured_media":112640,"comment_status":"closed","ping_status":"closed","template":"","meta":{"_coblocks_attr":"","_coblocks_dimensions":"","_coblocks_responsive_height":"","_coblocks_accordion_ie_support":"","_crdt_document":"","advanced_seo_description":"","jetpack_seo_html_title":"","jetpack_seo_noindex":false,"jetpack_publicize_message":"","jetpack_publicize_feature_enabled":true,"jetpack_social_post_already_shared":true,"jetpack_social_options":{"image_generator_settings":{"template":"highway","default_image_id":0,"font":"","enabled":false},"version":2},"_wpas_customize_per_network":false},"product_brand":[],"product_cat":[8847,8849,8377,8843,8850],"product_tag":[],"class_list":{"0":"post-112601","1":"product","2":"type-product","3":"status-publish","4":"has-post-thumbnail","6":"product_cat-bukser","7":"product_cat-genser-topper","8":"product_cat-heldress","9":"product_cat-new-no","10":"product_cat-ullklaer","11":"pa_colorproduct-heather","12":"pa_colorproduct-moss-green","13":"pa_colorproduct-navy-no","14":"pa_colorproduct-taupe","15":"pa_size-eu-104-110-cm-no","16":"pa_size-eu-110-116-cm-no","17":"pa_size-eu-116-122-cm-no","18":"pa_size-eu-122-128-cm-2-no","19":"pa_size-eu-128-134-cm-2-no","20":"pa_size-eu-44-50-cm-no","21":"pa_size-eu-50-56-cm-no","22":"pa_size-eu-56-62-cm-no","23":"pa_size-eu-62-68-cm-no","24":"pa_size-eu-68-74-cm-no","25":"pa_size-eu-74-80-cm-no","26":"pa_size-eu-80-86-cm-no","27":"pa_size-eu-86-92-cm-no","28":"pa_size-eu-92-98-cm-no","29":"pa_size-eu-98-104-cm-no","31":"first","32":"instock","33":"taxable","34":"shipping-taxable","35":"purchasable","36":"product-type-variable"},"jetpack_publicize_connections":[],"jetpack_likes_enabled":true,"jetpack_sharing_enabled":true,"_links":{"self":[{"href":"https:\/\/lilleogsnille.com\/no\/wp-json\/wp\/v2\/product\/112601","targetHints":{"allow":["GET"]}}],"collection":[{"href":"https:\/\/lilleogsnille.com\/no\/wp-json\/wp\/v2\/product"}],"about":[{"href":"https:\/\/lilleogsnille.com\/no\/wp-json\/wp\/v2\/types\/product"}],"replies":[{"embeddable":true,"href":"https:\/\/lilleogsnille.com\/no\/wp-json\/wp\/v2\/comments?post=112601"}],"wp:featuredmedia":[{"embeddable":true,"href":"https:\/\/lilleogsnille.com\/no\/wp-json\/wp\/v2\/media\/112640"}],"wp:attachment":[{"href":"https:\/\/lilleogsnille.com\/no\/wp-json\/wp\/v2\/media?parent=112601"}],"wp:term":[{"taxonomy":"product_brand","embeddable":true,"href":"https:\/\/lilleogsnille.com\/no\/wp-json\/wp\/v2\/product_brand?post=112601"},{"taxonomy":"product_cat","embeddable":true,"href":"https:\/\/lilleogsnille.com\/no\/wp-json\/wp\/v2\/product_cat?post=112601"},{"taxonomy":"product_tag","embeddable":true,"href":"https:\/\/lilleogsnille.com\/no\/wp-json\/wp\/v2\/product_tag?post=112601"}],"curies":[{"name":"wp","href":"https:\/\/api.w.org\/{rel}","templated":true}]}}