{"id":109502,"date":"2025-03-21T11:59:28","date_gmt":"2025-03-21T09:59:28","guid":{"rendered":"https:\/\/lilleogsnille.com\/?post_type=product&#038;p=109502"},"modified":"2025-05-15T16:48:33","modified_gmt":"2025-05-15T14:48:33","slug":"linen-shirt-synne","status":"publish","type":"product","link":"https:\/\/lilleogsnille.com\/no\/product\/linen-shirt-synne\/","title":{"rendered":"Lin topp Synne"},"content":{"rendered":"<p>Denne toppen er laget i ren lin fra europeisk produksjon.<br \/>\nDen har nydelige kokosknapper p\u00e5 baksiden.<\/p>\n<p>Skjorten er h\u00e5ndlaget p\u00e5 bestilling.<\/p>\n<p>Du er velkommen til \u00e5 sende meg m\u00e5lene til din lille (h\u00f8yde, magest\u00f8rrelse osv.), slik at jeg kan lage dette stykket for deg i henhold til dine sm\u00e5 m\u00e5l.<\/p>\n<p>Laget av:<\/p>\n<p>100% linen, Oekotex 100 certified, medium weight<\/p>\n<p>Kokosknapper<\/p>\n<p>Materiale:<\/p>\n<p>Lin er veldig behagelig for huden. Det b\u00e5de holder den lille kj\u00f8lig om sommeren, men ogs\u00e5 hyggelig og varm p\u00e5 kaldere dager.<\/p>\n<p>Care<\/p>\n<p>Vask i 30 grader finvask, ikke t\u00f8rketrommel.<\/p>\n<p>&nbsp;<\/p>\n","protected":false},"excerpt":{"rendered":"<p>Denne toppen er laget i ren lin fra europeisk produksjon. Den har nydelige kokosknapper p\u00e5 baksiden. Skjorten er h\u00e5ndlaget p\u00e5 bestilling. Du er velkommen til \u00e5 sende meg m\u00e5lene til din lille (h\u00f8yde, magest\u00f8rrelse osv.), slik at jeg kan lage dette stykket for deg i henhold til dine sm\u00e5 m\u00e5l. Laget av: 100% linen, Oekotex [&hellip;]<\/p>\n","protected":false},"featured_media":112663,"comment_status":"closed","ping_status":"closed","template":"","meta":{"_coblocks_attr":"","_coblocks_dimensions":"","_coblocks_responsive_height":"","_coblocks_accordion_ie_support":"","_crdt_document":"","advanced_seo_description":"","jetpack_seo_html_title":"","jetpack_seo_noindex":false,"jetpack_publicize_message":"","jetpack_publicize_feature_enabled":true,"jetpack_social_post_already_shared":true,"jetpack_social_options":{"image_generator_settings":{"template":"highway","default_image_id":0,"font":"","enabled":false},"version":2},"_wpas_customize_per_network":false},"product_brand":[],"product_cat":[8382,8849,8978],"product_tag":[],"class_list":{"0":"post-109502","1":"product","2":"type-product","3":"status-publish","4":"has-post-thumbnail","6":"product_cat-festlige-klaer","7":"product_cat-genser-topper","8":"product_cat-linklaer","9":"product_shipping_class-norway-no","10":"pa_colorproduct-beige-no","11":"pa_colorproduct-brown-no","12":"pa_colorproduct-burnt-orange-no","13":"pa_colorproduct-camel-no","14":"pa_colorproduct-checkered-no","15":"pa_colorproduct-cocoa-no","16":"pa_colorproduct-grey-no","17":"pa_colorproduct-misty-rose-no","18":"pa_colorproduct-navy-no","19":"pa_colorproduct-sand-no-2","20":"pa_colorproduct-stripes-no","21":"pa_colorproduct-winter-sky-no","22":"pa_size-104-cm-no-2","23":"pa_size-110-cm-no","24":"pa_size-116-cm-no","25":"pa_size-122-cm-no","26":"pa_size-56-cm-no","27":"pa_size-62-cm-no","28":"pa_size-68-cm-no","29":"pa_size-74-cm-no","30":"pa_size-80-cm-no","31":"pa_size-86-cm-no","32":"pa_size-92-cm-no","33":"pa_size-98-cm-no","35":"first","36":"instock","37":"taxable","38":"shipping-taxable","39":"purchasable","40":"product-type-variable","41":"has-default-attributes"},"jetpack_publicize_connections":[],"jetpack_likes_enabled":true,"jetpack_sharing_enabled":true,"_links":{"self":[{"href":"https:\/\/lilleogsnille.com\/no\/wp-json\/wp\/v2\/product\/109502","targetHints":{"allow":["GET"]}}],"collection":[{"href":"https:\/\/lilleogsnille.com\/no\/wp-json\/wp\/v2\/product"}],"about":[{"href":"https:\/\/lilleogsnille.com\/no\/wp-json\/wp\/v2\/types\/product"}],"replies":[{"embeddable":true,"href":"https:\/\/lilleogsnille.com\/no\/wp-json\/wp\/v2\/comments?post=109502"}],"wp:featuredmedia":[{"embeddable":true,"href":"https:\/\/lilleogsnille.com\/no\/wp-json\/wp\/v2\/media\/112663"}],"wp:attachment":[{"href":"https:\/\/lilleogsnille.com\/no\/wp-json\/wp\/v2\/media?parent=109502"}],"wp:term":[{"taxonomy":"product_brand","embeddable":true,"href":"https:\/\/lilleogsnille.com\/no\/wp-json\/wp\/v2\/product_brand?post=109502"},{"taxonomy":"product_cat","embeddable":true,"href":"https:\/\/lilleogsnille.com\/no\/wp-json\/wp\/v2\/product_cat?post=109502"},{"taxonomy":"product_tag","embeddable":true,"href":"https:\/\/lilleogsnille.com\/no\/wp-json\/wp\/v2\/product_tag?post=109502"}],"curies":[{"name":"wp","href":"https:\/\/api.w.org\/{rel}","templated":true}]}}