{"id":109438,"date":"2025-03-19T18:00:24","date_gmt":"2025-03-19T16:00:25","guid":{"rendered":"https:\/\/lilleogsnille.com\/?post_type=product&#038;p=109438"},"modified":"2025-03-19T18:36:08","modified_gmt":"2025-03-19T16:36:08","slug":"panneband-merinoull-strikk-rusty-brown-copy","status":"publish","type":"product","link":"https:\/\/lilleogsnille.com\/no\/product\/panneband-merinoull-strikk-rusty-brown-copy\/","title":{"rendered":"Panneb\u00e5nd i merinoull"},"content":{"rendered":"<p>Dette s\u00f8te panneb\u00e5ndet er laget av myk merinoull.<\/p>\n<p>Stoffet er en tykkere kvalitet og er perfekt for h\u00f8st, v\u00e5r og vinter.<\/p>\n<p>Laget av:<\/p>\n<p>100% Merino ull<\/p>\n<ul>\n<li>mulesing fri<\/li>\n<li>RWS sertifisert<\/li>\n<li>plast fri<\/li>\n<li>Oekotex 100 sertifisert<\/li>\n<\/ul>\n<p>&nbsp;<\/p>\n<p>Materiale:<\/p>\n<p>Merinoullstrikk<\/p>\n<p>Ull er et naturligt produkt og merino ull er extra mykt og komfortable. Dette panneb\u00e5ndet er i veldig mykt kvalitet og kan brukes hele \u00e5ret.<\/p>\n<p>Care<\/p>\n<p>Naturlig ull inneholder lanolin (ullvoks), som gir den antibakterielle egenskaper. Ullstoffer trenger ikke \u00e5 rengj\u00f8res veldig ofte. Lanolinen forhindrer at den lukter og holder den ren. Grovt smuss kan fjernes med en fuktig klut n\u00e5r den t\u00f8rkes. Du b\u00f8r ogs\u00e5 lufte produktet fra tid til annen. Hvis du virkelig trenger \u00e5 vaske den, kan du bruke h\u00e5ndvask med kaldt vann og ullvaskemiddel og t\u00f8rke flatt.<\/p>\n<p>Produkter med f\u00f4r: F\u00f4ret er allerede forvasket forsiktig og produktet er klart til bruk.<\/p>\n","protected":false},"excerpt":{"rendered":"<p>Dette s\u00f8te panneb\u00e5ndet er laget av myk merinoull. Stoffet er en tykkere kvalitet og er perfekt for h\u00f8st, v\u00e5r og vinter. Laget av: 100% Merino ull mulesing fri RWS sertifisert plast fri Oekotex 100 sertifisert &nbsp; Materiale: Merinoullstrikk Ull er et naturligt produkt og merino ull er extra mykt og komfortable. Dette panneb\u00e5ndet er i [&hellip;]<\/p>\n","protected":false},"featured_media":109450,"comment_status":"closed","ping_status":"closed","template":"","meta":{"_coblocks_attr":"","_coblocks_dimensions":"","_coblocks_responsive_height":"","_coblocks_accordion_ie_support":"","_crdt_document":"","advanced_seo_description":"","jetpack_seo_html_title":"","jetpack_seo_noindex":false,"jetpack_publicize_message":"","jetpack_publicize_feature_enabled":true,"jetpack_social_post_already_shared":true,"jetpack_social_options":{"image_generator_settings":{"template":"highway","default_image_id":0,"font":"","enabled":false},"version":2},"_wpas_customize_per_network":false},"product_brand":[],"product_cat":[8951,8850],"product_tag":[],"class_list":{"0":"post-109438","1":"product","2":"type-product","3":"status-publish","4":"has-post-thumbnail","6":"product_cat-til-mamma","7":"product_cat-ullklaer","8":"product_shipping_class-norway-no","9":"pa_colorproduct-heather","10":"pa_colorproduct-moss-green","11":"pa_colorproduct-navy-no","12":"pa_colorproduct-taupe","14":"first","15":"instock","16":"taxable","17":"shipping-taxable","18":"purchasable","19":"product-type-variable","20":"has-default-attributes"},"jetpack_publicize_connections":[],"jetpack_likes_enabled":true,"jetpack_sharing_enabled":true,"_links":{"self":[{"href":"https:\/\/lilleogsnille.com\/no\/wp-json\/wp\/v2\/product\/109438","targetHints":{"allow":["GET"]}}],"collection":[{"href":"https:\/\/lilleogsnille.com\/no\/wp-json\/wp\/v2\/product"}],"about":[{"href":"https:\/\/lilleogsnille.com\/no\/wp-json\/wp\/v2\/types\/product"}],"replies":[{"embeddable":true,"href":"https:\/\/lilleogsnille.com\/no\/wp-json\/wp\/v2\/comments?post=109438"}],"wp:featuredmedia":[{"embeddable":true,"href":"https:\/\/lilleogsnille.com\/no\/wp-json\/wp\/v2\/media\/109450"}],"wp:attachment":[{"href":"https:\/\/lilleogsnille.com\/no\/wp-json\/wp\/v2\/media?parent=109438"}],"wp:term":[{"taxonomy":"product_brand","embeddable":true,"href":"https:\/\/lilleogsnille.com\/no\/wp-json\/wp\/v2\/product_brand?post=109438"},{"taxonomy":"product_cat","embeddable":true,"href":"https:\/\/lilleogsnille.com\/no\/wp-json\/wp\/v2\/product_cat?post=109438"},{"taxonomy":"product_tag","embeddable":true,"href":"https:\/\/lilleogsnille.com\/no\/wp-json\/wp\/v2\/product_tag?post=109438"}],"curies":[{"name":"wp","href":"https:\/\/api.w.org\/{rel}","templated":true}]}}