{"id":107721,"date":"2024-09-24T12:49:56","date_gmt":"2024-09-24T10:49:58","guid":{"rendered":"https:\/\/lilleogsnille.com\/?post_type=product&#038;p=107721"},"modified":"2025-05-20T16:11:42","modified_gmt":"2025-05-20T14:11:42","slug":"wool-jacket-for-woman-pure","status":"publish","type":"product","link":"https:\/\/lilleogsnille.com\/no\/product\/wool-jacket-for-woman-pure\/","title":{"rendered":"Ulljakke til dame, PURE"},"content":{"rendered":"<p>Denne elegante og tidl\u00f8se jakken er perfekt \u00e5 ha p\u00e5 i kaldt v\u00e6r!<\/p>\n<p>Den passer for h\u00f8st, vinter og v\u00e5r.<\/p>\n<p>Den komplette k\u00e5pen er laget av 100 % varm, ren ny ull (kokt ull). Hetten er foret med ren, myk merinoull. Resten av jakke er ikke foret.<\/p>\n<p>Takket v\u00e6re ullen er denne jakken vann-avst\u00f8tende og pustende.<\/p>\n<p>Du er velkommen til \u00e5 sende meg dine m\u00e5l i cm (chest, waist, hip). Hvis du \u00f8nsker deg en annen Design eller annen lengde, brede osv. er det ikke noe problem.  Vennligst kontakt meg p\u00e5 forh\u00e5nd \ud83d\ude42<\/p>\n<p>Laget av:<\/p>\n<p>100 % virgin ull (kokt ull): Oekotex 100 sertifisert, produsert i Europa<\/p>\n<p>Materiale:<\/p>\n<p>Kokt ull<\/p>\n<p>Kokt ull er et naturlig produkt. Gjennom kokeprosessen blir ullen strammere og veldig tett. Den er derfor varmere og motstandsdyktig mot vann og vind.<\/p>\n<p>Care<\/p>\n<p>Naturlig ull inneholder lanolin (ullvoks), som gir den antibakterielle egenskaper. Ullstoffer trenger ikke \u00e5 rengj\u00f8res veldig ofte. Lanolinen forhindrer at den lukter og holder den ren. Grovt smuss kan fjernes med en fuktig klut n\u00e5r den t\u00f8rkes. Du b\u00f8r ogs\u00e5 lufte produktet fra tid til annen. Hvis du virkelig trenger \u00e5 vaske den, kan du bruke h\u00e5ndvask med kaldt vann og ullvaskemiddel og t\u00f8rke flatt.<\/p>\n<p>&nbsp;<\/p>\n<p style=\"text-align: center;\"><strong>Women&#8217;s Size Chart (+\/- 2 cm)<\/strong><\/p>\n<table style=\"height: 373px;\" width=\"713\">\n<tbody>\n<tr>\n<td style=\"text-align: center;\">\n<h5><span style=\"color: #808080;\">St\u00f8rrelse<\/span><\/h5>\n<\/td>\n<td style=\"text-align: center;\">\n<h5><span style=\"color: #808080;\"><em><span style=\"font-weight: 400;\">Byste<\/span><\/em><\/span><\/h5>\n<\/td>\n<td style=\"text-align: center;\">\n<h5><span style=\"color: #808080;\"><em><span style=\"font-weight: 400;\">Midje<\/span><\/em><\/span><\/h5>\n<\/td>\n<td style=\"text-align: center;\">\n<h5><span style=\"color: #808080;\"><em><span style=\"font-weight: 400;\">Hofte<\/span><\/em><\/span><\/h5>\n<\/td>\n<\/tr>\n<tr>\n<td>\n<h5 style=\"text-align: center;\"><span style=\"color: #808080;\">XS<\/span><\/h5>\n<\/td>\n<td style=\"text-align: center;\">\n<h5><span style=\"font-weight: 400; color: #808080;\">80 -84 cm<\/span><\/h5>\n<\/td>\n<td style=\"text-align: center;\">\n<h5><span style=\"font-weight: 400; color: #808080;\">64-68 cm<\/span><\/h5>\n<\/td>\n<td style=\"text-align: center;\">\n<h5><span style=\"font-weight: 400; color: #808080;\">88-92 cm<\/span><\/h5>\n<\/td>\n<\/tr>\n<tr>\n<td>\n<h5 style=\"text-align: center;\"><span style=\"color: #808080;\">S<\/span><\/h5>\n<\/td>\n<td style=\"text-align: center;\">\n<h5><span style=\"font-weight: 400; color: #808080;\">84-88 cm<\/span><\/h5>\n<\/td>\n<td style=\"text-align: center;\">\n<h5><span style=\"font-weight: 400; color: #808080;\">68-72 cm<\/span><\/h5>\n<\/td>\n<td>\n<h5 style=\"text-align: center;\"><span style=\"font-weight: 400; color: #808080;\">92-96 cm<\/span><\/h5>\n<\/td>\n<\/tr>\n<tr>\n<td>\n<h5 style=\"text-align: center;\"><span style=\"color: #808080;\">M<\/span><\/h5>\n<\/td>\n<td style=\"text-align: center;\">\n<h5><span style=\"font-weight: 400; color: #808080;\">88-94 cm<\/span><\/h5>\n<\/td>\n<td style=\"text-align: center;\">\n<h5><span style=\"font-weight: 400; color: #808080;\">72-78 cm<\/span><\/h5>\n<\/td>\n<td>\n<h5 style=\"text-align: center;\"><span style=\"font-weight: 400; color: #808080;\">96-102 cm<\/span><\/h5>\n<\/td>\n<\/tr>\n<tr>\n<td style=\"text-align: center;\">\n<h5><span style=\"color: #808080;\">L<\/span><\/h5>\n<\/td>\n<td style=\"text-align: center;\">\n<h5><span style=\"font-weight: 400; color: #808080;\">94-100 cm<\/span><\/h5>\n<\/td>\n<td style=\"text-align: center;\">\n<h5><span style=\"font-weight: 400; color: #808080;\">78-84 cm<\/span><\/h5>\n<\/td>\n<td>\n<h5 style=\"text-align: center;\"><span style=\"font-weight: 400; color: #808080;\">102-108 cm<\/span><\/h5>\n<\/td>\n<\/tr>\n<tr>\n<td style=\"text-align: center;\">\n<h5><span style=\"color: #808080;\">XL<\/span><\/h5>\n<\/td>\n<td style=\"text-align: center;\">\n<h5><span style=\"font-weight: 400; color: #808080;\">100-108 cm<\/span><\/h5>\n<\/td>\n<td style=\"text-align: center;\">\n<h5><span style=\"font-weight: 400; color: #808080;\">84-92 cm<\/span><\/h5>\n<\/td>\n<td style=\"text-align: center;\">\n<h5><span style=\"font-weight: 400; color: #808080;\">108-116 cm<\/span><\/h5>\n<\/td>\n<\/tr>\n<\/tbody>\n<\/table>\n<p>&nbsp;<\/p>\n<p>&nbsp;<\/p>\n","protected":false},"excerpt":{"rendered":"<p>Denne elegante og tidl\u00f8se jakken er perfekt \u00e5 ha p\u00e5 i kaldt v\u00e6r! Den passer for h\u00f8st, vinter og v\u00e5r. Den komplette k\u00e5pen er laget av 100 % varm, ren ny ull (kokt ull). Hetten er foret med ren, myk merinoull. Resten av jakke er ikke foret. Takket v\u00e6re ullen er denne jakken vann-avst\u00f8tende og [&hellip;]<\/p>\n","protected":false},"featured_media":107741,"comment_status":"closed","ping_status":"closed","template":"","meta":{"_coblocks_attr":"","_coblocks_dimensions":"","_coblocks_responsive_height":"","_coblocks_accordion_ie_support":"","_crdt_document":"","advanced_seo_description":"","jetpack_seo_html_title":"","jetpack_seo_noindex":false,"jetpack_post_was_ever_published":false,"jetpack_publicize_message":"","jetpack_publicize_feature_enabled":true,"jetpack_social_post_already_shared":true,"jetpack_social_options":{"image_generator_settings":{"template":"highway","default_image_id":0,"font":"","enabled":false},"version":2},"_wpas_customize_per_network":false},"product_brand":[],"product_cat":[8843,8951],"product_tag":[],"class_list":{"0":"post-107721","1":"product","2":"type-product","3":"status-publish","4":"has-post-thumbnail","6":"product_cat-new-no","7":"product_cat-til-mamma","8":"product_shipping_class-europe-no","9":"pa_colorproduct-beige-melange-no","10":"pa_colorproduct-brown-melange-no","11":"pa_colorproduct-curry-no","12":"pa_colorproduct-dusty-rose-no","13":"pa_colorproduct-grey-melange-no","14":"pa_colorproduct-navy-no","15":"pa_colorproduct-plum-no","16":"pa_colorproduct-rust-no","18":"first","19":"instock","20":"taxable","21":"shipping-taxable","22":"purchasable","23":"product-type-variable","24":"has-default-attributes"},"jetpack_publicize_connections":[],"jetpack_likes_enabled":true,"jetpack_sharing_enabled":true,"_links":{"self":[{"href":"https:\/\/lilleogsnille.com\/no\/wp-json\/wp\/v2\/product\/107721","targetHints":{"allow":["GET"]}}],"collection":[{"href":"https:\/\/lilleogsnille.com\/no\/wp-json\/wp\/v2\/product"}],"about":[{"href":"https:\/\/lilleogsnille.com\/no\/wp-json\/wp\/v2\/types\/product"}],"replies":[{"embeddable":true,"href":"https:\/\/lilleogsnille.com\/no\/wp-json\/wp\/v2\/comments?post=107721"}],"wp:featuredmedia":[{"embeddable":true,"href":"https:\/\/lilleogsnille.com\/no\/wp-json\/wp\/v2\/media\/107741"}],"wp:attachment":[{"href":"https:\/\/lilleogsnille.com\/no\/wp-json\/wp\/v2\/media?parent=107721"}],"wp:term":[{"taxonomy":"product_brand","embeddable":true,"href":"https:\/\/lilleogsnille.com\/no\/wp-json\/wp\/v2\/product_brand?post=107721"},{"taxonomy":"product_cat","embeddable":true,"href":"https:\/\/lilleogsnille.com\/no\/wp-json\/wp\/v2\/product_cat?post=107721"},{"taxonomy":"product_tag","embeddable":true,"href":"https:\/\/lilleogsnille.com\/no\/wp-json\/wp\/v2\/product_tag?post=107721"}],"curies":[{"name":"wp","href":"https:\/\/api.w.org\/{rel}","templated":true}]}}