{"id":106911,"date":"2024-06-17T12:59:35","date_gmt":"2024-06-17T10:59:44","guid":{"rendered":"https:\/\/lilleogsnille.com\/?post_type=product&#038;p=106911"},"modified":"2025-06-10T09:36:38","modified_gmt":"2025-06-10T07:36:38","slug":"woolen-t-shirt-for-kids","status":"publish","type":"product","link":"https:\/\/lilleogsnille.com\/no\/product\/woolen-t-shirt-for-kids\/","title":{"rendered":"Ulltr\u00f8ye til barn, No\u00e9"},"content":{"rendered":"<p>Denne fine tr\u00f8yen er laget av myk og ren merinoull.<\/p>\n<p>Den perfekte f\u00f8lgesvenn \u00e5ret rundt.<\/p>\n<p>Ull er ogs\u00e5 perfekt for sommeren. \ud83d\udc0f<br \/>\nPustende, fuktighetsabsorberende og lett. Og den t\u00f8rker veldig raskt og trenger ikke \u00e5 vaskes s\u00e5 ofte.<\/p>\n<p>Den er veldig mykt og deilig \u00e5 ha p\u00e5 for din lille. Ullen er litt tynnere og den kan brukes \u00e5ret rundt. Som t-skjorte om sommeren eller som ekstra ulllag vinter, h\u00f8st og v\u00e5r.<\/p>\n<hr>\n<p>Laget av:<\/p>\n<p>100% ren merino ull, mulesing fri, plast fri, Oekotex 100 certified\/Gots certified<\/p>\n<p>&nbsp;<\/p>\n<p>&nbsp;<\/p>\n<p>&nbsp;<\/p>\n","protected":false},"excerpt":{"rendered":"<p>Denne fine tr\u00f8yen er laget av myk og ren merinoull. Den perfekte f\u00f8lgesvenn \u00e5ret rundt. Ull er ogs\u00e5 perfekt for sommeren. \ud83d\udc0f Pustende, fuktighetsabsorberende og lett. Og den t\u00f8rker veldig raskt og trenger ikke \u00e5 vaskes s\u00e5 ofte. Den er veldig mykt og deilig \u00e5 ha p\u00e5 for din lille. Ullen er litt tynnere og [&hellip;]<\/p>\n","protected":false},"featured_media":107817,"comment_status":"closed","ping_status":"closed","template":"","meta":{"_coblocks_attr":"","_coblocks_dimensions":"","_coblocks_responsive_height":"","_coblocks_accordion_ie_support":"","_crdt_document":"","advanced_seo_description":"","jetpack_seo_html_title":"","jetpack_seo_noindex":false,"jetpack_post_was_ever_published":false,"jetpack_publicize_message":"","jetpack_publicize_feature_enabled":true,"jetpack_social_post_already_shared":true,"jetpack_social_options":{"image_generator_settings":{"template":"highway","default_image_id":0,"font":"","enabled":false},"version":2},"_wpas_customize_per_network":false},"product_brand":[],"product_cat":[8892,8108],"product_tag":[],"class_list":{"0":"post-106911","1":"product","2":"type-product","3":"status-publish","4":"has-post-thumbnail","6":"product_cat-sweaters","7":"product_cat-wool","8":"pa_size-eu-128-134-cm-2","9":"pa_size-eu-134-140-cm","10":"pa_size-eu-44-50-cm","11":"pa_size-eu-50-56-cm","12":"pa_size-eu-56-62-cm","13":"pa_size-eu-62-68-cm","14":"pa_size-eu-68-74-cm","15":"pa_size-eu-74-80-cm","16":"pa_size-eu-80-86-cm","17":"pa_size-eu-86-92-cm","18":"pa_size-eu-92-98-cm","19":"pa_size-eu-98-104-cm","20":"pa_size-eu-104-110-cm","21":"pa_size-eu-110-116-cm","22":"pa_size-eu-116-122-cm","24":"first","25":"instock","26":"taxable","27":"shipping-taxable","28":"purchasable","29":"product-type-variable","30":"has-default-attributes"},"jetpack_publicize_connections":[],"jetpack_likes_enabled":true,"jetpack_sharing_enabled":true,"_links":{"self":[{"href":"https:\/\/lilleogsnille.com\/no\/wp-json\/wp\/v2\/product\/106911","targetHints":{"allow":["GET"]}}],"collection":[{"href":"https:\/\/lilleogsnille.com\/no\/wp-json\/wp\/v2\/product"}],"about":[{"href":"https:\/\/lilleogsnille.com\/no\/wp-json\/wp\/v2\/types\/product"}],"replies":[{"embeddable":true,"href":"https:\/\/lilleogsnille.com\/no\/wp-json\/wp\/v2\/comments?post=106911"}],"wp:featuredmedia":[{"embeddable":true,"href":"https:\/\/lilleogsnille.com\/no\/wp-json\/wp\/v2\/media\/107817"}],"wp:attachment":[{"href":"https:\/\/lilleogsnille.com\/no\/wp-json\/wp\/v2\/media?parent=106911"}],"wp:term":[{"taxonomy":"product_brand","embeddable":true,"href":"https:\/\/lilleogsnille.com\/no\/wp-json\/wp\/v2\/product_brand?post=106911"},{"taxonomy":"product_cat","embeddable":true,"href":"https:\/\/lilleogsnille.com\/no\/wp-json\/wp\/v2\/product_cat?post=106911"},{"taxonomy":"product_tag","embeddable":true,"href":"https:\/\/lilleogsnille.com\/no\/wp-json\/wp\/v2\/product_tag?post=106911"}],"curies":[{"name":"wp","href":"https:\/\/api.w.org\/{rel}","templated":true}]}}