{"id":105762,"date":"2024-04-02T15:06:41","date_gmt":"2024-04-02T13:06:41","guid":{"rendered":"https:\/\/lilleogsnille.com\/?post_type=product&#038;p=105762"},"modified":"2025-07-29T10:28:07","modified_gmt":"2025-07-29T08:28:07","slug":"ulljakke-lille-bjorn-fargevalg-copy","status":"publish","type":"product","link":"https:\/\/lilleogsnille.com\/no\/product\/ulljakke-lille-bjorn-fargevalg-copy\/","title":{"rendered":"Ulljakke Colorblock, designvalg"},"content":{"rendered":"<p>Denne s\u00f8te k\u00e5pen er perfekt \u00e5 bruke p\u00e5 kalde dager. Den er laget av 100 % varm virgin ull med ekstra lange mansjetter i myk merinoull.<br \/>\nHetten er foret med myk merinoull. Mansjettene er extra lange, s\u00e5 denne s\u00f8te jakken vokser med din lille veldig lang tid.<br \/>\nDen perfekte jakken for de kaldere dagene p\u00e5 h\u00f8sten eller v\u00e5ren. Flott \u00e5 ha p\u00e5 vinteren med varme lag under eller som mellomlag!<\/p>\n<p>Den lukkes med vakre, naturlige kokosn\u00f8ttknapper. Den har ogs\u00e5 en lomme hvor viktige sm\u00e5ting kan oppbevares! \ud83d\ude42<\/p>\n<p>Brukseksempel: Barnet p\u00e5 bildet har p\u00e5 seg st\u00f8rrelse 92\/98 og er 93 cm h\u00f8yt. I Begynnelsen er jakken fin og lang, som en liten k\u00e5pe, men den kan brukes veldig bra med mansjettene oppbrettet. Den vokser s\u00e5 ca 1-2 st\u00f8rrelser til med din lille.<\/p>\n<p>Design: Det er 2 forskjellige design \u00e5 velge mellom, eller du kan lage \u00f8nsket design (skriv meg gjerne) med favoritt fargene dine. \ud83d\ude42<\/p>\n<p>Designvalg: hette\/armer\/torso<br \/>\nDesign 1: Rust\/dusty rose\/beige melange<br \/>\nDesign 2: Rust\/beige melange\/brown melange<\/p>\n<p>Materiale:<\/p>\n<p>Kokt ull: 100 % virgin ull, Oekotex 100-sertifisert, mulesingfri<br \/>\nHettef\u00f4r: 100 % merinoull, fri for mulesing, Oekotex 100-sertifisert<br \/>\nMansjetter: 97% merino ull, kbt, mulesing fri, 3 % elastane, GOTS sertifisert<\/p>\n<p>Takket v\u00e6re ullen er denne jakken vannavst\u00f8tende og pustende. Den er perfekt for utend\u00f8rs og holder den lille t\u00f8rr og varm, men ikke for varmt! Den er ogs\u00e5 perfekt for \u00e5 sove i barnevognen ute.<\/p>\n<p>Den kommer romslig i st\u00f8rrelse og vokser sammen med den lille en god stund. S\u00e5 f\u00e5r du mye glede med den! Hvis du ikke er sikker p\u00e5 st\u00f8rrelsen, kan du kontakte meg p\u00e5 forh\u00e5nd eller skrive m\u00e5lingene til den lille (fra topp til t\u00e5, st\u00f8rrelse p\u00e5 magen in cm).<\/p>\n<p>Materiale:<\/p>\n<p>Kokt ull<\/p>\n<p>Kokt ull er et naturlig produkt. Gjennom kokeprosessen blir ullen strammere og veldig tett. Kokt ull er derfor varmere, mer holdbar og motstandsdyktig mot vann og vind.<\/p>\n<p>Care<\/p>\n<p>Naturlig ull inneholder lanolin (ullvoks), som gir den antibakterielle egenskaper. Ullstoffer trenger ikke \u00e5 rengj\u00f8res veldig ofte. Lanolinen forhindrer at den lukter og holder den ren. Grovt smuss kan fjernes med en fuktig klut n\u00e5r den t\u00f8rkes. Du b\u00f8r ogs\u00e5 lufte produktet fra tid til annen. Hvis den skulle virkelig trenger en vaske, kan du bruke h\u00e5ndvask med kaldt vann og ullvaskemiddel og t\u00f8rke flatt.<\/p>\n<p>Produkter med f\u00f4r: F\u00f4ret er allerede sk\u00e5nsom forvasket og produktet er klart til bruk.<\/p>\n","protected":false},"excerpt":{"rendered":"<p>Denne s\u00f8te k\u00e5pen er perfekt \u00e5 bruke p\u00e5 kalde dager. Den er laget av 100 % varm virgin ull med ekstra lange mansjetter i myk merinoull. Hetten er foret med myk merinoull. Mansjettene er extra lange, s\u00e5 denne s\u00f8te jakken vokser med din lille veldig lang tid. Den perfekte jakken for de kaldere dagene p\u00e5 [&hellip;]<\/p>\n","protected":false},"featured_media":106600,"comment_status":"closed","ping_status":"closed","template":"","meta":{"_coblocks_attr":"","_coblocks_dimensions":"","_coblocks_responsive_height":"","_coblocks_accordion_ie_support":"","_crdt_document":"","advanced_seo_description":"","jetpack_seo_html_title":"","jetpack_seo_noindex":false,"jetpack_post_was_ever_published":false,"jetpack_publicize_message":"","jetpack_publicize_feature_enabled":true,"jetpack_social_post_already_shared":true,"jetpack_social_options":{"image_generator_settings":{"template":"highway","default_image_id":0,"font":"","enabled":false},"version":2},"_wpas_customize_per_network":false},"product_brand":[],"product_cat":[8380,8843,8850],"product_tag":[],"class_list":{"0":"post-105762","1":"product","2":"type-product","3":"status-publish","4":"has-post-thumbnail","6":"product_cat-jakker-kaper","7":"product_cat-new-no","8":"product_cat-ullklaer","9":"product_shipping_class-norway-no","10":"pa_colorproduct-design-1-rust-dusty-rose-beige-melange-no","11":"pa_colorproduct-design-2-rust-beige-melange-brown-melange-no","12":"pa_size-eu-104-110-cm-no","13":"pa_size-eu-110-116-cm-no","14":"pa_size-eu-116-122-cm-no","15":"pa_size-eu-122-128-cm-2-no","16":"pa_size-eu-128-134-cm-2-no","17":"pa_size-eu-134-140-cm-no","18":"pa_size-eu-50-56-cm-no","19":"pa_size-eu-56-62-cm-no","20":"pa_size-eu-62-68-cm-no","21":"pa_size-eu-68-74-cm-no","22":"pa_size-eu-74-80-cm-no","23":"pa_size-eu-80-86-cm-no","24":"pa_size-eu-86-92-cm-no","25":"pa_size-eu-92-98-cm-no","26":"pa_size-eu-98-104-cm-no","28":"first","29":"instock","30":"taxable","31":"shipping-taxable","32":"purchasable","33":"product-type-variable","34":"has-default-attributes"},"jetpack_publicize_connections":[],"jetpack_likes_enabled":true,"jetpack_sharing_enabled":true,"_links":{"self":[{"href":"https:\/\/lilleogsnille.com\/no\/wp-json\/wp\/v2\/product\/105762","targetHints":{"allow":["GET"]}}],"collection":[{"href":"https:\/\/lilleogsnille.com\/no\/wp-json\/wp\/v2\/product"}],"about":[{"href":"https:\/\/lilleogsnille.com\/no\/wp-json\/wp\/v2\/types\/product"}],"replies":[{"embeddable":true,"href":"https:\/\/lilleogsnille.com\/no\/wp-json\/wp\/v2\/comments?post=105762"}],"wp:featuredmedia":[{"embeddable":true,"href":"https:\/\/lilleogsnille.com\/no\/wp-json\/wp\/v2\/media\/106600"}],"wp:attachment":[{"href":"https:\/\/lilleogsnille.com\/no\/wp-json\/wp\/v2\/media?parent=105762"}],"wp:term":[{"taxonomy":"product_brand","embeddable":true,"href":"https:\/\/lilleogsnille.com\/no\/wp-json\/wp\/v2\/product_brand?post=105762"},{"taxonomy":"product_cat","embeddable":true,"href":"https:\/\/lilleogsnille.com\/no\/wp-json\/wp\/v2\/product_cat?post=105762"},{"taxonomy":"product_tag","embeddable":true,"href":"https:\/\/lilleogsnille.com\/no\/wp-json\/wp\/v2\/product_tag?post=105762"}],"curies":[{"name":"wp","href":"https:\/\/api.w.org\/{rel}","templated":true}]}}