{"id":103023,"date":"2024-02-01T14:11:31","date_gmt":"2024-02-01T12:11:32","guid":{"rendered":"https:\/\/lilleogsnille.com\/?post_type=product&#038;p=103023"},"modified":"2025-05-23T10:02:52","modified_gmt":"2025-05-23T08:02:52","slug":"baby-shoes-merino-woolfleece","status":"publish","type":"product","link":"https:\/\/lilleogsnille.com\/no\/product\/baby-shoes-merino-woolfleece\/","title":{"rendered":"Babysko i ullfleece"},"content":{"rendered":"<p>Disse varme og komfortable ullskoene er perfekte for kaldere dager.<\/p>\n<p>De holder de sm\u00e5 f\u00f8ttene fine og koselige.<\/p>\n<p>Laget i mykt og varm ullfleece fra ren, \u00f8kologisk merinoull.<\/p>\n<p>Takket v\u00e6re ullen er disse st\u00f8vlene vann- og smussavvisende og pustende.<\/p>\n<p>Laget av:<\/p>\n<p>100% ren merino ull, kbt<\/p>\n<ul>\n<li>mulesing fri<\/li>\n<li>plast fri<\/li>\n<li>GOTS sertifisert<\/li>\n<li>RWS sertifisert<\/li>\n<\/ul>\n<p>Mansjetter: 97 % \u00f8kologisk merino ull, kbt , 3 % elastane, GOTS sertifisert, mulesing fri, plastik fri<\/p>\n<p>Care<\/p>\n<p>Naturlig ull inneholder lanolin (ullvoks), som gir den antibakterielle egenskaper. Ullstoffer trenger ikke \u00e5 rengj\u00f8res veldig ofte. Lanolinen forhindrer at den lukter og holder den ren. Grovt smuss kan fjernes med en fuktig klut n\u00e5r den t\u00f8rkes. Du b\u00f8r ogs\u00e5 lufte produktet fra tid til annen. Hvis du virkelig trenger \u00e5 vaske den, kan du bruke h\u00e5ndvask med kaldt vann og ullvaskemiddel og t\u00f8rke flatt.<\/p>\n<p><img data-recalc-dims=\"1\" decoding=\"async\" class=\"alignleft wp-image-108722\" src=\"https:\/\/i0.wp.com\/lilleogsnille.com\/wp-content\/uploads\/2024\/02\/size-chart-shoe.jpg?resize=510%2C452&#038;ssl=1\" alt=\"\" width=\"510\" height=\"452\" srcset=\"https:\/\/i0.wp.com\/lilleogsnille.com\/wp-content\/uploads\/2024\/02\/size-chart-shoe-scaled.jpg?resize=300%2C265&amp;ssl=1 300w, https:\/\/i0.wp.com\/lilleogsnille.com\/wp-content\/uploads\/2024\/02\/size-chart-shoe-scaled.jpg?resize=1024%2C906&amp;ssl=1 1024w, https:\/\/i0.wp.com\/lilleogsnille.com\/wp-content\/uploads\/2024\/02\/size-chart-shoe-scaled.jpg?resize=768%2C680&amp;ssl=1 768w, https:\/\/i0.wp.com\/lilleogsnille.com\/wp-content\/uploads\/2024\/02\/size-chart-shoe-scaled.jpg?resize=1536%2C1359&amp;ssl=1 1536w, https:\/\/i0.wp.com\/lilleogsnille.com\/wp-content\/uploads\/2024\/02\/size-chart-shoe-scaled.jpg?w=2048&amp;ssl=1 2048w, https:\/\/i0.wp.com\/lilleogsnille.com\/wp-content\/uploads\/2024\/02\/size-chart-shoe-scaled.jpg?resize=416%2C368&amp;ssl=1 416w, https:\/\/i0.wp.com\/lilleogsnille.com\/wp-content\/uploads\/2024\/02\/size-chart-shoe-scaled.jpg?w=1960&amp;ssl=1 1960w\" sizes=\"(max-width: 510px) 100vw, 510px\" \/><\/p>\n<p>&nbsp;<\/p>\n<p>&nbsp;<\/p>\n","protected":false},"excerpt":{"rendered":"<p>Disse varme og komfortable ullskoene er perfekte for kaldere dager. De holder de sm\u00e5 f\u00f8ttene fine og koselige. Laget i mykt og varm ullfleece fra ren, \u00f8kologisk merinoull. Takket v\u00e6re ullen er disse st\u00f8vlene vann- og smussavvisende og pustende. Laget av: 100% ren merino ull, kbt mulesing fri plast fri GOTS sertifisert RWS sertifisert Mansjetter: [&hellip;]<\/p>\n","protected":false},"featured_media":103051,"comment_status":"open","ping_status":"closed","template":"","meta":{"_coblocks_attr":"","_coblocks_dimensions":"","_coblocks_responsive_height":"","_coblocks_accordion_ie_support":"","_crdt_document":"","advanced_seo_description":"","jetpack_seo_html_title":"","jetpack_seo_noindex":false,"jetpack_publicize_message":"","jetpack_publicize_feature_enabled":true,"jetpack_social_post_already_shared":true,"jetpack_social_options":{"image_generator_settings":{"template":"highway","default_image_id":0,"font":"","enabled":false},"version":2},"_wpas_customize_per_network":false},"product_brand":[],"product_cat":[8845,8843,8373,8850],"product_tag":[],"class_list":{"0":"post-103023","1":"product","2":"type-product","3":"status-publish","4":"has-post-thumbnail","6":"product_cat-okologiske-klaer","7":"product_cat-new-no","8":"product_cat-tilbehor","9":"product_cat-ullklaer","10":"pa_colorproduct-misty-rose-no","11":"pa_colorproduct-navy-no","12":"pa_colorproduct-sand-no-2","13":"pa_size-eu-14","14":"pa_size-eu-15","15":"pa_size-eu-16","16":"pa_size-eu-17","17":"pa_size-eu-18","18":"pa_size-eu-19","19":"pa_size-eu-20","20":"pa_size-eu-21","21":"pa_size-eu-22","22":"pa_size-eu-23","23":"pa_size-eu-24","24":"pa_size-eu-25","25":"pa_size-eu-29","27":"first","28":"instock","29":"taxable","30":"shipping-taxable","31":"purchasable","32":"product-type-variable","33":"has-default-attributes"},"jetpack_publicize_connections":[],"jetpack_likes_enabled":true,"jetpack_sharing_enabled":true,"_links":{"self":[{"href":"https:\/\/lilleogsnille.com\/no\/wp-json\/wp\/v2\/product\/103023","targetHints":{"allow":["GET"]}}],"collection":[{"href":"https:\/\/lilleogsnille.com\/no\/wp-json\/wp\/v2\/product"}],"about":[{"href":"https:\/\/lilleogsnille.com\/no\/wp-json\/wp\/v2\/types\/product"}],"replies":[{"embeddable":true,"href":"https:\/\/lilleogsnille.com\/no\/wp-json\/wp\/v2\/comments?post=103023"}],"wp:featuredmedia":[{"embeddable":true,"href":"https:\/\/lilleogsnille.com\/no\/wp-json\/wp\/v2\/media\/103051"}],"wp:attachment":[{"href":"https:\/\/lilleogsnille.com\/no\/wp-json\/wp\/v2\/media?parent=103023"}],"wp:term":[{"taxonomy":"product_brand","embeddable":true,"href":"https:\/\/lilleogsnille.com\/no\/wp-json\/wp\/v2\/product_brand?post=103023"},{"taxonomy":"product_cat","embeddable":true,"href":"https:\/\/lilleogsnille.com\/no\/wp-json\/wp\/v2\/product_cat?post=103023"},{"taxonomy":"product_tag","embeddable":true,"href":"https:\/\/lilleogsnille.com\/no\/wp-json\/wp\/v2\/product_tag?post=103023"}],"curies":[{"name":"wp","href":"https:\/\/api.w.org\/{rel}","templated":true}]}}