{"id":102964,"date":"2024-01-31T10:27:21","date_gmt":"2024-01-31T08:27:22","guid":{"rendered":"https:\/\/lilleogsnille.com\/?post_type=product&#038;p=102964"},"modified":"2025-01-08T13:59:22","modified_gmt":"2025-01-08T11:59:22","slug":"baby-ullvotter-fargevalg-copy","status":"publish","type":"product","link":"https:\/\/lilleogsnille.com\/no\/product\/baby-ullvotter-fargevalg-copy\/","title":{"rendered":"Baby votter, ullfleece"},"content":{"rendered":"<p>Disse varme og behagelige ullvottene er perfekt for kaldere dager.<\/p>\n<p>De holder de sm\u00e5 hendene varm og koselige.<\/p>\n<p>Laget i mykt og varm ullfleece fra ren, \u00f8kologisk merinoull.<\/p>\n<p>Takket v\u00e6re ullen er disse vottene vann- og smussavvisende og pustende.<\/p>\n<p>Laget av:<\/p>\n<p>100% merinoulll, kbt, mulesing fri, plastik fri, GOTS certified<\/p>\n<p>Mansjetter: 97 % \u00f8kologisk merino ull, kbt , 3 % elastane, GOTS sertifisert, mulesing fri, plastik fri<\/p>\n<p>Care<\/p>\n<p>Naturlig ull inneholder lanolin (ullvoks), som gir den antibakterielle egenskaper. Ullstoffer trenger ikke \u00e5 rengj\u00f8res veldig ofte. Lanolinen forhindrer at den lukter og holder den ren. Grovt smuss kan fjernes med en fuktig klut n\u00e5r den t\u00f8rkes. Du b\u00f8r ogs\u00e5 lufte produktet fra tid til annen. Hvis du virkelig trenger \u00e5 vaske den, kan du bruke h\u00e5ndvask med kaldt vann og ullvaskemiddel og t\u00f8rke flatt.<\/p>\n","protected":false},"excerpt":{"rendered":"<p>Disse varme og behagelige ullvottene er perfekt for kaldere dager. De holder de sm\u00e5 hendene varm og koselige. Laget i mykt og varm ullfleece fra ren, \u00f8kologisk merinoull. Takket v\u00e6re ullen er disse vottene vann- og smussavvisende og pustende. Laget av: 100% merinoulll, kbt, mulesing fri, plastik fri, GOTS certified Mansjetter: 97 % \u00f8kologisk merino [&hellip;]<\/p>\n","protected":false},"featured_media":103071,"comment_status":"open","ping_status":"closed","template":"","meta":{"_coblocks_attr":"","_coblocks_dimensions":"","_coblocks_responsive_height":"","_coblocks_accordion_ie_support":"","_crdt_document":"","advanced_seo_description":"","jetpack_seo_html_title":"","jetpack_seo_noindex":false,"jetpack_publicize_message":"","jetpack_publicize_feature_enabled":true,"jetpack_social_post_already_shared":true,"jetpack_social_options":{"image_generator_settings":{"template":"highway","default_image_id":0,"font":"","enabled":false},"version":2},"_wpas_customize_per_network":false},"product_brand":[],"product_cat":[8845,8843,8373,8850],"product_tag":[],"class_list":{"0":"post-102964","1":"product","2":"type-product","3":"status-publish","4":"has-post-thumbnail","6":"product_cat-okologiske-klaer","7":"product_cat-new-no","8":"product_cat-tilbehor","9":"product_cat-ullklaer","10":"product_shipping_class-norway-no","11":"pa_colorproduct-misty-rose-no","12":"pa_colorproduct-navy-no","13":"pa_colorproduct-sand-no-2","15":"first","16":"instock","17":"taxable","18":"shipping-taxable","19":"purchasable","20":"product-type-variable","21":"has-default-attributes"},"jetpack_publicize_connections":[],"jetpack_likes_enabled":true,"jetpack_sharing_enabled":true,"_links":{"self":[{"href":"https:\/\/lilleogsnille.com\/no\/wp-json\/wp\/v2\/product\/102964","targetHints":{"allow":["GET"]}}],"collection":[{"href":"https:\/\/lilleogsnille.com\/no\/wp-json\/wp\/v2\/product"}],"about":[{"href":"https:\/\/lilleogsnille.com\/no\/wp-json\/wp\/v2\/types\/product"}],"replies":[{"embeddable":true,"href":"https:\/\/lilleogsnille.com\/no\/wp-json\/wp\/v2\/comments?post=102964"}],"wp:featuredmedia":[{"embeddable":true,"href":"https:\/\/lilleogsnille.com\/no\/wp-json\/wp\/v2\/media\/103071"}],"wp:attachment":[{"href":"https:\/\/lilleogsnille.com\/no\/wp-json\/wp\/v2\/media?parent=102964"}],"wp:term":[{"taxonomy":"product_brand","embeddable":true,"href":"https:\/\/lilleogsnille.com\/no\/wp-json\/wp\/v2\/product_brand?post=102964"},{"taxonomy":"product_cat","embeddable":true,"href":"https:\/\/lilleogsnille.com\/no\/wp-json\/wp\/v2\/product_cat?post=102964"},{"taxonomy":"product_tag","embeddable":true,"href":"https:\/\/lilleogsnille.com\/no\/wp-json\/wp\/v2\/product_tag?post=102964"}],"curies":[{"name":"wp","href":"https:\/\/api.w.org\/{rel}","templated":true}]}}