{"id":101030,"date":"2023-08-02T15:47:25","date_gmt":"2023-08-02T14:11:43","guid":{"rendered":"https:\/\/lilleogsnille.com\/product\/babydress-i-merinoull-isak\/"},"modified":"2024-08-22T12:58:45","modified_gmt":"2024-08-22T10:58:45","slug":"woolen-onsie-isak-merino-wool","status":"publish","type":"product","link":"https:\/\/lilleogsnille.com\/no\/product\/woolen-onsie-isak-merino-wool\/","title":{"rendered":"Onesie i merinoull, Isak"},"content":{"rendered":"<p>Denne lekedressen er veldig myk og behagelig \u00e5 ha p\u00e5. Perfekt som lekedress, mellomlag om vinteren og topplag om v\u00e5r\/h\u00f8st. Passer ogs\u00e5 som sovedress. \u00c5pnes foran med kokosn\u00f8ttknapper. Den er laget av veldig mykt ullstoff fra Finland (100 % merinoull). Stoffet er litt tykkere og perfekt som innerste lag eller mellomlag. Mansjettene p\u00e5 hender og ben er ekstra lange og sammenleggbare, slik at dette plagget vil passe lenge.  <\/p>\n<hr>\n<p>  Laget av 100 % merinowool:  <\/p>\n<ul>\n<li>Oekotex 100 sertifisert<\/li>\n<li>mulesing fri<\/li>\n<li>RWS sertifisert<\/li>\n<li>plastfri<\/li>\n<\/ul>\n<p>  H\u00e5ndvask kaldt eller ullvaskeprogram<\/p>\n","protected":false},"excerpt":{"rendered":"<p>Denne lekedressen er veldig myk og behagelig \u00e5 ha p\u00e5. Perfekt som lekedress, mellomlag om vinteren og topplag om v\u00e5r\/h\u00f8st. Passer ogs\u00e5 som sovedress. \u00c5pnes foran med kokosn\u00f8ttknapper. Den er laget av veldig mykt ullstoff fra Finland (100 % merinoull). Stoffet er litt tykkere og perfekt som innerste lag eller mellomlag. Mansjettene p\u00e5 hender og [&hellip;]<\/p>\n","protected":false},"featured_media":105036,"comment_status":"closed","ping_status":"closed","template":"","meta":{"_coblocks_attr":"","_coblocks_dimensions":"","_coblocks_responsive_height":"","_coblocks_accordion_ie_support":"","_crdt_document":"","advanced_seo_description":"","jetpack_seo_html_title":"","jetpack_seo_noindex":false,"jetpack_publicize_message":"","jetpack_publicize_feature_enabled":true,"jetpack_social_post_already_shared":true,"jetpack_social_options":{"image_generator_settings":{"template":"highway","default_image_id":0,"font":"","enabled":false},"version":2},"_wpas_customize_per_network":false},"product_brand":[],"product_cat":[8849,8377,8843,8850],"product_tag":[],"class_list":{"0":"post-101030","1":"product","2":"type-product","3":"status-publish","4":"has-post-thumbnail","6":"product_cat-genser-topper","7":"product_cat-heldress","8":"product_cat-new-no","9":"product_cat-ullklaer","10":"pa_colorproduct-heather","11":"pa_colorproduct-moss-green","12":"pa_colorproduct-navy-no","13":"pa_colorproduct-taupe","14":"pa_size-eu-104-110-cm-no","15":"pa_size-eu-110-116-cm-no","16":"pa_size-eu-116-122-cm-no","17":"pa_size-eu-122-128-cm-2-no","18":"pa_size-eu-128-134-cm-2-no","19":"pa_size-eu-44-50-cm-no","20":"pa_size-eu-50-56-cm-no","21":"pa_size-eu-56-62-cm-no","22":"pa_size-eu-62-68-cm-no","23":"pa_size-eu-68-74-cm-no","24":"pa_size-eu-74-80-cm-no","25":"pa_size-eu-80-86-cm-no","26":"pa_size-eu-86-92-cm-no","27":"pa_size-eu-92-98-cm-no","28":"pa_size-eu-98-104-cm-no","30":"first","31":"instock","32":"taxable","33":"shipping-taxable","34":"purchasable","35":"product-type-variable","36":"has-default-attributes"},"jetpack_publicize_connections":[],"jetpack_likes_enabled":true,"jetpack_sharing_enabled":true,"_links":{"self":[{"href":"https:\/\/lilleogsnille.com\/no\/wp-json\/wp\/v2\/product\/101030","targetHints":{"allow":["GET"]}}],"collection":[{"href":"https:\/\/lilleogsnille.com\/no\/wp-json\/wp\/v2\/product"}],"about":[{"href":"https:\/\/lilleogsnille.com\/no\/wp-json\/wp\/v2\/types\/product"}],"replies":[{"embeddable":true,"href":"https:\/\/lilleogsnille.com\/no\/wp-json\/wp\/v2\/comments?post=101030"}],"wp:featuredmedia":[{"embeddable":true,"href":"https:\/\/lilleogsnille.com\/no\/wp-json\/wp\/v2\/media\/105036"}],"wp:attachment":[{"href":"https:\/\/lilleogsnille.com\/no\/wp-json\/wp\/v2\/media?parent=101030"}],"wp:term":[{"taxonomy":"product_brand","embeddable":true,"href":"https:\/\/lilleogsnille.com\/no\/wp-json\/wp\/v2\/product_brand?post=101030"},{"taxonomy":"product_cat","embeddable":true,"href":"https:\/\/lilleogsnille.com\/no\/wp-json\/wp\/v2\/product_cat?post=101030"},{"taxonomy":"product_tag","embeddable":true,"href":"https:\/\/lilleogsnille.com\/no\/wp-json\/wp\/v2\/product_tag?post=101030"}],"curies":[{"name":"wp","href":"https:\/\/api.w.org\/{rel}","templated":true}]}}