{"id":100730,"date":"2023-07-23T10:35:47","date_gmt":"2023-07-23T09:13:17","guid":{"rendered":"https:\/\/lilleogsnille.com\/product\/shorts-i-lin-til-dame\/"},"modified":"2025-05-14T13:23:03","modified_gmt":"2025-05-14T11:23:03","slug":"linen-shorts-for-women","status":"publish","type":"product","link":"https:\/\/lilleogsnille.com\/no\/product\/linen-shorts-for-women\/","title":{"rendered":"Lin shorts, paperbag design"},"content":{"rendered":"<p>Denne shortsen er laget av 100% rent lin.<br \/>\nMed h\u00f8yt liv i paperbag design.<\/p>\n<p>Shortsen lages p\u00e5 bestilling. Du er velkommen til \u00e5 sende meg dine m\u00e5l (h\u00f8yde, midje, taille osv.), slik at jeg kan lage dette stykket for deg i henhold til dine m\u00e5l.<\/p>\n<p>Laget av:<\/p>\n<p>100% myknet, vasket lin, oekotex 100 sertifisert<\/p>\n<p>Materiale:<\/p>\n<p>Lin er veldig behagelig for huden. Det b\u00e5de holder deg kj\u00f8lig om sommeren, men varmer deg ogs\u00e5 p\u00e5 kaldere dager.<\/p>\n<p>Care<\/p>\n<p>Vask i 30 grader finvask, ikke t\u00f8rketrommel.<\/p>\n<p style=\"text-align: center;\"><strong>Women&#8217;s Size Chart (+\/- 2 cm)<\/strong><\/p>\n<table style=\"height: 373px;\" width=\"713\">\n<tbody>\n<tr>\n<td style=\"text-align: center;\">\n<h5><span style=\"color: #808080;\">St\u00f8rrelse<\/span><\/h5>\n<\/td>\n<td style=\"text-align: center;\">\n<h5><span style=\"color: #808080;\"><em><span style=\"font-weight: 400;\">Byste<\/span><\/em><\/span><\/h5>\n<\/td>\n<td style=\"text-align: center;\">\n<h5><span style=\"color: #808080;\"><em><span style=\"font-weight: 400;\">Midje<\/span><\/em><\/span><\/h5>\n<\/td>\n<td style=\"text-align: center;\">\n<h5><span style=\"color: #808080;\"><em><span style=\"font-weight: 400;\">Hofte<\/span><\/em><\/span><\/h5>\n<\/td>\n<\/tr>\n<tr>\n<td>\n<h5 style=\"text-align: center;\"><span style=\"color: #808080;\">XS<\/span><\/h5>\n<\/td>\n<td style=\"text-align: center;\">\n<h5><span style=\"font-weight: 400; color: #808080;\">80 cm<\/span><\/h5>\n<\/td>\n<td style=\"text-align: center;\">\n<h5><span style=\"font-weight: 400; color: #808080;\">66 cm<\/span><\/h5>\n<\/td>\n<td style=\"text-align: center;\">\n<h5><span style=\"font-weight: 400; color: #808080;\">90 cm<\/span><\/h5>\n<\/td>\n<\/tr>\n<tr>\n<td>\n<h5 style=\"text-align: center;\"><span style=\"color: #808080;\">S<\/span><\/h5>\n<\/td>\n<td style=\"text-align: center;\">\n<h5><span style=\"font-weight: 400; color: #808080;\">86 cm<\/span><\/h5>\n<\/td>\n<td style=\"text-align: center;\">\n<h5><span style=\"font-weight: 400; color: #808080;\">70 cm<\/span><\/h5>\n<\/td>\n<td>\n<h5 style=\"text-align: center;\"><span style=\"font-weight: 400; color: #808080;\">93 cm<\/span><\/h5>\n<\/td>\n<\/tr>\n<tr>\n<td>\n<h5 style=\"text-align: center;\"><span style=\"color: #808080;\">M<\/span><\/h5>\n<\/td>\n<td style=\"text-align: center;\">\n<h5><span style=\"font-weight: 400; color: #808080;\">90 cm<\/span><\/h5>\n<\/td>\n<td style=\"text-align: center;\">\n<h5><span style=\"font-weight: 400; color: #808080;\">74 cm<\/span><\/h5>\n<\/td>\n<td>\n<h5 style=\"text-align: center;\"><span style=\"font-weight: 400; color: #808080;\">97 cm<\/span><\/h5>\n<\/td>\n<\/tr>\n<tr>\n<td style=\"text-align: center;\">\n<h5><span style=\"color: #808080;\">L<\/span><\/h5>\n<\/td>\n<td style=\"text-align: center;\">\n<h5><span style=\"font-weight: 400; color: #808080;\">94 cm<\/span><\/h5>\n<\/td>\n<td style=\"text-align: center;\">\n<h5><span style=\"font-weight: 400; color: #808080;\">78 cm<\/span><\/h5>\n<\/td>\n<td>\n<h5 style=\"text-align: center;\"><span style=\"font-weight: 400; color: #808080;\">101 cm<\/span><\/h5>\n<\/td>\n<\/tr>\n<tr>\n<td style=\"text-align: center;\">\n<h5><span style=\"color: #808080;\">XL<\/span><\/h5>\n<\/td>\n<td style=\"text-align: center;\">\n<h5><span style=\"font-weight: 400; color: #808080;\">98 cm<\/span><\/h5>\n<\/td>\n<td style=\"text-align: center;\">\n<h5><span style=\"font-weight: 400; color: #808080;\">82 cm<\/span><\/h5>\n<\/td>\n<td style=\"text-align: center;\">\n<h5><span style=\"font-weight: 400; color: #808080;\">105 cm<\/span><\/h5>\n<\/td>\n<\/tr>\n<\/tbody>\n<\/table>\n<p>&nbsp;<\/p>\n","protected":false},"excerpt":{"rendered":"<p>Denne shortsen er laget av 100% rent lin. Med h\u00f8yt liv i paperbag design. Shortsen lages p\u00e5 bestilling. Du er velkommen til \u00e5 sende meg dine m\u00e5l (h\u00f8yde, midje, taille osv.), slik at jeg kan lage dette stykket for deg i henhold til dine m\u00e5l. Laget av: 100% myknet, vasket lin, oekotex 100 sertifisert Materiale: [&hellip;]<\/p>\n","protected":false},"featured_media":100630,"comment_status":"closed","ping_status":"closed","template":"","meta":{"_coblocks_attr":"","_coblocks_dimensions":"","_coblocks_responsive_height":"","_coblocks_accordion_ie_support":"","_crdt_document":"","advanced_seo_description":"","jetpack_seo_html_title":"","jetpack_seo_noindex":false,"jetpack_publicize_message":"","jetpack_publicize_feature_enabled":true,"jetpack_social_post_already_shared":true,"jetpack_social_options":{"image_generator_settings":{"template":"highway","default_image_id":0,"font":"","enabled":false},"version":2},"_wpas_customize_per_network":false},"product_brand":[],"product_cat":[8978,8843,8951],"product_tag":[],"class_list":{"0":"post-100730","1":"product","2":"type-product","3":"status-publish","4":"has-post-thumbnail","6":"product_cat-linklaer","7":"product_cat-new-no","8":"product_cat-til-mamma","9":"pa_colorproduct-beige-no","10":"pa_colorproduct-brown-no","11":"pa_colorproduct-burnt-orange-no","12":"pa_colorproduct-camel-no","13":"pa_colorproduct-checkered-no","14":"pa_colorproduct-cocoa-no","15":"pa_colorproduct-grey-no","16":"pa_colorproduct-misty-rose-no","17":"pa_colorproduct-navy-no","18":"pa_colorproduct-sand-no-2","19":"pa_colorproduct-stripes-no","20":"pa_colorproduct-winter-sky-no","21":"pa_size-l","22":"pa_size-m","23":"pa_size-s","24":"pa_size-xl","25":"pa_size-xs","27":"first","28":"instock","29":"taxable","30":"shipping-taxable","31":"purchasable","32":"product-type-variable","33":"has-default-attributes"},"jetpack_publicize_connections":[],"jetpack_likes_enabled":true,"jetpack_sharing_enabled":true,"_links":{"self":[{"href":"https:\/\/lilleogsnille.com\/no\/wp-json\/wp\/v2\/product\/100730","targetHints":{"allow":["GET"]}}],"collection":[{"href":"https:\/\/lilleogsnille.com\/no\/wp-json\/wp\/v2\/product"}],"about":[{"href":"https:\/\/lilleogsnille.com\/no\/wp-json\/wp\/v2\/types\/product"}],"replies":[{"embeddable":true,"href":"https:\/\/lilleogsnille.com\/no\/wp-json\/wp\/v2\/comments?post=100730"}],"wp:featuredmedia":[{"embeddable":true,"href":"https:\/\/lilleogsnille.com\/no\/wp-json\/wp\/v2\/media\/100630"}],"wp:attachment":[{"href":"https:\/\/lilleogsnille.com\/no\/wp-json\/wp\/v2\/media?parent=100730"}],"wp:term":[{"taxonomy":"product_brand","embeddable":true,"href":"https:\/\/lilleogsnille.com\/no\/wp-json\/wp\/v2\/product_brand?post=100730"},{"taxonomy":"product_cat","embeddable":true,"href":"https:\/\/lilleogsnille.com\/no\/wp-json\/wp\/v2\/product_cat?post=100730"},{"taxonomy":"product_tag","embeddable":true,"href":"https:\/\/lilleogsnille.com\/no\/wp-json\/wp\/v2\/product_tag?post=100730"}],"curies":[{"name":"wp","href":"https:\/\/api.w.org\/{rel}","templated":true}]}}