{"id":100549,"date":"2023-07-23T09:18:55","date_gmt":"2023-07-23T07:34:50","guid":{"rendered":"https:\/\/lilleogsnille.com\/product\/linkjole-louise\/"},"modified":"2025-05-13T15:58:24","modified_gmt":"2025-05-13T13:58:24","slug":"linen-dress-louise","status":"publish","type":"product","link":"https:\/\/lilleogsnille.com\/no\/product\/linen-dress-louise\/","title":{"rendered":"Linkjole LOUISE"},"content":{"rendered":"<p>Denne linkjolen er perfekt \u00e5 bruke hver dag og spesielt nydelig om sommeren. Den er lett og komfortabel med fine kokosknapper p\u00e5 baksiden.<\/p>\n<p>Den er laget i 100% ren lin.<br \/>\nHvis du ikke er sikker p\u00e5 st\u00f8rrelsen, kan du kontakte meg p\u00e5 forh\u00e5nd eller skrive m\u00e5lingene til den lille (fra topp til t\u00e5, st\u00f8rrelse p\u00e5 magen in cm).<\/p>\n<p>Laget av:<\/p>\n<p>100% lin, biovasket, Oekotex 100 sertifisert, Origin: Europa<\/p>\n<p>Kokosknapper<\/p>\n<p>Materiale:<\/p>\n<p>Lin er veldig behagelig for huden. Det holder din lille b\u00e5de kj\u00f8lig om sommer, men ogs\u00e5 varm og god p\u00e5 kaldere dager.<\/p>\n<p>Care<\/p>\n<p>Vask i 30 grader finvask, ikke t\u00f8rketrommel.<\/p>\n<p>&nbsp;<\/p>\n","protected":false},"excerpt":{"rendered":"<p>Denne linkjolen er perfekt \u00e5 bruke hver dag og spesielt nydelig om sommeren. Den er lett og komfortabel med fine kokosknapper p\u00e5 baksiden. Den er laget i 100% ren lin. Hvis du ikke er sikker p\u00e5 st\u00f8rrelsen, kan du kontakte meg p\u00e5 forh\u00e5nd eller skrive m\u00e5lingene til den lille (fra topp til t\u00e5, st\u00f8rrelse p\u00e5 [&hellip;]<\/p>\n","protected":false},"featured_media":100514,"comment_status":"closed","ping_status":"closed","template":"","meta":{"_coblocks_attr":"","_coblocks_dimensions":"","_coblocks_responsive_height":"","_coblocks_accordion_ie_support":"","_crdt_document":"","advanced_seo_description":"","jetpack_seo_html_title":"","jetpack_seo_noindex":false,"jetpack_post_was_ever_published":false,"jetpack_publicize_message":"","jetpack_publicize_feature_enabled":true,"jetpack_social_post_already_shared":true,"jetpack_social_options":{"image_generator_settings":{"template":"highway","default_image_id":0,"font":"","enabled":false},"version":2},"_wpas_customize_per_network":false},"product_brand":[],"product_cat":[8382,8379,8978,8843],"product_tag":[],"class_list":{"0":"post-100549","1":"product","2":"type-product","3":"status-publish","4":"has-post-thumbnail","6":"product_cat-festlige-klaer","7":"product_cat-kjoler","8":"product_cat-linklaer","9":"product_cat-new-no","10":"product_shipping_class-norway-no","11":"pa_colorproduct-beige-no","12":"pa_colorproduct-brown-no","13":"pa_colorproduct-burnt-orange-no","14":"pa_colorproduct-camel-no","15":"pa_colorproduct-checkered-no","16":"pa_colorproduct-cocoa-no","17":"pa_colorproduct-grey-no","18":"pa_colorproduct-misty-rose-no","19":"pa_colorproduct-navy-no","20":"pa_colorproduct-sand-no-2","21":"pa_colorproduct-stripes-no","22":"pa_colorproduct-winter-sky-no","24":"first","25":"instock","26":"taxable","27":"shipping-taxable","28":"purchasable","29":"product-type-variable","30":"has-default-attributes"},"jetpack_publicize_connections":[],"jetpack_likes_enabled":true,"jetpack_sharing_enabled":true,"_links":{"self":[{"href":"https:\/\/lilleogsnille.com\/no\/wp-json\/wp\/v2\/product\/100549","targetHints":{"allow":["GET"]}}],"collection":[{"href":"https:\/\/lilleogsnille.com\/no\/wp-json\/wp\/v2\/product"}],"about":[{"href":"https:\/\/lilleogsnille.com\/no\/wp-json\/wp\/v2\/types\/product"}],"replies":[{"embeddable":true,"href":"https:\/\/lilleogsnille.com\/no\/wp-json\/wp\/v2\/comments?post=100549"}],"wp:featuredmedia":[{"embeddable":true,"href":"https:\/\/lilleogsnille.com\/no\/wp-json\/wp\/v2\/media\/100514"}],"wp:attachment":[{"href":"https:\/\/lilleogsnille.com\/no\/wp-json\/wp\/v2\/media?parent=100549"}],"wp:term":[{"taxonomy":"product_brand","embeddable":true,"href":"https:\/\/lilleogsnille.com\/no\/wp-json\/wp\/v2\/product_brand?post=100549"},{"taxonomy":"product_cat","embeddable":true,"href":"https:\/\/lilleogsnille.com\/no\/wp-json\/wp\/v2\/product_cat?post=100549"},{"taxonomy":"product_tag","embeddable":true,"href":"https:\/\/lilleogsnille.com\/no\/wp-json\/wp\/v2\/product_tag?post=100549"}],"curies":[{"name":"wp","href":"https:\/\/api.w.org\/{rel}","templated":true}]}}