{"id":87182,"date":"2021-12-19T20:22:55","date_gmt":"2021-12-19T18:22:55","guid":{"rendered":"https:\/\/lilleogsnille.com\/kontakt\/"},"modified":"2022-11-28T16:52:47","modified_gmt":"2022-11-28T14:52:47","slug":"kontakt","status":"publish","type":"page","link":"https:\/\/lilleogsnille.com\/no\/kontakt\/","title":{"rendered":"Kontakt"},"content":{"rendered":"\n<div class=\"wp-block-group alignfull has-text-color has-background\" style=\"color:#222222;background-color:#e6e6e6\"><div class=\"wp-block-group__inner-container is-layout-flow wp-block-group-is-layout-flow\">\n<div style=\"height:60px\" aria-hidden=\"true\" class=\"wp-block-spacer\"><\/div>\n\n\n\n<div class=\"wp-block-columns alignwide is-layout-flex wp-container-core-columns-is-layout-7387b849 wp-block-columns-is-layout-flex\">\n<div class=\"wp-block-column is-layout-flow wp-block-column-is-layout-flow\" style=\"flex-basis:60%\">\n<p class=\"wp-block-paragraph\" style=\"font-size:13px\">Ved et sp\u00f8rsm\u00e5l ta gjerne kontakt med kontaktinformasjonen, eller send en melding ved \u00e5 bruke skjemaet.<\/p>\n\n\n<div class=\"wp-block-jetpack-contact-form is-layout-flex wp-container-jetpack-contact-form-is-layout-f6794d14 wp-block-jetpack-contact-form-is-layout-flex\"><a href=\"https:\/\/lilleogsnille.com\/no\/kontakt\/\" target=\"_blank\" rel=\"noopener noreferrer\">Send inn et skjema.<\/a><\/div><\/div>\n\n\n\n<div class=\"wp-block-column is-layout-flow wp-block-column-is-layout-flow\" style=\"flex-basis:40%\">\n<p class=\"has-text-align-center has-small-font-size wp-block-paragraph\" style=\"font-size:37px\">Lille &amp; Snille<\/p>\n\n\n\n<p class=\"has-text-align-center has-small-font-size wp-block-paragraph\" style=\"font-size:37px\">Heidi Thuerer<\/p>\n\n\n\n<p class=\"has-text-align-center has-small-font-size wp-block-paragraph\" style=\"font-size:37px\">Maurstien 2 <\/p>\n\n\n\n<p class=\"has-text-align-center has-small-font-size wp-block-paragraph\">0880 Oslo<\/p>\n\n\n\n<p class=\"has-text-align-center has-small-font-size wp-block-paragraph\">contact@lilleogsnille.com<br><\/p>\n<\/div>\n<\/div>\n\n\n\n<div style=\"height:60px\" aria-hidden=\"true\" class=\"wp-block-spacer\"><\/div>\n<\/div><\/div>\n","protected":false},"excerpt":{"rendered":"<p>Ved et sp\u00f8rsm\u00e5l ta gjerne kontakt med kontaktinformasjonen, eller send en melding ved \u00e5 bruke skjemaet. Lille &amp; Snille Heidi Thuerer Maurstien 2 0880 Oslo contact@lilleogsnille.com<\/p>\n","protected":false},"author":71940367,"featured_media":0,"parent":0,"menu_order":0,"comment_status":"closed","ping_status":"closed","template":"","meta":{"_coblocks_attr":"","_coblocks_dimensions":"","_coblocks_responsive_height":"","_coblocks_accordion_ie_support":"","_crdt_document":"","advanced_seo_description":"","jetpack_seo_html_title":"","jetpack_seo_noindex":false,"jetpack_post_was_ever_published":false,"footnotes":""},"class_list":["post-87182","page","type-page","status-publish","hentry"],"jetpack_likes_enabled":false,"jetpack_sharing_enabled":true,"jetpack_shortlink":"https:\/\/wp.me\/P55XiP-mGa","_links":{"self":[{"href":"https:\/\/lilleogsnille.com\/no\/wp-json\/wp\/v2\/pages\/87182","targetHints":{"allow":["GET"]}}],"collection":[{"href":"https:\/\/lilleogsnille.com\/no\/wp-json\/wp\/v2\/pages"}],"about":[{"href":"https:\/\/lilleogsnille.com\/no\/wp-json\/wp\/v2\/types\/page"}],"author":[{"embeddable":true,"href":"https:\/\/lilleogsnille.com\/no\/wp-json\/wp\/v2\/users\/71940367"}],"replies":[{"embeddable":true,"href":"https:\/\/lilleogsnille.com\/no\/wp-json\/wp\/v2\/comments?post=87182"}],"version-history":[{"count":6,"href":"https:\/\/lilleogsnille.com\/no\/wp-json\/wp\/v2\/pages\/87182\/revisions"}],"predecessor-version":[{"id":96175,"href":"https:\/\/lilleogsnille.com\/no\/wp-json\/wp\/v2\/pages\/87182\/revisions\/96175"}],"wp:attachment":[{"href":"https:\/\/lilleogsnille.com\/no\/wp-json\/wp\/v2\/media?parent=87182"}],"curies":[{"name":"wp","href":"https:\/\/api.w.org\/{rel}","templated":true}]}}