{"id":34691,"date":"2020-01-29T10:34:56","date_gmt":"2020-01-29T08:34:56","guid":{"rendered":"https:\/\/lilleogsnille.com\/home\/"},"modified":"2025-05-26T16:28:11","modified_gmt":"2025-05-26T14:28:11","slug":"hjem","status":"publish","type":"page","link":"https:\/\/lilleogsnille.com\/no\/","title":{"rendered":""},"content":{"rendered":"\n<h2 class=\"wp-block-heading alignwide has-text-align-center\" id=\"lovely-clothes-for-your-littleonesmade-in-oslo-norway\" style=\"font-size:19px\"> Naturlige kl\u00e6r for baby, barn og dame<\/h2>\n\n<h2 class=\"wp-block-heading alignwide has-text-align-center\" id=\"lovely-clothes-for-your-littleonesmade-in-oslo-norway\" style=\"font-size:19px\">Designet &amp; h\u00e5ndlaget i Oslo, Norge<\/h2>\n\n<hr class=\"wp-block-separator has-alpha-channel-opacity\"\/>\n\n<div style=\"height:0px\" aria-hidden=\"true\" class=\"wp-block-spacer\"><\/div>\n\n<div class=\"wp-block-group has-normal-font-size\"><div class=\"wp-block-group__inner-container is-layout-flow wp-block-group-is-layout-flow\">\n<div class=\"wp-block-cover aligncenter has-custom-content-position is-position-bottom-center has-small-font-size\" style=\"min-height:458px;aspect-ratio:unset;\"><img data-recalc-dims=\"1\" decoding=\"async\" width=\"980\" height=\"655\" class=\"wp-block-cover__image-background wp-image-105596\" alt=\"\" src=\"https:\/\/i0.wp.com\/lilleogsnille.com\/wp-content\/uploads\/2024\/03\/4DC77C03-3EBC-4A43-97DF-8DE91EF03FE6.jpeg?resize=980%2C655&#038;ssl=1\" data-object-fit=\"cover\" srcset=\"https:\/\/i0.wp.com\/lilleogsnille.com\/wp-content\/uploads\/2024\/03\/4DC77C03-3EBC-4A43-97DF-8DE91EF03FE6.jpeg?w=1616&amp;ssl=1 1616w, https:\/\/i0.wp.com\/lilleogsnille.com\/wp-content\/uploads\/2024\/03\/4DC77C03-3EBC-4A43-97DF-8DE91EF03FE6.jpeg?resize=300%2C200&amp;ssl=1 300w, https:\/\/i0.wp.com\/lilleogsnille.com\/wp-content\/uploads\/2024\/03\/4DC77C03-3EBC-4A43-97DF-8DE91EF03FE6.jpeg?resize=1024%2C684&amp;ssl=1 1024w, https:\/\/i0.wp.com\/lilleogsnille.com\/wp-content\/uploads\/2024\/03\/4DC77C03-3EBC-4A43-97DF-8DE91EF03FE6.jpeg?resize=768%2C513&amp;ssl=1 768w, https:\/\/i0.wp.com\/lilleogsnille.com\/wp-content\/uploads\/2024\/03\/4DC77C03-3EBC-4A43-97DF-8DE91EF03FE6.jpeg?resize=1536%2C1027&amp;ssl=1 1536w, https:\/\/i0.wp.com\/lilleogsnille.com\/wp-content\/uploads\/2024\/03\/4DC77C03-3EBC-4A43-97DF-8DE91EF03FE6.jpeg?resize=1200%2C802&amp;ssl=1 1200w, https:\/\/i0.wp.com\/lilleogsnille.com\/wp-content\/uploads\/2024\/03\/4DC77C03-3EBC-4A43-97DF-8DE91EF03FE6.jpeg?resize=416%2C278&amp;ssl=1 416w\" sizes=\"(max-width: 980px) 100vw, 980px\" \/><span aria-hidden=\"true\" class=\"wp-block-cover__background has-background-dim-0 has-background-dim\" style=\"background-color:#816956\"><\/span><div class=\"wp-block-cover__inner-container is-layout-flow wp-block-cover-is-layout-flow\">\n<p class=\"wp-block-paragraph\"><\/p>\n\n\n\n<p class=\"wp-block-paragraph\"><\/p>\n\n\n\n<p class=\"wp-block-paragraph\"><\/p>\n\n\n\n<p class=\"has-text-align-center has-georgia-font-family has-medium-font-size has-custom-font has-custom-letterspacing wp-block-paragraph\" style=\"font-family:Georgia;letter-spacing:-0.5px;font-size:28px\">F\u00e5 dine sm\u00e5 koselige med ullkl\u00e6r <\/p>\n\n\n\n<div class=\"wp-block-buttons is-vertical is-content-justification-center is-layout-flex wp-container-core-buttons-is-layout-09ff8851 wp-block-buttons-is-layout-flex\">\n<div class=\"wp-block-button has-custom-width wp-block-button__width-50 aligncenter is-style-fill has-custom-font has-custom-weight\" style=\"font-family:Georgia;font-weight:normal\"><a class=\"wp-block-button__link has-white-color has-text-color has-georgia-font-family has-normal-font-size has-custom-font-size wp-element-button\" href=\"https:\/\/lilleogsnille.com\/no\/produkt-kategorie\/ullklaer\/\">Kj\u00f8p her <\/a><\/div>\n<\/div>\n<\/div><\/div>\n<\/div><\/div>\n\n<hr class=\"wp-block-separator has-alpha-channel-opacity\"\/>\n\n<div class=\"wp-block-cover aligncenter\" style=\"min-height:539px;aspect-ratio:unset;\"><img data-recalc-dims=\"1\" decoding=\"async\" width=\"980\" height=\"845\" class=\"wp-block-cover__image-background wp-image-111464 size-full\" alt=\"\" src=\"https:\/\/i0.wp.com\/lilleogsnille.com\/wp-content\/uploads\/2025\/05\/FramesbyFelicia-9090-cropped.jpeg?resize=980%2C845&#038;ssl=1\" style=\"object-position:50% 26%\" data-object-fit=\"cover\" data-object-position=\"50% 26%\" srcset=\"https:\/\/i0.wp.com\/lilleogsnille.com\/wp-content\/uploads\/2025\/05\/FramesbyFelicia-9090-cropped.jpeg?w=1114&amp;ssl=1 1114w, https:\/\/i0.wp.com\/lilleogsnille.com\/wp-content\/uploads\/2025\/05\/FramesbyFelicia-9090-cropped.jpeg?resize=300%2C259&amp;ssl=1 300w, https:\/\/i0.wp.com\/lilleogsnille.com\/wp-content\/uploads\/2025\/05\/FramesbyFelicia-9090-cropped.jpeg?resize=1024%2C882&amp;ssl=1 1024w, https:\/\/i0.wp.com\/lilleogsnille.com\/wp-content\/uploads\/2025\/05\/FramesbyFelicia-9090-cropped.jpeg?resize=768%2C662&amp;ssl=1 768w, https:\/\/i0.wp.com\/lilleogsnille.com\/wp-content\/uploads\/2025\/05\/FramesbyFelicia-9090-cropped.jpeg?resize=416%2C358&amp;ssl=1 416w\" sizes=\"(max-width: 980px) 100vw, 980px\" \/><span aria-hidden=\"true\" class=\"wp-block-cover__background has-background-dim-0 has-background-dim\" style=\"background-color:#806a58\"><\/span><div class=\"wp-block-cover__inner-container is-layout-flow wp-block-cover-is-layout-flow\">\n<p class=\"has-text-align-center has-times-new-roman-font-family has-large-font-size has-custom-font wp-block-paragraph\" style=\"font-family:Times New Roman\">Kl\u00e6r til dame<\/p>\n\n\n\n<div class=\"wp-block-buttons is-content-justification-center is-layout-flex wp-container-core-buttons-is-layout-3e41869c wp-block-buttons-is-layout-flex\">\n<div class=\"wp-block-button has-custom-width wp-block-button__width-50 is-style-fill has-custom-font\" style=\"font-family:Georgia\"><a class=\"wp-block-button__link has-white-color has-text-color has-georgia-font-family has-text-align-center wp-element-button\" href=\"https:\/\/lilleogsnille.com\/no\/produkt-kategorie\/til-mamma\/\">Kj\u00f8p her<\/a><\/div>\n<\/div>\n<\/div><\/div>\n\n<div style=\"height:25px\" aria-hidden=\"true\" class=\"wp-block-spacer\"><\/div>\n\n<hr class=\"wp-block-separator has-alpha-channel-opacity\"\/>\n\n<div style=\"height:0px\" aria-hidden=\"true\" class=\"wp-block-spacer\"><\/div>\n\n<div class=\"wp-block-cover aligncenter has-custom-content-position is-position-bottom-center\" style=\"min-height:528px;aspect-ratio:unset;\"><img data-recalc-dims=\"1\" decoding=\"async\" width=\"980\" height=\"958\" class=\"wp-block-cover__image-background wp-image-94118\" alt=\"\" src=\"https:\/\/i0.wp.com\/lilleogsnille.com\/wp-content\/uploads\/2022\/04\/crop-0-0-1367-1336-0-DED6C501-F6C8-445D-A1C1-CD2AEC0BDBFC-scaled-e1652638377833.jpeg?resize=980%2C958&#038;ssl=1\" style=\"object-position:50% 55%\" data-object-fit=\"cover\" data-object-position=\"50% 55%\" srcset=\"https:\/\/i0.wp.com\/lilleogsnille.com\/wp-content\/uploads\/2022\/04\/crop-0-0-1367-1336-0-DED6C501-F6C8-445D-A1C1-CD2AEC0BDBFC-scaled-e1652638377833.jpeg?w=1367&amp;ssl=1 1367w, https:\/\/i0.wp.com\/lilleogsnille.com\/wp-content\/uploads\/2022\/04\/crop-0-0-1367-1336-0-DED6C501-F6C8-445D-A1C1-CD2AEC0BDBFC-scaled-e1652638377833.jpeg?resize=300%2C293&amp;ssl=1 300w, https:\/\/i0.wp.com\/lilleogsnille.com\/wp-content\/uploads\/2022\/04\/crop-0-0-1367-1336-0-DED6C501-F6C8-445D-A1C1-CD2AEC0BDBFC-scaled-e1652638377833.jpeg?resize=1024%2C1001&amp;ssl=1 1024w, https:\/\/i0.wp.com\/lilleogsnille.com\/wp-content\/uploads\/2022\/04\/crop-0-0-1367-1336-0-DED6C501-F6C8-445D-A1C1-CD2AEC0BDBFC-scaled-e1652638377833.jpeg?resize=768%2C751&amp;ssl=1 768w, https:\/\/i0.wp.com\/lilleogsnille.com\/wp-content\/uploads\/2022\/04\/crop-0-0-1367-1336-0-DED6C501-F6C8-445D-A1C1-CD2AEC0BDBFC-scaled-e1652638377833.jpeg?resize=1200%2C1173&amp;ssl=1 1200w, https:\/\/i0.wp.com\/lilleogsnille.com\/wp-content\/uploads\/2022\/04\/crop-0-0-1367-1336-0-DED6C501-F6C8-445D-A1C1-CD2AEC0BDBFC-scaled-e1652638377833.jpeg?resize=416%2C407&amp;ssl=1 416w\" sizes=\"(max-width: 980px) 100vw, 980px\" \/><span aria-hidden=\"true\" class=\"wp-block-cover__background has-background-dim-0 has-background-dim\"><\/span><div class=\"wp-block-cover__inner-container is-layout-flow wp-block-cover-is-layout-flow\">\n<p class=\"wp-block-paragraph\"><\/p>\n\n\n\n<p class=\"has-text-align-center has-white-color has-text-color has-georgia-font-family has-medium-font-size has-custom-font has-custom-weight wp-block-paragraph\" style=\"font-family:Georgia;font-weight:normal;font-size:50px\">Tidl\u00f8se linkl\u00e6r<\/p>\n\n\n\n<div class=\"wp-block-buttons is-vertical is-content-justification-center is-layout-flex wp-container-core-buttons-is-layout-6687dcf9 wp-block-buttons-is-layout-flex\">\n<div class=\"wp-block-button has-custom-width wp-block-button__width-50 aligncenter is-style-fill has-custom-font\" style=\"font-family:Georgia\"><a class=\"wp-block-button__link has-white-color has-text-color has-georgia-font-family wp-element-button\" href=\"https:\/\/lilleogsnille.com\/no\/produkt-kategorie\/linklaer\/\">Kj\u00f8p her<\/a><\/div>\n<\/div>\n<\/div><\/div>\n\n<div style=\"height:25px\" aria-hidden=\"true\" class=\"wp-block-spacer\"><\/div>\n\n<h2 class=\"wp-block-heading\"><\/h2>\n","protected":false},"excerpt":{"rendered":"<p>Naturlige kl\u00e6r for baby, barn og dame Designet &amp; h\u00e5ndlaget i Oslo, Norge<\/p>\n","protected":false},"author":71940367,"featured_media":0,"parent":0,"menu_order":0,"comment_status":"closed","ping_status":"closed","template":"","meta":{"_coblocks_attr":"Asap,","_coblocks_dimensions":"","_coblocks_responsive_height":"","_coblocks_accordion_ie_support":"","_crdt_document":"","advanced_seo_description":"H\u00e5ndlagde kl\u00e6r i ull og lin.","jetpack_seo_html_title":"","jetpack_seo_noindex":false,"footnotes":""},"class_list":["post-34691","page","type-page","status-publish","hentry"],"jetpack_likes_enabled":true,"jetpack_sharing_enabled":false,"jetpack_shortlink":"https:\/\/wp.me\/P55XiP-91x","_links":{"self":[{"href":"https:\/\/lilleogsnille.com\/no\/wp-json\/wp\/v2\/pages\/34691","targetHints":{"allow":["GET"]}}],"collection":[{"href":"https:\/\/lilleogsnille.com\/no\/wp-json\/wp\/v2\/pages"}],"about":[{"href":"https:\/\/lilleogsnille.com\/no\/wp-json\/wp\/v2\/types\/page"}],"author":[{"embeddable":true,"href":"https:\/\/lilleogsnille.com\/no\/wp-json\/wp\/v2\/users\/71940367"}],"replies":[{"embeddable":true,"href":"https:\/\/lilleogsnille.com\/no\/wp-json\/wp\/v2\/comments?post=34691"}],"version-history":[{"count":100,"href":"https:\/\/lilleogsnille.com\/no\/wp-json\/wp\/v2\/pages\/34691\/revisions"}],"predecessor-version":[{"id":111499,"href":"https:\/\/lilleogsnille.com\/no\/wp-json\/wp\/v2\/pages\/34691\/revisions\/111499"}],"wp:attachment":[{"href":"https:\/\/lilleogsnille.com\/no\/wp-json\/wp\/v2\/media?parent=34691"}],"curies":[{"name":"wp","href":"https:\/\/api.w.org\/{rel}","templated":true}]}}