{"id":105965,"date":"2024-04-10T14:20:21","date_gmt":"2024-04-10T12:20:21","guid":{"rendered":"https:\/\/lilleogsnille.com\/storrelsesguide\/"},"modified":"2025-05-21T11:48:47","modified_gmt":"2025-05-21T09:48:47","slug":"size-guide","status":"publish","type":"page","link":"https:\/\/lilleogsnille.com\/no\/size-guide\/","title":{"rendered":"St\u00f8rrelsesguide"},"content":{"rendered":"\n<p class=\"has-text-align-center has-abril-fatface-font-family has-custom-font wp-block-paragraph\" style=\"font-family:Abril Fatface;font-size:29px\"><strong>Baby &amp; Barnekl\u00e6r<\/strong> <\/p>\n\n<p class=\"has-text-align-center wp-block-paragraph\" style=\"font-size:21px\">(for Dame st\u00f8rrelser, se nede)<\/p>\n\n<p class=\"wp-block-paragraph\" id=\"tw-target-text\"><span style=\"font-size: revert; font-family: -apple-system, BlinkMacSystemFont, \" segoe=\"\" ui=\"\" roboto=\"\" oxygen-sans=\"\" ubuntu=\"\" cantarell=\"\" neue=\"\" sans-serif=\"\">St\u00f8rrelser p\u00e5 barnekl\u00e6r er basert p\u00e5 barnets h\u00f8yde i cm (EU Size). Tabellen viser derfor gjennomsnittslengden for alderen. Kl\u00e6rne fra Lille &amp; Snille er vanligvis romslig i st\u00f8rrelse og designet for \u00e5 vokse med barnet 1-2 st\u00f8rrelser. Hvis barnet ditt f.ex. er 68 cm h\u00f8yde, en st\u00f8rrelse 68\/74 cm er perfekt. Kl\u00e6rne skal minst passe en st\u00f8rrelse til, i dette tilfellet til st\u00f8rrelse 74\/80 cm.<\/span> Barn kan v\u00e6re store eller sm\u00e5 for alderen deres, s\u00e5 velg en st\u00f8rrelse i henhold til lengden p\u00e5 barnet ditt.<\/p>\n\n<p class=\"wp-block-paragraph\" id=\"tw-target-text\">Er du usikker p\u00e5 hvilken st\u00f8rrelse du b\u00f8r velge, ta gjerne kontakt med meg p\u00e5 forh\u00e5nd. \ud83d\ude42 Siden hvert stykke lages p\u00e5 bestilling, er du velkommen til \u00e5 sende meg m\u00e5lene til barnet ditt (h\u00f8yde i cm og mageomkrets). S\u00e5 jeg kan gi deg r\u00e5d om hvilken st\u00f8rrelse du b\u00f8r velge eller til og med tilpasse kl\u00e6rne til barnet ditt.<\/p>\n<div class=\"wp-block-image\">\n<figure class=\"aligncenter size-large\"><a href=\"https:\/\/i0.wp.com\/lilleogsnille.com\/wp-content\/uploads\/2024\/02\/size-conversion-chart-scaled.jpg?ssl=1\"><img data-recalc-dims=\"1\" decoding=\"async\" width=\"980\" height=\"949\" src=\"https:\/\/i0.wp.com\/lilleogsnille.com\/wp-content\/uploads\/2024\/02\/size-conversion-chart.jpg?resize=980%2C949&#038;ssl=1\" alt=\"\" class=\"wp-image-108724\" srcset=\"https:\/\/i0.wp.com\/lilleogsnille.com\/wp-content\/uploads\/2024\/02\/size-conversion-chart-scaled.jpg?resize=1024%2C992&amp;ssl=1 1024w, https:\/\/i0.wp.com\/lilleogsnille.com\/wp-content\/uploads\/2024\/02\/size-conversion-chart-scaled.jpg?resize=300%2C291&amp;ssl=1 300w, https:\/\/i0.wp.com\/lilleogsnille.com\/wp-content\/uploads\/2024\/02\/size-conversion-chart-scaled.jpg?resize=768%2C744&amp;ssl=1 768w, https:\/\/i0.wp.com\/lilleogsnille.com\/wp-content\/uploads\/2024\/02\/size-conversion-chart-scaled.jpg?resize=1536%2C1489&amp;ssl=1 1536w, https:\/\/i0.wp.com\/lilleogsnille.com\/wp-content\/uploads\/2024\/02\/size-conversion-chart-scaled.jpg?w=2048&amp;ssl=1 2048w, https:\/\/i0.wp.com\/lilleogsnille.com\/wp-content\/uploads\/2024\/02\/size-conversion-chart-scaled.jpg?resize=416%2C403&amp;ssl=1 416w, https:\/\/i0.wp.com\/lilleogsnille.com\/wp-content\/uploads\/2024\/02\/size-conversion-chart-scaled.jpg?w=1960&amp;ssl=1 1960w\" sizes=\"(max-width: 980px) 100vw, 980px\" \/><\/a><\/figure>\n<\/div>\n<div class=\"wp-block-group\"><div class=\"wp-block-group__inner-container is-layout-constrained wp-block-group-is-layout-constrained\">\n<div class=\"wp-block-columns is-layout-flex wp-container-core-columns-is-layout-7387b849 wp-block-columns-is-layout-flex\">\n<div class=\"wp-block-column is-layout-flow wp-block-column-is-layout-flow\" style=\"flex-basis:100%\"><\/div>\n<\/div>\n\n\n<div class=\"wp-block-image\">\n<figure class=\"aligncenter size-large is-resized\"><a href=\"https:\/\/i0.wp.com\/lilleogsnille.com\/wp-content\/uploads\/2024\/02\/size-chart-wool-hat-scaled.jpg?ssl=1\"><img data-recalc-dims=\"1\" decoding=\"async\" width=\"980\" height=\"785\" src=\"https:\/\/i0.wp.com\/lilleogsnille.com\/wp-content\/uploads\/2024\/02\/size-chart-wool-hat.jpg?resize=980%2C785&#038;ssl=1\" alt=\"\" class=\"wp-image-108723\" style=\"aspect-ratio:1.2487842397776896;width:744px;height:auto\" srcset=\"https:\/\/i0.wp.com\/lilleogsnille.com\/wp-content\/uploads\/2024\/02\/size-chart-wool-hat-scaled.jpg?resize=1024%2C820&amp;ssl=1 1024w, https:\/\/i0.wp.com\/lilleogsnille.com\/wp-content\/uploads\/2024\/02\/size-chart-wool-hat-scaled.jpg?resize=300%2C240&amp;ssl=1 300w, https:\/\/i0.wp.com\/lilleogsnille.com\/wp-content\/uploads\/2024\/02\/size-chart-wool-hat-scaled.jpg?resize=768%2C615&amp;ssl=1 768w, https:\/\/i0.wp.com\/lilleogsnille.com\/wp-content\/uploads\/2024\/02\/size-chart-wool-hat-scaled.jpg?resize=1536%2C1229&amp;ssl=1 1536w, https:\/\/i0.wp.com\/lilleogsnille.com\/wp-content\/uploads\/2024\/02\/size-chart-wool-hat-scaled.jpg?w=2048&amp;ssl=1 2048w, https:\/\/i0.wp.com\/lilleogsnille.com\/wp-content\/uploads\/2024\/02\/size-chart-wool-hat-scaled.jpg?resize=416%2C333&amp;ssl=1 416w, https:\/\/i0.wp.com\/lilleogsnille.com\/wp-content\/uploads\/2024\/02\/size-chart-wool-hat-scaled.jpg?w=1960&amp;ssl=1 1960w\" sizes=\"(max-width: 980px) 100vw, 980px\" \/><\/a><\/figure>\n<\/div><\/div><\/div>\n<div class=\"wp-block-image\">\n<figure class=\"aligncenter size-large\"><a href=\"https:\/\/i0.wp.com\/lilleogsnille.com\/wp-content\/uploads\/2024\/02\/size-chart-shoe-scaled.jpg?ssl=1\"><img data-recalc-dims=\"1\" decoding=\"async\" width=\"980\" height=\"867\" src=\"https:\/\/i0.wp.com\/lilleogsnille.com\/wp-content\/uploads\/2024\/02\/size-chart-shoe.jpg?resize=980%2C867&#038;ssl=1\" alt=\"\" class=\"wp-image-108722\" srcset=\"https:\/\/i0.wp.com\/lilleogsnille.com\/wp-content\/uploads\/2024\/02\/size-chart-shoe-scaled.jpg?resize=1024%2C906&amp;ssl=1 1024w, https:\/\/i0.wp.com\/lilleogsnille.com\/wp-content\/uploads\/2024\/02\/size-chart-shoe-scaled.jpg?resize=300%2C265&amp;ssl=1 300w, https:\/\/i0.wp.com\/lilleogsnille.com\/wp-content\/uploads\/2024\/02\/size-chart-shoe-scaled.jpg?resize=768%2C680&amp;ssl=1 768w, https:\/\/i0.wp.com\/lilleogsnille.com\/wp-content\/uploads\/2024\/02\/size-chart-shoe-scaled.jpg?resize=1536%2C1359&amp;ssl=1 1536w, https:\/\/i0.wp.com\/lilleogsnille.com\/wp-content\/uploads\/2024\/02\/size-chart-shoe-scaled.jpg?w=2048&amp;ssl=1 2048w, https:\/\/i0.wp.com\/lilleogsnille.com\/wp-content\/uploads\/2024\/02\/size-chart-shoe-scaled.jpg?resize=416%2C368&amp;ssl=1 416w, https:\/\/i0.wp.com\/lilleogsnille.com\/wp-content\/uploads\/2024\/02\/size-chart-shoe-scaled.jpg?w=1960&amp;ssl=1 1960w\" sizes=\"(max-width: 980px) 100vw, 980px\" \/><\/a><\/figure>\n<\/div>\n<p class=\"has-text-align-center has-abril-fatface-font-family has-custom-font wp-block-paragraph\" style=\"font-family:Abril Fatface;font-size:35px\"><strong>Women&#8217;s Size Charts EU &amp; US <\/strong><\/p>\n<div class=\"wp-block-image\">\n<figure class=\"aligncenter size-large\"><a href=\"https:\/\/i0.wp.com\/lilleogsnille.com\/wp-content\/uploads\/2025\/05\/Size-chart-women-EU-new-groesser-1024x702.jpeg?ssl=1\"><img data-recalc-dims=\"1\" decoding=\"async\" width=\"980\" height=\"672\" src=\"https:\/\/i0.wp.com\/lilleogsnille.com\/wp-content\/uploads\/2025\/05\/Size-chart-women-EU-new-groesser.jpeg?resize=980%2C672&#038;ssl=1\" alt=\"\" class=\"wp-image-111266\" srcset=\"https:\/\/i0.wp.com\/lilleogsnille.com\/wp-content\/uploads\/2025\/05\/Size-chart-women-EU-new-groesser.jpeg?resize=1024%2C702&amp;ssl=1 1024w, https:\/\/i0.wp.com\/lilleogsnille.com\/wp-content\/uploads\/2025\/05\/Size-chart-women-EU-new-groesser.jpeg?resize=300%2C206&amp;ssl=1 300w, https:\/\/i0.wp.com\/lilleogsnille.com\/wp-content\/uploads\/2025\/05\/Size-chart-women-EU-new-groesser.jpeg?resize=768%2C527&amp;ssl=1 768w, https:\/\/i0.wp.com\/lilleogsnille.com\/wp-content\/uploads\/2025\/05\/Size-chart-women-EU-new-groesser.jpeg?resize=416%2C285&amp;ssl=1 416w, https:\/\/i0.wp.com\/lilleogsnille.com\/wp-content\/uploads\/2025\/05\/Size-chart-women-EU-new-groesser.jpeg?w=1280&amp;ssl=1 1280w\" sizes=\"(max-width: 980px) 100vw, 980px\" \/><\/a><\/figure>\n<\/div><div class=\"wp-block-image\">\n<figure class=\"aligncenter size-large\"><a href=\"https:\/\/i0.wp.com\/lilleogsnille.com\/wp-content\/uploads\/2025\/05\/Size-chart-women-US-newgroesser-1024x700.jpeg?ssl=1\"><img data-recalc-dims=\"1\" decoding=\"async\" width=\"980\" height=\"670\" src=\"https:\/\/i0.wp.com\/lilleogsnille.com\/wp-content\/uploads\/2025\/05\/Size-chart-women-US-newgroesser.jpeg?resize=980%2C670&#038;ssl=1\" alt=\"\" class=\"wp-image-111256\" srcset=\"https:\/\/i0.wp.com\/lilleogsnille.com\/wp-content\/uploads\/2025\/05\/Size-chart-women-US-newgroesser.jpeg?resize=1024%2C700&amp;ssl=1 1024w, https:\/\/i0.wp.com\/lilleogsnille.com\/wp-content\/uploads\/2025\/05\/Size-chart-women-US-newgroesser.jpeg?resize=300%2C205&amp;ssl=1 300w, https:\/\/i0.wp.com\/lilleogsnille.com\/wp-content\/uploads\/2025\/05\/Size-chart-women-US-newgroesser.jpeg?resize=768%2C525&amp;ssl=1 768w, https:\/\/i0.wp.com\/lilleogsnille.com\/wp-content\/uploads\/2025\/05\/Size-chart-women-US-newgroesser.jpeg?resize=416%2C284&amp;ssl=1 416w, https:\/\/i0.wp.com\/lilleogsnille.com\/wp-content\/uploads\/2025\/05\/Size-chart-women-US-newgroesser.jpeg?w=1280&amp;ssl=1 1280w\" sizes=\"(max-width: 980px) 100vw, 980px\" \/><\/a><\/figure>\n<\/div>","protected":false},"excerpt":{"rendered":"<p>Baby &amp; Barnekl\u00e6r (for Dame st\u00f8rrelser, se nede) St\u00f8rrelser p\u00e5 barnekl\u00e6r er basert p\u00e5 barnets h\u00f8yde i cm (EU Size). Tabellen viser derfor gjennomsnittslengden for alderen. Kl\u00e6rne fra Lille &amp; Snille er vanligvis romslig i st\u00f8rrelse og designet for \u00e5 vokse med barnet 1-2 st\u00f8rrelser. Hvis barnet ditt f.ex. er 68 cm h\u00f8yde, en st\u00f8rrelse [&hellip;]<\/p>\n","protected":false},"author":71940367,"featured_media":0,"parent":0,"menu_order":0,"comment_status":"closed","ping_status":"closed","template":"","meta":{"_coblocks_attr":"","_coblocks_dimensions":"","_coblocks_responsive_height":"","_coblocks_accordion_ie_support":"","_crdt_document":"","advanced_seo_description":"","jetpack_seo_html_title":"","jetpack_seo_noindex":false,"jetpack_post_was_ever_published":false,"footnotes":""},"class_list":["post-105965","page","type-page","status-publish","hentry"],"jetpack_likes_enabled":false,"jetpack_sharing_enabled":true,"jetpack_shortlink":"https:\/\/wp.me\/P55XiP-rz7","_links":{"self":[{"href":"https:\/\/lilleogsnille.com\/no\/wp-json\/wp\/v2\/pages\/105965","targetHints":{"allow":["GET"]}}],"collection":[{"href":"https:\/\/lilleogsnille.com\/no\/wp-json\/wp\/v2\/pages"}],"about":[{"href":"https:\/\/lilleogsnille.com\/no\/wp-json\/wp\/v2\/types\/page"}],"author":[{"embeddable":true,"href":"https:\/\/lilleogsnille.com\/no\/wp-json\/wp\/v2\/users\/71940367"}],"replies":[{"embeddable":true,"href":"https:\/\/lilleogsnille.com\/no\/wp-json\/wp\/v2\/comments?post=105965"}],"version-history":[{"count":13,"href":"https:\/\/lilleogsnille.com\/no\/wp-json\/wp\/v2\/pages\/105965\/revisions"}],"predecessor-version":[{"id":111319,"href":"https:\/\/lilleogsnille.com\/no\/wp-json\/wp\/v2\/pages\/105965\/revisions\/111319"}],"wp:attachment":[{"href":"https:\/\/lilleogsnille.com\/no\/wp-json\/wp\/v2\/media?parent=105965"}],"curies":[{"name":"wp","href":"https:\/\/api.w.org\/{rel}","templated":true}]}}